{"id":70751,"date":"2026-05-12T09:02:24","date_gmt":"2026-05-12T09:02:24","guid":{"rendered":"https:\/\/vozolvapen.de\/?post_type=product&#038;p=70751"},"modified":"2026-05-13T07:57:11","modified_gmt":"2026-05-13T07:57:11","slug":"bnag-leader-450k-pod-12-love66-red-mojito-strawberry-mango","status":"publish","type":"product","link":"https:\/\/vozolvapen.de\/pl\/product\/bnag-leader-450k-pod-12-love66-red-mojito-strawberry-mango\/","title":{"rendered":"Bnag Leader 450k - Pod 12: LOVE66 &amp; Red Mojito 15-in-1 Hub"},"content":{"rendered":"<p>The <strong>Lider Bnag 450 tys.<\/strong> (Bnag Leader 450000) reprezentuje ostateczn\u0105 ewolucj\u0119 w <strong>Optymalizacja vape jednorazowego u\u017cytku<\/strong>. <strong>Pod 12<\/strong> to wyrafinowana \u201cLounge Collection\u201d, stworzona specjalnie dla waper\u00f3w, kt\u00f3rzy lubi\u0105 aromatyczne nuty inspirowane shish\u0105 i z\u0142o\u017cone profile koktajli. Jako flagowy produkt <strong>450k vape<\/strong>, Jest on wyposa\u017cony w nasz opatentowany mechaniczny <strong>Smak 15 w 1<\/strong> prze\u0142\u0105cznik hybrydowy, wspierany przez <strong>Optymalizacja adres\u00f3w URL i architektury witryny<\/strong> dla bezb\u0142\u0119dnego do\u015bwiadczenia u\u017cytkownika przez 450 000 zaci\u0105gni\u0119\u0107.<\/p>\n\n\n\n<h2 class=\"wp-block-heading\" id=\"h-technical-parameters-amp-performance\"><strong>Parametry techniczne i wydajno\u015b\u0107:<\/strong><\/h2>\n\n\n\n<ul class=\"wp-block-list\">\n<li><strong>Pojemno\u015b\u0107 dmuchawy:<\/strong> Do 450 000 zaci\u0105gni\u0119\u0107 (niezr\u00f3wnana trwa\u0142o\u015b\u0107)<\/li>\n\n\n\n<li><strong>Flavor Logic:<\/strong> Mechaniczny system hybrydowy 15 w 1<\/li>\n\n\n\n<li><strong>Sprz\u0119t:<\/strong> Zaawansowana cewka siatkowa 1,2\u03a9 | Bateria kobaltowa 850 mAh<\/li>\n\n\n\n<li><strong>\u0141adowanie:<\/strong> Szybki interfejs \u0142adowania typu C<\/li>\n\n\n\n<li><strong>Precyzja nikotyny:<\/strong> 0% | 2% | 3% | 5% S\u00f3l Si\u0142a nikotyny<\/li>\n<\/ul>\n\n\n\n<h2 class=\"wp-block-heading\">Pok\u0142ad aromat\u00f3w 15 w 1 \u201cAromatic Lounge\u201d (kapsu\u0142a 12)<\/h2>\n\n\n\n<p>Po co zadowala\u0107 si\u0119 jednym smakiem, skoro mo\u017cna mie\u0107 pe\u0142ne do\u015bwiadczenie w hookah lounge? <strong>Pod 12<\/strong> zawiera cztery wysokiej jako\u015bci p\u0142yny bazowe. U\u017cyj prze\u0142\u0105cznika hybrydowego, aby cieszy\u0107 si\u0119 nimi w czystej postaci lub stworzy\u0107 11 unikalnych kombinacji \u201cExotic-Cocktail\u201d.<\/p>\n\n\n\n<h3 class=\"wp-block-heading\"><strong>4 podstawowe sk\u0142adniki witalno\u015bci:<\/strong><\/h3>\n\n\n\n<ol start=\"1\" class=\"wp-block-list\">\n<li><strong>Truskawka Mango:<\/strong> Jedwabisty, sk\u0105pany w s\u0142o\u0144cu tropikalny nektar, kt\u00f3ry zapewnia g\u0142adk\u0105, s\u0142odk\u0105 podstaw\u0119.<\/li>\n\n\n\n<li><strong>Arbuzowa guma balonowa:<\/strong> Nostalgiczny, cukierkowy profil z orze\u017awiaj\u0105c\u0105 nut\u0105 melona.<\/li>\n\n\n\n<li><strong>Czerwone Mojito:<\/strong> Wyrafinowane po\u0142\u0105czenie cierpkiej limonki, \u015bwie\u017cej mi\u0119ty i czerwonych jag\u00f3d.<\/li>\n\n\n\n<li><strong>LOVE66:<\/strong> Legendarne arcydzie\u0142o shishy - z\u0142o\u017cona mieszanka melona spadziowego, arbuza, marakui i odrobiny mi\u0119ty.<\/li>\n<\/ol>\n\n\n\n<h3 class=\"wp-block-heading\"><strong>Charakterystyczne mieszanki hybrydowe:<\/strong><\/h3>\n\n\n\n<ul class=\"wp-block-list\">\n<li><strong>Koktajl Shisha (mieszanka 3+4):<\/strong> LOVE66 \u0142\u0105czy si\u0119 z Red Mojito, tworz\u0105c aromatyczn\u0105, mi\u0119tow\u0105 eksplozj\u0119 owoc\u00f3w.<\/li>\n\n\n\n<li><strong>Tropical Candy Fusion (Mix 1+2):<\/strong> Truskawkowe mango z dodatkiem arbuzowej gumy balonowej zapewnia g\u0119st\u0105, s\u0142odk\u0105 par\u0119.<\/li>\n\n\n\n<li><strong>Letnie Mojito (Mix 1+3):<\/strong> Jedwabiste truskawkowe mango zr\u00f3wnowa\u017cone pikantnymi, zio\u0142owymi nutami Red Mojito.<\/li>\n\n\n\n<li><strong>The Ultimate Lounge Mix (Mix 1+2+3+4):<\/strong> Wszystkie cztery komory otwieraj\u0105 si\u0119 na z\u0142o\u017con\u0105, aromatyczn\u0105 symfoni\u0119 owoc\u00f3w i zi\u00f3\u0142 15 w 1.<\/li>\n<\/ul>\n\n\n\n<h2 class=\"wp-block-heading\">Focus sensoryczny: Nasycenie smakiem nowej generacji<\/h2>\n\n\n\n<p>Korzystanie z <strong>Wyszukiwanie s\u0142\u00f3w kluczowych dla vapes<\/strong> aby ukierunkowa\u0107 si\u0119 na konkretne odczucia u\u017cytkownika, skupiamy si\u0119 na <strong>Bnag Leader 450000<\/strong>\u2019wydajno\u015b\u0107 siatki 1,2\u03a9 i <strong>Optymalizacja struktury tre\u015bci<\/strong>.<\/p>\n\n\n\n<ul class=\"wp-block-list\">\n<li><strong>Wdech:<\/strong> Uderza kultowym kwiatowo-melonowym aromatem LOVE66, po kt\u00f3rym nast\u0119puje ostry, musuj\u0105cy \u201cmus\u201d Red Mojito.<\/li>\n\n\n\n<li><strong>Sekcja \u015brodkowa:<\/strong> Gumy Strawberry Mango i Watermelon Bubble Gum zapewniaj\u0105 \u201c\u017cuj\u0105cy\u201d, g\u0119sty smak w ustach, kt\u00f3ry na\u015bladuje g\u0119sto\u015b\u0107 tradycyjnego dymu z fajki wodnej.<\/li>\n\n\n\n<li><strong>Posmak:<\/strong> Czysty, ch\u0142odny i zio\u0142owy. Mi\u0119towe nuty Mojito i LOVE66 pozostawiaj\u0105 orze\u017awiaj\u0105cy \u015blad, kt\u00f3ry utrzymuje si\u0119 na sk\u00f3rze. <strong>450 000 puff<\/strong> podr\u00f3\u017c lekka i wyrafinowana.<\/li>\n<\/ul>\n\n\n\n<h2 class=\"wp-block-heading\">Najcz\u0119\u015bciej zadawane pytania i optymalizacja Rich Snippet<\/h2>\n\n\n\n<p><strong>P: Czy \u201cLOVE66\u201d w Bnag Leader 450k to ten sam smak co shisha?<\/strong> <\/p>\n\n\n\n<p><strong>A:<\/strong> Tak. Skrupulatnie odwzorowali\u015bmy kultowy model <strong>LOVE66<\/strong> profil (melon, marakuja, mi\u0119ta), aby zapewni\u0107 najwy\u017cszej jako\u015bci doznania w stylu shishy. <strong>Smaki 15 w 1<\/strong> format jednorazowy.<\/p>\n\n\n\n<p><strong>P: Jak dzia\u0142a prze\u0142\u0105cznik hybrydowy do mieszania smak\u00f3w koktajli?<\/strong> <\/p>\n\n\n\n<p><strong>A:<\/strong> The <strong>Lider Bnag 450 tys.<\/strong> wykorzystuje mechaniczny prze\u0142\u0105cznik. Mo\u017cesz jednocze\u015bnie w\u0142\u0105czy\u0107 prze\u0142\u0105czniki \u201cRed Mojito\u201d i \u201cStrawberry Mango\u201d, aby stworzy\u0107 niestandardow\u0105 hybryd\u0119 Strawberry Mojito.<\/p>\n\n\n\n<p><strong>P: Czy Pod 12 jest dost\u0119pny w sprzeda\u017cy hurtowej B2B?<\/strong> <\/p>\n\n\n\n<p><strong>A:<\/strong> Tak. Oferujemy specjalistyczne <strong>Pozycjonowanie stron z e-papierosami<\/strong> wsparcie i opakowanie hurtowe (10 sztuk) dla globalnych dystrybutor\u00f3w poszukuj\u0105cych wysokiej jako\u015bci, wysokoprocentowych produkt\u00f3w.<\/p>\n\n\n\n<h2 class=\"wp-block-heading\">Poznaj wi\u0119cej do\u015bwiadcze\u0144 sensorycznych 15 w 1<\/h2>\n\n\n\n<p>Je\u015bli podoba\u0142a Ci si\u0119 z\u0142o\u017cona technologia hybrydowa <strong>Bnag Leader 450000<\/strong>, Odkryj te wyselekcjonowane alternatywy zaprojektowane, aby przesuwa\u0107 granice <strong>450k vape<\/strong> rewolucja.<\/p>\n\n\n\n<p>1.<a href=\"https:\/\/vozolvapen.de\/pl\/product\/bnag-leader-450k-pod-1-watermelon-cherry-mango\/\">Stacja Tropical Red &amp; Mango<\/a><br>2.<a href=\"https:\/\/vozolvapen.de\/pl\/product\/bnag-leader-450k-pod-2-cola-ice-energy-drink\/\">Soda i Energy Spark<\/a><br>3.<a href=\"https:\/\/vozolvapen.de\/pl\/product\/bnag-leader-450k-pod-3-watermelon-ice-red-bull\/\">Icy Revitalizer<\/a><br>4.<a href=\"https:\/\/vozolvapen.de\/pl\/product\/bnag-leader-450k-pod-4-pineapple-coconut-mango-peach\/\">Exotic Island Cream<\/a><br>5.<a href=\"https:\/\/vozolvapen.de\/pl\/product\/bnag-leader-450k-pod-5-energy-drink-blueberry-watermelon-gummy-bear\/\">Sour Candy Energy<\/a><br>6.<a href=\"https:\/\/vozolvapen.de\/pl\/product\/bnag-leader-450k-pod-6-strawberry-watermelon-kiwi-guava\/\">Antologia Letni sad<\/a><br>7.<a href=\"https:\/\/vozolvapen.de\/pl\/product\/bnag-leader-450k-pod-7-fuji-apple-ice-blueberry-mint-lime-romance\/\">Fuji Romance &amp; Mint<\/a><br>8.<a href=\"https:\/\/vozolvapen.de\/pl\/product\/bnag-leader-450k-pod-8-peach-ice-blueberry-ice-rainbow-candy-lemon-sour-orange\/\">Rainbow Candy Zest<\/a><br>9.<a href=\"https:\/\/vozolvapen.de\/pl\/product\/bnag-leader-450k-pod-9-blueberry-ice-peach-mango-watermelon-passion-kiss-melon-apple\/\">Passion Melon Kiss<\/a><br>10.<a href=\"https:\/\/vozolvapen.de\/pl\/product\/bnag-leader-450k-pod-10-watermelon-ice-blueberry-cherry-sour-mango-pineapple\/\">Letni kwa\u015bny ananas<\/a><br>11.<a href=\"https:\/\/vozolvapen.de\/pl\/product\/bnag-leader-450k-pod-11-california-cherry-passion-fruit-mango-berry-mix\/\">Kalifornijskie zbiory jag\u00f3d<\/a><\/p>\n\n\n\n<p><\/p>","protected":false},"excerpt":{"rendered":"<p data-path-to-node=\"14\">Najlepsze do\u015bwiadczenie w stylu lounge. Po\u0142\u0105czenie legendarnej shishy LOVE66 z orze\u017awiaj\u0105cym Red Mojito i Strawberry Mango. To <b data-path-to-node=\"14\" data-index-in-node=\"167\">Hybryda 15 w 1<\/b> przenosi aromatyczne wibracje fajki wodnej do zaawansowanego technologicznie <b data-path-to-node=\"14\" data-index-in-node=\"226\">450 000 puff<\/b> format jednorazowy.<\/p>","protected":false},"featured_media":70820,"comment_status":"open","ping_status":"closed","template":"","meta":{"_acf_changed":false},"product_brand":[],"product_cat":[171],"product_tag":[],"class_list":{"0":"post-70751","1":"product","2":"type-product","3":"status-publish","4":"has-post-thumbnail","6":"product_cat-puff-450k-bang-leader-450k-15-in-1","8":"first","9":"instock","10":"shipping-taxable","11":"purchasable","12":"product-type-variable"},"acf":[],"yoast_head":"<!-- This site is optimized with the Yoast SEO Premium plugin v26.1 (Yoast SEO v27.5) - https:\/\/yoast.com\/product\/yoast-seo-premium-wordpress\/ -->\n<title>Bnag Leader 450k Pod 12 | 450k Puffs LOVE66 &amp; Red Mojito Mix<\/title>\n<meta name=\"description\" content=\"Experience 450,000 puffs of Bnag Leader 450k Pod 12. Featuring LOVE66, Red Mojito, and Strawberry Mango in a revolutionary 15-in-1 hybrid vape system.\" \/>\n<meta name=\"robots\" content=\"index, follow, max-snippet:-1, max-image-preview:large, max-video-preview:-1\" \/>\n<link rel=\"canonical\" href=\"https:\/\/vozolvapen.de\/pl\/product\/bnag-leader-450k-pod-12-love66-red-mojito-strawberry-mango\/\" \/>\n<meta property=\"og:locale\" content=\"pl_PL\" \/>\n<meta property=\"og:type\" content=\"article\" \/>\n<meta property=\"og:title\" content=\"Bnag Leader 450k - Pod 12: LOVE66 &amp; Red Mojito 15-in-1 Hub\" \/>\n<meta property=\"og:description\" content=\"Experience 450,000 puffs of Bnag Leader 450k Pod 12. Featuring LOVE66, Red Mojito, and Strawberry Mango in a revolutionary 15-in-1 hybrid vape system.\" \/>\n<meta property=\"og:url\" content=\"https:\/\/vozolvapen.de\/pl\/product\/bnag-leader-450k-pod-12-love66-red-mojito-strawberry-mango\/\" \/>\n<meta property=\"og:site_name\" content=\"vozolvapen\" \/>\n<meta property=\"article:modified_time\" content=\"2026-05-13T07:57:11+00:00\" \/>\n<meta property=\"og:image\" content=\"https:\/\/vozolvapen.de\/wp-content\/uploads\/2026\/05\/450k-puffs-Bnag-Leader-450k-Love-Mojito-Lounge.webp\" \/>\n\t<meta property=\"og:image:width\" content=\"768\" \/>\n\t<meta property=\"og:image:height\" content=\"768\" \/>\n\t<meta property=\"og:image:type\" content=\"image\/webp\" \/>\n<meta name=\"twitter:card\" content=\"summary_large_image\" \/>\n<meta name=\"twitter:label1\" content=\"Szacowany czas czytania\" \/>\n\t<meta name=\"twitter:data1\" content=\"3 minuty\" \/>\n<script type=\"application\/ld+json\" class=\"yoast-schema-graph\">{\"@context\":\"https:\\\/\\\/schema.org\",\"@graph\":[{\"@type\":\"WebPage\",\"@id\":\"https:\\\/\\\/vozolvapen.de\\\/product\\\/bnag-leader-450k-pod-12-love66-red-mojito-strawberry-mango\\\/\",\"url\":\"https:\\\/\\\/vozolvapen.de\\\/product\\\/bnag-leader-450k-pod-12-love66-red-mojito-strawberry-mango\\\/\",\"name\":\"Bnag Leader 450k Pod 12 | 450k Puffs LOVE66 & Red Mojito Mix\",\"isPartOf\":{\"@id\":\"https:\\\/\\\/vozolvapen.de\\\/#website\"},\"primaryImageOfPage\":{\"@id\":\"https:\\\/\\\/vozolvapen.de\\\/product\\\/bnag-leader-450k-pod-12-love66-red-mojito-strawberry-mango\\\/#primaryimage\"},\"image\":{\"@id\":\"https:\\\/\\\/vozolvapen.de\\\/product\\\/bnag-leader-450k-pod-12-love66-red-mojito-strawberry-mango\\\/#primaryimage\"},\"thumbnailUrl\":\"https:\\\/\\\/vozolvapen.de\\\/wp-content\\\/uploads\\\/2026\\\/05\\\/450k-puffs-Bnag-Leader-450k-Love-Mojito-Lounge.webp\",\"datePublished\":\"2026-05-12T09:02:24+00:00\",\"dateModified\":\"2026-05-13T07:57:11+00:00\",\"description\":\"Experience 450,000 puffs of Bnag Leader 450k Pod 12. Featuring LOVE66, Red Mojito, and Strawberry Mango in a revolutionary 15-in-1 hybrid vape system.\",\"breadcrumb\":{\"@id\":\"https:\\\/\\\/vozolvapen.de\\\/product\\\/bnag-leader-450k-pod-12-love66-red-mojito-strawberry-mango\\\/#breadcrumb\"},\"inLanguage\":\"pl-PL\",\"potentialAction\":[{\"@type\":\"ReadAction\",\"target\":[\"https:\\\/\\\/vozolvapen.de\\\/product\\\/bnag-leader-450k-pod-12-love66-red-mojito-strawberry-mango\\\/\"]}]},{\"@type\":\"ImageObject\",\"inLanguage\":\"pl-PL\",\"@id\":\"https:\\\/\\\/vozolvapen.de\\\/product\\\/bnag-leader-450k-pod-12-love66-red-mojito-strawberry-mango\\\/#primaryimage\",\"url\":\"https:\\\/\\\/vozolvapen.de\\\/wp-content\\\/uploads\\\/2026\\\/05\\\/450k-puffs-Bnag-Leader-450k-Love-Mojito-Lounge.webp\",\"contentUrl\":\"https:\\\/\\\/vozolvapen.de\\\/wp-content\\\/uploads\\\/2026\\\/05\\\/450k-puffs-Bnag-Leader-450k-Love-Mojito-Lounge.webp\",\"width\":768,\"height\":768,\"caption\":\"450k Puffs Bnag Leader Love Mojito Lounge Disposable Vape Device\"},{\"@type\":\"BreadcrumbList\",\"@id\":\"https:\\\/\\\/vozolvapen.de\\\/product\\\/bnag-leader-450k-pod-12-love66-red-mojito-strawberry-mango\\\/#breadcrumb\",\"itemListElement\":[{\"@type\":\"ListItem\",\"position\":1,\"name\":\"Home\",\"item\":\"https:\\\/\\\/vozolvapen.de\\\/de\\\/\"},{\"@type\":\"ListItem\",\"position\":2,\"name\":\"Shop\",\"item\":\"https:\\\/\\\/vozolvapen.de\\\/shop\\\/\"},{\"@type\":\"ListItem\",\"position\":3,\"name\":\"Bnag Leader 450k &#8211; Pod 12: LOVE66 &amp; Red Mojito 15-in-1 Hub\"}]},{\"@type\":\"WebSite\",\"@id\":\"https:\\\/\\\/vozolvapen.de\\\/#website\",\"url\":\"https:\\\/\\\/vozolvapen.de\\\/\",\"name\":\"vozolvapen\",\"description\":\"vozolvapen\",\"publisher\":{\"@id\":\"https:\\\/\\\/vozolvapen.de\\\/#organization\"},\"potentialAction\":[{\"@type\":\"SearchAction\",\"target\":{\"@type\":\"EntryPoint\",\"urlTemplate\":\"https:\\\/\\\/vozolvapen.de\\\/?s={search_term_string}\"},\"query-input\":{\"@type\":\"PropertyValueSpecification\",\"valueRequired\":true,\"valueName\":\"search_term_string\"}}],\"inLanguage\":\"pl-PL\"},{\"@type\":\"Organization\",\"@id\":\"https:\\\/\\\/vozolvapen.de\\\/#organization\",\"name\":\"vozolvapen\",\"url\":\"https:\\\/\\\/vozolvapen.de\\\/\",\"logo\":{\"@type\":\"ImageObject\",\"inLanguage\":\"pl-PL\",\"@id\":\"https:\\\/\\\/vozolvapen.de\\\/#\\\/schema\\\/logo\\\/image\\\/\",\"url\":\"https:\\\/\\\/vozolvapen.de\\\/wp-content\\\/uploads\\\/2025\\\/12\\\/cropped-vozovapen-logo.webp\",\"contentUrl\":\"https:\\\/\\\/vozolvapen.de\\\/wp-content\\\/uploads\\\/2025\\\/12\\\/cropped-vozovapen-logo.webp\",\"width\":470,\"height\":110,\"caption\":\"vozolvapen\"},\"image\":{\"@id\":\"https:\\\/\\\/vozolvapen.de\\\/#\\\/schema\\\/logo\\\/image\\\/\"}}]}<\/script>\n<!-- \/ Yoast SEO Premium plugin. -->","yoast_head_json":{"title":"Bnag Leader 450k Pod 12 | 450k Puffs LOVE66 &amp; Red Mojito Mix","description":"Do\u015bwiadcz 450 000 zaci\u0105gni\u0119\u0107 Bnag Leader 450k Pod 12. Zawiera LOVE66, Red Mojito i Strawberry Mango w rewolucyjnym hybrydowym systemie vape 15 w 1.","robots":{"index":"index","follow":"follow","max-snippet":"max-snippet:-1","max-image-preview":"max-image-preview:large","max-video-preview":"max-video-preview:-1"},"canonical":"https:\/\/vozolvapen.de\/pl\/product\/bnag-leader-450k-pod-12-love66-red-mojito-strawberry-mango\/","og_locale":"pl_PL","og_type":"article","og_title":"Bnag Leader 450k - Pod 12: LOVE66 &amp; Red Mojito 15-in-1 Hub","og_description":"Experience 450,000 puffs of Bnag Leader 450k Pod 12. Featuring LOVE66, Red Mojito, and Strawberry Mango in a revolutionary 15-in-1 hybrid vape system.","og_url":"https:\/\/vozolvapen.de\/pl\/product\/bnag-leader-450k-pod-12-love66-red-mojito-strawberry-mango\/","og_site_name":"vozolvapen","article_modified_time":"2026-05-13T07:57:11+00:00","og_image":[{"width":768,"height":768,"url":"https:\/\/vozolvapen.de\/wp-content\/uploads\/2026\/05\/450k-puffs-Bnag-Leader-450k-Love-Mojito-Lounge.webp","type":"image\/webp"}],"twitter_card":"summary_large_image","twitter_misc":{"Szacowany czas czytania":"3 minuty"},"schema":{"@context":"https:\/\/schema.org","@graph":[{"@type":"WebPage","@id":"https:\/\/vozolvapen.de\/product\/bnag-leader-450k-pod-12-love66-red-mojito-strawberry-mango\/","url":"https:\/\/vozolvapen.de\/product\/bnag-leader-450k-pod-12-love66-red-mojito-strawberry-mango\/","name":"Bnag Leader 450k Pod 12 | 450k Puffs LOVE66 &amp; Red Mojito Mix","isPartOf":{"@id":"https:\/\/vozolvapen.de\/#website"},"primaryImageOfPage":{"@id":"https:\/\/vozolvapen.de\/product\/bnag-leader-450k-pod-12-love66-red-mojito-strawberry-mango\/#primaryimage"},"image":{"@id":"https:\/\/vozolvapen.de\/product\/bnag-leader-450k-pod-12-love66-red-mojito-strawberry-mango\/#primaryimage"},"thumbnailUrl":"https:\/\/vozolvapen.de\/wp-content\/uploads\/2026\/05\/450k-puffs-Bnag-Leader-450k-Love-Mojito-Lounge.webp","datePublished":"2026-05-12T09:02:24+00:00","dateModified":"2026-05-13T07:57:11+00:00","description":"Do\u015bwiadcz 450 000 zaci\u0105gni\u0119\u0107 Bnag Leader 450k Pod 12. Zawiera LOVE66, Red Mojito i Strawberry Mango w rewolucyjnym hybrydowym systemie vape 15 w 1.","breadcrumb":{"@id":"https:\/\/vozolvapen.de\/product\/bnag-leader-450k-pod-12-love66-red-mojito-strawberry-mango\/#breadcrumb"},"inLanguage":"pl-PL","potentialAction":[{"@type":"ReadAction","target":["https:\/\/vozolvapen.de\/product\/bnag-leader-450k-pod-12-love66-red-mojito-strawberry-mango\/"]}]},{"@type":"ImageObject","inLanguage":"pl-PL","@id":"https:\/\/vozolvapen.de\/product\/bnag-leader-450k-pod-12-love66-red-mojito-strawberry-mango\/#primaryimage","url":"https:\/\/vozolvapen.de\/wp-content\/uploads\/2026\/05\/450k-puffs-Bnag-Leader-450k-Love-Mojito-Lounge.webp","contentUrl":"https:\/\/vozolvapen.de\/wp-content\/uploads\/2026\/05\/450k-puffs-Bnag-Leader-450k-Love-Mojito-Lounge.webp","width":768,"height":768,"caption":"450k Puffs Bnag Leader Love Mojito Lounge Disposable Vape Device"},{"@type":"BreadcrumbList","@id":"https:\/\/vozolvapen.de\/product\/bnag-leader-450k-pod-12-love66-red-mojito-strawberry-mango\/#breadcrumb","itemListElement":[{"@type":"ListItem","position":1,"name":"Home","item":"https:\/\/vozolvapen.de\/de\/"},{"@type":"ListItem","position":2,"name":"Shop","item":"https:\/\/vozolvapen.de\/shop\/"},{"@type":"ListItem","position":3,"name":"Bnag Leader 450k &#8211; Pod 12: LOVE66 &amp; Red Mojito 15-in-1 Hub"}]},{"@type":"WebSite","@id":"https:\/\/vozolvapen.de\/#website","url":"https:\/\/vozolvapen.de\/","name":"vozolvapen","description":"vozolvapen","publisher":{"@id":"https:\/\/vozolvapen.de\/#organization"},"potentialAction":[{"@type":"SearchAction","target":{"@type":"EntryPoint","urlTemplate":"https:\/\/vozolvapen.de\/?s={search_term_string}"},"query-input":{"@type":"PropertyValueSpecification","valueRequired":true,"valueName":"search_term_string"}}],"inLanguage":"pl-PL"},{"@type":"Organization","@id":"https:\/\/vozolvapen.de\/#organization","name":"vozolvapen","url":"https:\/\/vozolvapen.de\/","logo":{"@type":"ImageObject","inLanguage":"pl-PL","@id":"https:\/\/vozolvapen.de\/#\/schema\/logo\/image\/","url":"https:\/\/vozolvapen.de\/wp-content\/uploads\/2025\/12\/cropped-vozovapen-logo.webp","contentUrl":"https:\/\/vozolvapen.de\/wp-content\/uploads\/2025\/12\/cropped-vozovapen-logo.webp","width":470,"height":110,"caption":"vozolvapen"},"image":{"@id":"https:\/\/vozolvapen.de\/#\/schema\/logo\/image\/"}}]}},"tiered_pricing_type":"fixed","tiered_pricing_fixed_rules":{"30":"14.5","50":"12.5","100":"12","200":"11.5"},"tiered_pricing_product_settings":{"layout":"default","base_unit_name":{"singular":null,"plural":null},"default_variation":null},"tiered_pricing_minimum_quantity":10,"tiered_pricing_roles_data":[],"tiered_pricing_percentage_rules":[],"tiered_pricing_maximum_quantity":null,"tiered_pricing_quantity_step":"10","_links":{"self":[{"href":"https:\/\/vozolvapen.de\/pl\/wp-json\/wp\/v2\/product\/70751","targetHints":{"allow":["GET"]}}],"collection":[{"href":"https:\/\/vozolvapen.de\/pl\/wp-json\/wp\/v2\/product"}],"about":[{"href":"https:\/\/vozolvapen.de\/pl\/wp-json\/wp\/v2\/types\/product"}],"replies":[{"embeddable":true,"href":"https:\/\/vozolvapen.de\/pl\/wp-json\/wp\/v2\/comments?post=70751"}],"wp:featuredmedia":[{"embeddable":true,"href":"https:\/\/vozolvapen.de\/pl\/wp-json\/wp\/v2\/media\/70820"}],"wp:attachment":[{"href":"https:\/\/vozolvapen.de\/pl\/wp-json\/wp\/v2\/media?parent=70751"}],"wp:term":[{"taxonomy":"product_brand","embeddable":true,"href":"https:\/\/vozolvapen.de\/pl\/wp-json\/wp\/v2\/product_brand?post=70751"},{"taxonomy":"product_cat","embeddable":true,"href":"https:\/\/vozolvapen.de\/pl\/wp-json\/wp\/v2\/product_cat?post=70751"},{"taxonomy":"product_tag","embeddable":true,"href":"https:\/\/vozolvapen.de\/pl\/wp-json\/wp\/v2\/product_tag?post=70751"}],"curies":[{"name":"wp","href":"https:\/\/api.w.org\/{rel}","templated":true}]}}