{"id":7420,"date":"2025-12-04T06:21:51","date_gmt":"2025-12-04T06:21:51","guid":{"rendered":"https:\/\/vozolvapen.de\/?post_type=product&#038;p=7420"},"modified":"2026-02-10T11:24:26","modified_gmt":"2026-02-10T11:24:26","slug":"vozol-vista-40000-passion-fruit-raspberry-tangerine","status":"publish","type":"product","link":"https:\/\/vozolvapen.de\/pl\/product\/vozol-vista-40000-passion-fruit-raspberry-tangerine\/","title":{"rendered":"VOZOL Vista 40000 - Passion Fruit Raspberry Tangerine"},"content":{"rendered":"<h1 data-path-to-node=\"158\"><b>VOZOL Vista 40000 Puffs Jednorazowe Vape - Smak Passion Fruit Malina Mandarynka<\/b><\/h1>\n<p data-path-to-node=\"159\"><b>Wprowadzenie do smaku:<\/b> Jest to niesamowita, wyrazista w smaku mieszanka s\u0142odkich, kwa\u015bnych i pikantnych nut. <b>Passion Fruit Malina Mandarynka<\/b> \u0142\u0105czy w sobie egzotyczn\u0105 g\u0142\u0119bi\u0119 marakui, cierpko\u015b\u0107 malin i jasn\u0105 sk\u00f3rk\u0119 mandarynki. Wino <b>VOZOL Vista 40000<\/b>\u2018s <b>Rotary Interaction Design<\/b> naprawd\u0119 b\u0142yszczy, pozwalaj\u0105c u\u017cytkownikowi precyzyjnie wybra\u0107 najlepszy stosunek powietrza do pary, aby podkre\u015bli\u0107 swoje ulubione owoce w tym z\u0142o\u017conym urz\u0105dzeniu. <b>vozol vape<\/b>.<\/p>\n<h2 data-path-to-node=\"160\"><b>Dlaczego warto wybra\u0107 Vozol Vista 40000 Passion Fruit Raspberry Tangerine?<\/b><\/h2>\n<ol>\n<li data-path-to-node=\"161,0,0\"><b>Wielowymiarowa eksplozja smaku:<\/b> Warstwy marakui, malin i mandarynek tworz\u0105 bardzo z\u0142o\u017cone i satysfakcjonuj\u0105ce doznania smakowe.<\/li>\n<li data-path-to-node=\"161,1,0\"><b>Poznaj 8 do\u015bwiadcze\u0144:<\/b> Obrotowa konstrukcja pozwala u\u017cytkownikom precyzyjnie regulowa\u0107 przep\u0142yw powietrza, odkrywaj\u0105c niuanse ka\u017cdego owocu przy r\u00f3\u017cnych ustawieniach.<\/li>\n<li data-path-to-node=\"161,2,0\"><b>Do\u015bwiadczenie Premium Vozol Pods:<\/b> Wst\u0119pnie nape\u0142niony p\u0142yn o pojemno\u015bci 20 ml zapewnia, \u017ce ta z\u0142o\u017cona mieszanka pozostaje sp\u00f3jna i silna przez ca\u0142y okres u\u017cytkowania.<\/li>\n<\/ol>\n<h3 data-path-to-node=\"162\"><b>Kluczowe specyfikacje VOZOL Vista 40000<\/b><\/h3>\n<table data-path-to-node=\"10\">\n<thead>\n<tr>\n<td><strong>Parametr<\/strong><\/td>\n<td><strong>Szczeg\u00f3\u0142y<\/strong><\/td>\n<td><strong>Pod\u015bwietlenie<\/strong><\/td>\n<\/tr>\n<\/thead>\n<tbody>\n<tr>\n<td><span data-path-to-node=\"10,1,0,0\"><b>Nazwa modelu<\/b><\/span><\/td>\n<td><span data-path-to-node=\"10,1,1,0\"><b>VOZOL Vista 40000<\/b><\/span><\/td>\n<td><span data-path-to-node=\"10,1,2,0\">Rewolucyjny <b>Vozol 40K<\/b> Seria<\/span><\/td>\n<\/tr>\n<tr>\n<td><span data-path-to-node=\"10,2,0,0\"><b>Max Puffs<\/b><\/span><\/td>\n<td><span data-path-to-node=\"10,2,1,0\">Do <b>40000 Puff\u00f3w<\/b><\/span><\/td>\n<td><span data-path-to-node=\"10,2,2,0\">Doskona\u0142a trwa\u0142o\u015b\u0107<\/span><\/td>\n<\/tr>\n<tr>\n<td><span data-path-to-node=\"10,3,0,0\"><b>E-Liquid<\/b><\/span><\/td>\n<td><span data-path-to-node=\"10,3,1,0\">Wst\u0119pnie nape\u0142niony p\u0142yn 20 ml<\/span><\/td>\n<td><span data-path-to-node=\"10,3,2,0\">Maksymalna pojemno\u015b\u0107<\/span><\/td>\n<\/tr>\n<tr>\n<td><span data-path-to-node=\"10,4,0,0\"><b>Nikotyna<\/b><\/span><\/td>\n<td><span data-path-to-node=\"10,4,1,0\">5% (50mg\/ml) Poziom nikotyny<\/span><\/td>\n<td><span data-path-to-node=\"10,4,2,0\">Silne uderzenie w gard\u0142o<\/span><\/td>\n<\/tr>\n<tr>\n<td><span data-path-to-node=\"10,5,0,0\"><b>Bateria<\/b><\/span><\/td>\n<td><span data-path-to-node=\"10,5,1,0\">Akumulator 1000 mAh<\/span><\/td>\n<td><span data-path-to-node=\"10,5,2,0\">Stabilny i d\u0142ugotrwa\u0142y<\/span><\/td>\n<\/tr>\n<tr>\n<td><span data-path-to-node=\"10,6,0,0\"><b>Cewka<\/b><\/span><\/td>\n<td><span data-path-to-node=\"10,6,1,0\"><b>Podw\u00f3jna siatka 0,65\u03a9*2<\/b><\/span><\/td>\n<td><span data-path-to-node=\"10,6,2,0\">Wzmocnienie smaku<\/span><\/td>\n<\/tr>\n<\/tbody>\n<\/table>\n<h3 dir=\"auto\">Oto dalsze zalecenia dla Ciebie:<\/h3>\n<p dir=\"auto\">Odkryj jeszcze wi\u0119cej niesamowitych smak\u00f3w dzi\u0119ki VOZOL Vista 40000 Puff Vape!<\/p>\n<p dir=\"auto\"><a href=\"https:\/\/vozolvapen.de\/pl\/product-category\/vozol-vape\/vozol-vista-40000-puffs-vape\/\">Zobacz wszystkie odmiany tutaj \u2192<\/a><\/p>\n<p dir=\"auto\">Zapoznaj si\u0119 z nasz\u0105 pe\u0142n\u0105 kolekcj\u0105 i kupuj produkty najlepszych marek vape, kt\u00f3re pokochasz.<\/p>\n<p dir=\"auto\"><a href=\"https:\/\/vozolvapen.de\/pl\/\">Przegl\u0105daj teraz wszystkie marki \u2192<\/a><\/p>\n<p dir=\"auto\">Sprawd\u017a ca\u0142\u0105 seri\u0119 VOZOL Vape - ka\u017cdy smak, ka\u017cdy styl!<\/p>\n<p dir=\"auto\"><a href=\"https:\/\/vozolvapen.de\/pl\/product-category\/vozol-vape\/\">Zobacz pe\u0142n\u0105 kolekcj\u0119 VOZOL Vape \u2192<\/a><\/p>","protected":false},"excerpt":{"rendered":"<p>Mocna, wielowymiarowa mieszanka cierpkiej maliny, jasnej mandarynki i g\u0142\u0119bokiej, egzotycznej sk\u00f3rki marakui.<\/p>","protected":false},"featured_media":7452,"comment_status":"open","ping_status":"closed","template":"","meta":{"_acf_changed":false},"product_brand":[],"product_cat":[134,57],"product_tag":[],"class_list":{"0":"post-7420","1":"product","2":"type-product","3":"status-publish","4":"has-post-thumbnail","6":"product_cat-eu-warehouse-in-stock","7":"product_cat-vozol-vista-40000-puffs-vape","9":"first","10":"instock","11":"shipping-taxable","12":"purchasable","13":"product-type-variable"},"acf":[],"yoast_head":"<!-- This site is optimized with the Yoast SEO Premium plugin v26.1 (Yoast SEO v27.5) - https:\/\/yoast.com\/product\/yoast-seo-premium-wordpress\/ -->\n<title>Vozol Vista 40000 Puffs Passion Fruit Raspberry Tangerine - Vozol 40K Triple Blend - vozolvapen<\/title>\n<meta name=\"description\" content=\"Complex Passion Fruit Raspberry Tangerine blend in the Vozol Vista 40000. A masterful mix of sweet, tart, and zesty notes with 8 Distinct Taste Experiences.\" \/>\n<meta name=\"robots\" content=\"index, follow, max-snippet:-1, max-image-preview:large, max-video-preview:-1\" \/>\n<link rel=\"canonical\" href=\"https:\/\/vozolvapen.de\/pl\/product\/vozol-vista-40000-passion-fruit-raspberry-tangerine\/\" \/>\n<meta property=\"og:locale\" content=\"pl_PL\" \/>\n<meta property=\"og:type\" content=\"article\" \/>\n<meta property=\"og:title\" content=\"VOZOL Vista 40000 - Passion Fruit Raspberry Tangerine\" \/>\n<meta property=\"og:description\" content=\"Complex Passion Fruit Raspberry Tangerine blend in the Vozol Vista 40000. A masterful mix of sweet, tart, and zesty notes with 8 Distinct Taste Experiences.\" \/>\n<meta property=\"og:url\" content=\"https:\/\/vozolvapen.de\/pl\/product\/vozol-vista-40000-passion-fruit-raspberry-tangerine\/\" \/>\n<meta property=\"og:site_name\" content=\"vozolvapen\" \/>\n<meta property=\"article:modified_time\" content=\"2026-02-10T11:24:26+00:00\" \/>\n<meta property=\"og:image\" content=\"https:\/\/vozolvapen.de\/wp-content\/uploads\/2025\/12\/VOZOL-Vista-40000-STRAWBERRY-BANANA-2.webp\" \/>\n\t<meta property=\"og:image:width\" content=\"1080\" \/>\n\t<meta property=\"og:image:height\" content=\"1080\" \/>\n\t<meta property=\"og:image:type\" content=\"image\/webp\" \/>\n<meta name=\"twitter:card\" content=\"summary_large_image\" \/>\n<meta name=\"twitter:label1\" content=\"Szacowany czas czytania\" \/>\n\t<meta name=\"twitter:data1\" content=\"2 minuty\" \/>\n<script type=\"application\/ld+json\" class=\"yoast-schema-graph\">{\"@context\":\"https:\\\/\\\/schema.org\",\"@graph\":[{\"@type\":\"WebPage\",\"@id\":\"https:\\\/\\\/vozolvapen.de\\\/product\\\/vozol-vista-40000-passion-fruit-raspberry-tangerine\\\/\",\"url\":\"https:\\\/\\\/vozolvapen.de\\\/product\\\/vozol-vista-40000-passion-fruit-raspberry-tangerine\\\/\",\"name\":\"Vozol Vista 40000 Puffs Passion Fruit Raspberry Tangerine - Vozol 40K Triple Blend - vozolvapen\",\"isPartOf\":{\"@id\":\"https:\\\/\\\/vozolvapen.de\\\/#website\"},\"primaryImageOfPage\":{\"@id\":\"https:\\\/\\\/vozolvapen.de\\\/product\\\/vozol-vista-40000-passion-fruit-raspberry-tangerine\\\/#primaryimage\"},\"image\":{\"@id\":\"https:\\\/\\\/vozolvapen.de\\\/product\\\/vozol-vista-40000-passion-fruit-raspberry-tangerine\\\/#primaryimage\"},\"thumbnailUrl\":\"https:\\\/\\\/vozolvapen.de\\\/wp-content\\\/uploads\\\/2025\\\/12\\\/VOZOL-Vista-40000-STRAWBERRY-BANANA-2.webp\",\"datePublished\":\"2025-12-04T06:21:51+00:00\",\"dateModified\":\"2026-02-10T11:24:26+00:00\",\"description\":\"Complex Passion Fruit Raspberry Tangerine blend in the Vozol Vista 40000. A masterful mix of sweet, tart, and zesty notes with 8 Distinct Taste Experiences.\",\"breadcrumb\":{\"@id\":\"https:\\\/\\\/vozolvapen.de\\\/product\\\/vozol-vista-40000-passion-fruit-raspberry-tangerine\\\/#breadcrumb\"},\"inLanguage\":\"pl-PL\",\"potentialAction\":[{\"@type\":\"ReadAction\",\"target\":[\"https:\\\/\\\/vozolvapen.de\\\/product\\\/vozol-vista-40000-passion-fruit-raspberry-tangerine\\\/\"]}]},{\"@type\":\"ImageObject\",\"inLanguage\":\"pl-PL\",\"@id\":\"https:\\\/\\\/vozolvapen.de\\\/product\\\/vozol-vista-40000-passion-fruit-raspberry-tangerine\\\/#primaryimage\",\"url\":\"https:\\\/\\\/vozolvapen.de\\\/wp-content\\\/uploads\\\/2025\\\/12\\\/VOZOL-Vista-40000-STRAWBERRY-BANANA-2.webp\",\"contentUrl\":\"https:\\\/\\\/vozolvapen.de\\\/wp-content\\\/uploads\\\/2025\\\/12\\\/VOZOL-Vista-40000-STRAWBERRY-BANANA-2.webp\",\"width\":1080,\"height\":1080,\"caption\":\"VOZOL Vista 40000 - STRAWBERRY BANANA (2)\"},{\"@type\":\"BreadcrumbList\",\"@id\":\"https:\\\/\\\/vozolvapen.de\\\/product\\\/vozol-vista-40000-passion-fruit-raspberry-tangerine\\\/#breadcrumb\",\"itemListElement\":[{\"@type\":\"ListItem\",\"position\":1,\"name\":\"Home\",\"item\":\"https:\\\/\\\/vozolvapen.de\\\/de\\\/\"},{\"@type\":\"ListItem\",\"position\":2,\"name\":\"Shop\",\"item\":\"https:\\\/\\\/vozolvapen.de\\\/shop\\\/\"},{\"@type\":\"ListItem\",\"position\":3,\"name\":\"VOZOL Vista 40000 &#8211; Passion Fruit Raspberry Tangerine\"}]},{\"@type\":\"WebSite\",\"@id\":\"https:\\\/\\\/vozolvapen.de\\\/#website\",\"url\":\"https:\\\/\\\/vozolvapen.de\\\/\",\"name\":\"vozolvapen\",\"description\":\"vozolvapen\",\"publisher\":{\"@id\":\"https:\\\/\\\/vozolvapen.de\\\/#organization\"},\"potentialAction\":[{\"@type\":\"SearchAction\",\"target\":{\"@type\":\"EntryPoint\",\"urlTemplate\":\"https:\\\/\\\/vozolvapen.de\\\/?s={search_term_string}\"},\"query-input\":{\"@type\":\"PropertyValueSpecification\",\"valueRequired\":true,\"valueName\":\"search_term_string\"}}],\"inLanguage\":\"pl-PL\"},{\"@type\":\"Organization\",\"@id\":\"https:\\\/\\\/vozolvapen.de\\\/#organization\",\"name\":\"vozolvapen\",\"url\":\"https:\\\/\\\/vozolvapen.de\\\/\",\"logo\":{\"@type\":\"ImageObject\",\"inLanguage\":\"pl-PL\",\"@id\":\"https:\\\/\\\/vozolvapen.de\\\/#\\\/schema\\\/logo\\\/image\\\/\",\"url\":\"https:\\\/\\\/vozolvapen.de\\\/wp-content\\\/uploads\\\/2025\\\/12\\\/cropped-vozovapen-logo.webp\",\"contentUrl\":\"https:\\\/\\\/vozolvapen.de\\\/wp-content\\\/uploads\\\/2025\\\/12\\\/cropped-vozovapen-logo.webp\",\"width\":470,\"height\":110,\"caption\":\"vozolvapen\"},\"image\":{\"@id\":\"https:\\\/\\\/vozolvapen.de\\\/#\\\/schema\\\/logo\\\/image\\\/\"}}]}<\/script>\n<!-- \/ Yoast SEO Premium plugin. -->","yoast_head_json":{"title":"Vozol Vista 40000 Puffs Passion Fruit Raspberry Tangerine - Vozol 40K Triple Blend - vozolvapen","description":"Z\u0142o\u017cona mieszanka Passion Fruit Raspberry Tangerine w Vozol Vista 40000. Mistrzowska mieszanka s\u0142odkich, cierpkich i pikantnych nut z 8 wyrazistymi doznaniami smakowymi.","robots":{"index":"index","follow":"follow","max-snippet":"max-snippet:-1","max-image-preview":"max-image-preview:large","max-video-preview":"max-video-preview:-1"},"canonical":"https:\/\/vozolvapen.de\/pl\/product\/vozol-vista-40000-passion-fruit-raspberry-tangerine\/","og_locale":"pl_PL","og_type":"article","og_title":"VOZOL Vista 40000 - Passion Fruit Raspberry Tangerine","og_description":"Complex Passion Fruit Raspberry Tangerine blend in the Vozol Vista 40000. A masterful mix of sweet, tart, and zesty notes with 8 Distinct Taste Experiences.","og_url":"https:\/\/vozolvapen.de\/pl\/product\/vozol-vista-40000-passion-fruit-raspberry-tangerine\/","og_site_name":"vozolvapen","article_modified_time":"2026-02-10T11:24:26+00:00","og_image":[{"width":1080,"height":1080,"url":"https:\/\/vozolvapen.de\/wp-content\/uploads\/2025\/12\/VOZOL-Vista-40000-STRAWBERRY-BANANA-2.webp","type":"image\/webp"}],"twitter_card":"summary_large_image","twitter_misc":{"Szacowany czas czytania":"2 minuty"},"schema":{"@context":"https:\/\/schema.org","@graph":[{"@type":"WebPage","@id":"https:\/\/vozolvapen.de\/product\/vozol-vista-40000-passion-fruit-raspberry-tangerine\/","url":"https:\/\/vozolvapen.de\/product\/vozol-vista-40000-passion-fruit-raspberry-tangerine\/","name":"Vozol Vista 40000 Puffs Passion Fruit Raspberry Tangerine - Vozol 40K Triple Blend - vozolvapen","isPartOf":{"@id":"https:\/\/vozolvapen.de\/#website"},"primaryImageOfPage":{"@id":"https:\/\/vozolvapen.de\/product\/vozol-vista-40000-passion-fruit-raspberry-tangerine\/#primaryimage"},"image":{"@id":"https:\/\/vozolvapen.de\/product\/vozol-vista-40000-passion-fruit-raspberry-tangerine\/#primaryimage"},"thumbnailUrl":"https:\/\/vozolvapen.de\/wp-content\/uploads\/2025\/12\/VOZOL-Vista-40000-STRAWBERRY-BANANA-2.webp","datePublished":"2025-12-04T06:21:51+00:00","dateModified":"2026-02-10T11:24:26+00:00","description":"Z\u0142o\u017cona mieszanka Passion Fruit Raspberry Tangerine w Vozol Vista 40000. Mistrzowska mieszanka s\u0142odkich, cierpkich i pikantnych nut z 8 wyrazistymi doznaniami smakowymi.","breadcrumb":{"@id":"https:\/\/vozolvapen.de\/product\/vozol-vista-40000-passion-fruit-raspberry-tangerine\/#breadcrumb"},"inLanguage":"pl-PL","potentialAction":[{"@type":"ReadAction","target":["https:\/\/vozolvapen.de\/product\/vozol-vista-40000-passion-fruit-raspberry-tangerine\/"]}]},{"@type":"ImageObject","inLanguage":"pl-PL","@id":"https:\/\/vozolvapen.de\/product\/vozol-vista-40000-passion-fruit-raspberry-tangerine\/#primaryimage","url":"https:\/\/vozolvapen.de\/wp-content\/uploads\/2025\/12\/VOZOL-Vista-40000-STRAWBERRY-BANANA-2.webp","contentUrl":"https:\/\/vozolvapen.de\/wp-content\/uploads\/2025\/12\/VOZOL-Vista-40000-STRAWBERRY-BANANA-2.webp","width":1080,"height":1080,"caption":"VOZOL Vista 40000 - STRAWBERRY BANANA (2)"},{"@type":"BreadcrumbList","@id":"https:\/\/vozolvapen.de\/product\/vozol-vista-40000-passion-fruit-raspberry-tangerine\/#breadcrumb","itemListElement":[{"@type":"ListItem","position":1,"name":"Home","item":"https:\/\/vozolvapen.de\/de\/"},{"@type":"ListItem","position":2,"name":"Shop","item":"https:\/\/vozolvapen.de\/shop\/"},{"@type":"ListItem","position":3,"name":"VOZOL Vista 40000 &#8211; Passion Fruit Raspberry Tangerine"}]},{"@type":"WebSite","@id":"https:\/\/vozolvapen.de\/#website","url":"https:\/\/vozolvapen.de\/","name":"vozolvapen","description":"vozolvapen","publisher":{"@id":"https:\/\/vozolvapen.de\/#organization"},"potentialAction":[{"@type":"SearchAction","target":{"@type":"EntryPoint","urlTemplate":"https:\/\/vozolvapen.de\/?s={search_term_string}"},"query-input":{"@type":"PropertyValueSpecification","valueRequired":true,"valueName":"search_term_string"}}],"inLanguage":"pl-PL"},{"@type":"Organization","@id":"https:\/\/vozolvapen.de\/#organization","name":"vozolvapen","url":"https:\/\/vozolvapen.de\/","logo":{"@type":"ImageObject","inLanguage":"pl-PL","@id":"https:\/\/vozolvapen.de\/#\/schema\/logo\/image\/","url":"https:\/\/vozolvapen.de\/wp-content\/uploads\/2025\/12\/cropped-vozovapen-logo.webp","contentUrl":"https:\/\/vozolvapen.de\/wp-content\/uploads\/2025\/12\/cropped-vozovapen-logo.webp","width":470,"height":110,"caption":"vozolvapen"},"image":{"@id":"https:\/\/vozolvapen.de\/#\/schema\/logo\/image\/"}}]}},"tiered_pricing_type":"fixed","tiered_pricing_fixed_rules":{"30":"14.39","50":"11.89","100":"11.39","200":"10.39"},"tiered_pricing_product_settings":{"layout":"default","base_unit_name":{"singular":null,"plural":null},"default_variation":{}},"tiered_pricing_minimum_quantity":10,"tiered_pricing_roles_data":[],"tiered_pricing_percentage_rules":[],"tiered_pricing_maximum_quantity":null,"tiered_pricing_quantity_step":"10","_links":{"self":[{"href":"https:\/\/vozolvapen.de\/pl\/wp-json\/wp\/v2\/product\/7420","targetHints":{"allow":["GET"]}}],"collection":[{"href":"https:\/\/vozolvapen.de\/pl\/wp-json\/wp\/v2\/product"}],"about":[{"href":"https:\/\/vozolvapen.de\/pl\/wp-json\/wp\/v2\/types\/product"}],"replies":[{"embeddable":true,"href":"https:\/\/vozolvapen.de\/pl\/wp-json\/wp\/v2\/comments?post=7420"}],"wp:featuredmedia":[{"embeddable":true,"href":"https:\/\/vozolvapen.de\/pl\/wp-json\/wp\/v2\/media\/7452"}],"wp:attachment":[{"href":"https:\/\/vozolvapen.de\/pl\/wp-json\/wp\/v2\/media?parent=7420"}],"wp:term":[{"taxonomy":"product_brand","embeddable":true,"href":"https:\/\/vozolvapen.de\/pl\/wp-json\/wp\/v2\/product_brand?post=7420"},{"taxonomy":"product_cat","embeddable":true,"href":"https:\/\/vozolvapen.de\/pl\/wp-json\/wp\/v2\/product_cat?post=7420"},{"taxonomy":"product_tag","embeddable":true,"href":"https:\/\/vozolvapen.de\/pl\/wp-json\/wp\/v2\/product_tag?post=7420"}],"curies":[{"name":"wp","href":"https:\/\/api.w.org\/{rel}","templated":true}]}}