{"id":7421,"date":"2025-12-04T06:22:14","date_gmt":"2025-12-04T06:22:14","guid":{"rendered":"https:\/\/vozolvapen.de\/?post_type=product&#038;p=7421"},"modified":"2026-02-10T11:24:24","modified_gmt":"2026-02-10T11:24:24","slug":"vozol-vista-40000-peach-berry","status":"publish","type":"product","link":"https:\/\/vozolvapen.de\/pl\/product\/vozol-vista-40000-peach-berry\/","title":{"rendered":"VOZOL Vista 40000 - Peach Berry"},"content":{"rendered":"<h1 data-path-to-node=\"168\"><b>VOZOL Vista 40000 Puffs jednorazowe Vape - smak brzoskwiniowo-jagodowy<\/b><\/h1>\n<p data-path-to-node=\"169\"><b>Wprowadzenie do smaku:<\/b> <b>Peach Berry<\/b> oferuje pocieszaj\u0105c\u0105, s\u0142odk\u0105 mieszank\u0119 aksamitnych brzoskwi\u0144 i mieszanki \u015bwie\u017cych, mieszanych jag\u00f3d. Jest to nielodowaty smak przeznaczony do ca\u0142odziennej przyjemno\u015bci. Du\u017cy <b>Vozol Vista 40000<\/b> Pojemno\u015b\u0107 20 ml zapewnia mo\u017cliwo\u015b\u0107 rozkoszowania si\u0119 tym \u0142agodnym, owocowym profilem przez ca\u0142y dzie\u0144. <b>40000 zaci\u0105gni\u0119\u0107<\/b> bez przerwy. The <b>Podw\u00f3jna cewka siatkowa<\/b> gwarantuje ciep\u0142\u0105, aromatyczn\u0105 par\u0119.<\/p>\n<h2 data-path-to-node=\"170\"><b>Dlaczego warto wybra\u0107 Vozol Vista 40000 Peach Berry?<\/b><\/h2>\n<ol>\n<li data-path-to-node=\"171,0,0\"><b>Ciep\u0142y i \u0142agodny smak:<\/b> Po\u0142\u0105czenie brzoskwini i jag\u00f3d zapewnia delikatny, s\u0142odki, nieostry owocowy smak, kt\u00f3ry jest niezwykle przyjemny.<\/li>\n<li data-path-to-node=\"171,1,0\"><b>Trwa\u0142e wra\u017cenia z u\u017cytkowania Vozol Vista:<\/b> The <b>Vozol Vista<\/b>\u2018Wyj\u0105tkowo d\u0142uga \u017cywotno\u015b\u0107 pozwala cieszy\u0107 si\u0119 tym z\u0142o\u017conym, bezmentolowym owocowym smakiem przez d\u0142u\u017cszy czas.<\/li>\n<li data-path-to-node=\"171,2,0\"><b>Dual Mesh Flavor Assurance:<\/b> The <b>Podw\u00f3jna cewka siatkowa<\/b> Zapewnia, \u017ce smak pozostaje na najwy\u017cszym poziomie a\u017c do wyczerpania e-liquidu.<\/li>\n<\/ol>\n<h3 data-path-to-node=\"172\"><b>Kluczowe specyfikacje VOZOL Vista 40000<\/b><\/h3>\n<table data-path-to-node=\"10\">\n<thead>\n<tr>\n<td><strong>Parametr<\/strong><\/td>\n<td><strong>Szczeg\u00f3\u0142y<\/strong><\/td>\n<td><strong>Pod\u015bwietlenie<\/strong><\/td>\n<\/tr>\n<\/thead>\n<tbody>\n<tr>\n<td><span data-path-to-node=\"10,1,0,0\"><b>Nazwa modelu<\/b><\/span><\/td>\n<td><span data-path-to-node=\"10,1,1,0\"><b>VOZOL Vista 40000<\/b><\/span><\/td>\n<td><span data-path-to-node=\"10,1,2,0\">Rewolucyjny <b>Vozol 40K<\/b> Seria<\/span><\/td>\n<\/tr>\n<tr>\n<td><span data-path-to-node=\"10,2,0,0\"><b>Max Puffs<\/b><\/span><\/td>\n<td><span data-path-to-node=\"10,2,1,0\">Do <b>40000 Puff\u00f3w<\/b><\/span><\/td>\n<td><span data-path-to-node=\"10,2,2,0\">Doskona\u0142a trwa\u0142o\u015b\u0107<\/span><\/td>\n<\/tr>\n<tr>\n<td><span data-path-to-node=\"10,3,0,0\"><b>E-Liquid<\/b><\/span><\/td>\n<td><span data-path-to-node=\"10,3,1,0\">Wst\u0119pnie nape\u0142niony p\u0142yn 20 ml<\/span><\/td>\n<td><span data-path-to-node=\"10,3,2,0\">Maksymalna pojemno\u015b\u0107<\/span><\/td>\n<\/tr>\n<tr>\n<td><span data-path-to-node=\"10,4,0,0\"><b>Nikotyna<\/b><\/span><\/td>\n<td><span data-path-to-node=\"10,4,1,0\">5% (50mg\/ml) Poziom nikotyny<\/span><\/td>\n<td><span data-path-to-node=\"10,4,2,0\">Silne uderzenie w gard\u0142o<\/span><\/td>\n<\/tr>\n<tr>\n<td><span data-path-to-node=\"10,5,0,0\"><b>Bateria<\/b><\/span><\/td>\n<td><span data-path-to-node=\"10,5,1,0\">Akumulator 1000 mAh<\/span><\/td>\n<td><span data-path-to-node=\"10,5,2,0\">Stabilny i d\u0142ugotrwa\u0142y<\/span><\/td>\n<\/tr>\n<tr>\n<td><span data-path-to-node=\"10,6,0,0\"><b>Cewka<\/b><\/span><\/td>\n<td><span data-path-to-node=\"10,6,1,0\"><b>Podw\u00f3jna siatka 0,65\u03a9*2<\/b><\/span><\/td>\n<td><span data-path-to-node=\"10,6,2,0\">Wzmocnienie smaku<\/span><\/td>\n<\/tr>\n<\/tbody>\n<\/table>\n<h3 dir=\"auto\">Oto dalsze zalecenia dla Ciebie:<\/h3>\n<p dir=\"auto\">Odkryj jeszcze wi\u0119cej niesamowitych smak\u00f3w dzi\u0119ki VOZOL Vista 40000 Puff Vape!<\/p>\n<p dir=\"auto\"><a href=\"https:\/\/vozolvapen.de\/pl\/product-category\/vozol-vape\/vozol-vista-40000-puffs-vape\/\">Zobacz wszystkie odmiany tutaj \u2192<\/a><\/p>\n<p dir=\"auto\">Zapoznaj si\u0119 z nasz\u0105 pe\u0142n\u0105 kolekcj\u0105 i kupuj produkty najlepszych marek vape, kt\u00f3re pokochasz.<\/p>\n<p dir=\"auto\"><a href=\"https:\/\/vozolvapen.de\/pl\/\">Przegl\u0105daj teraz wszystkie marki \u2192<\/a><\/p>\n<p dir=\"auto\">Sprawd\u017a ca\u0142\u0105 seri\u0119 VOZOL Vape - ka\u017cdy smak, ka\u017cdy styl!<\/p>\n<p dir=\"auto\"><a href=\"https:\/\/vozolvapen.de\/pl\/product-category\/vozol-vape\/\">Zobacz pe\u0142n\u0105 kolekcj\u0119 VOZOL Vape \u2192<\/a><\/p>","protected":false},"excerpt":{"rendered":"<p>Mi\u0119kka, aksamitna s\u0142odycz brzoskwini w po\u0142\u0105czeniu z mieszank\u0105 cierpkich mieszanych jag\u00f3d zapewnia komfortow\u0105, owocow\u0105 vape.<\/p>","protected":false},"featured_media":7448,"comment_status":"open","ping_status":"closed","template":"","meta":{"_acf_changed":false},"product_brand":[],"product_cat":[134,57],"product_tag":[],"class_list":{"0":"post-7421","1":"product","2":"type-product","3":"status-publish","4":"has-post-thumbnail","6":"product_cat-eu-warehouse-in-stock","7":"product_cat-vozol-vista-40000-puffs-vape","9":"first","10":"instock","11":"shipping-taxable","12":"purchasable","13":"product-type-variable"},"acf":[],"yoast_head":"<!-- This site is optimized with the Yoast SEO Premium plugin v26.1 (Yoast SEO v27.5) - https:\/\/yoast.com\/product\/yoast-seo-premium-wordpress\/ -->\n<title>Vozol Vista 40000 Puffs Peach Berry - Sweet &amp; Smooth Vozol Vista Flavor - vozolvapen<\/title>\n<meta name=\"description\" content=\"Smooth Peach Berry flavor, mixing ripe peach with mixed berries in the Vozol Vista 40000. A non-icy fruit blend with 40000 puffs of pure flavor.\" \/>\n<meta name=\"robots\" content=\"index, follow, max-snippet:-1, max-image-preview:large, max-video-preview:-1\" \/>\n<link rel=\"canonical\" href=\"https:\/\/vozolvapen.de\/pl\/product\/vozol-vista-40000-peach-berry\/\" \/>\n<meta property=\"og:locale\" content=\"pl_PL\" \/>\n<meta property=\"og:type\" content=\"article\" \/>\n<meta property=\"og:title\" content=\"VOZOL Vista 40000 - Peach Berry\" \/>\n<meta property=\"og:description\" content=\"Smooth Peach Berry flavor, mixing ripe peach with mixed berries in the Vozol Vista 40000. A non-icy fruit blend with 40000 puffs of pure flavor.\" \/>\n<meta property=\"og:url\" content=\"https:\/\/vozolvapen.de\/pl\/product\/vozol-vista-40000-peach-berry\/\" \/>\n<meta property=\"og:site_name\" content=\"vozolvapen\" \/>\n<meta property=\"article:modified_time\" content=\"2026-02-10T11:24:24+00:00\" \/>\n<meta property=\"og:image\" content=\"https:\/\/vozolvapen.de\/wp-content\/uploads\/2025\/12\/VOZOL-Vista-40000-PEACH-BERRY-2.webp\" \/>\n\t<meta property=\"og:image:width\" content=\"1080\" \/>\n\t<meta property=\"og:image:height\" content=\"1080\" \/>\n\t<meta property=\"og:image:type\" content=\"image\/webp\" \/>\n<meta name=\"twitter:card\" content=\"summary_large_image\" \/>\n<meta name=\"twitter:label1\" content=\"Szacowany czas czytania\" \/>\n\t<meta name=\"twitter:data1\" content=\"2 minuty\" \/>\n<script type=\"application\/ld+json\" class=\"yoast-schema-graph\">{\"@context\":\"https:\\\/\\\/schema.org\",\"@graph\":[{\"@type\":\"WebPage\",\"@id\":\"https:\\\/\\\/vozolvapen.de\\\/product\\\/vozol-vista-40000-peach-berry\\\/\",\"url\":\"https:\\\/\\\/vozolvapen.de\\\/product\\\/vozol-vista-40000-peach-berry\\\/\",\"name\":\"Vozol Vista 40000 Puffs Peach Berry - Sweet & Smooth Vozol Vista Flavor - vozolvapen\",\"isPartOf\":{\"@id\":\"https:\\\/\\\/vozolvapen.de\\\/#website\"},\"primaryImageOfPage\":{\"@id\":\"https:\\\/\\\/vozolvapen.de\\\/product\\\/vozol-vista-40000-peach-berry\\\/#primaryimage\"},\"image\":{\"@id\":\"https:\\\/\\\/vozolvapen.de\\\/product\\\/vozol-vista-40000-peach-berry\\\/#primaryimage\"},\"thumbnailUrl\":\"https:\\\/\\\/vozolvapen.de\\\/wp-content\\\/uploads\\\/2025\\\/12\\\/VOZOL-Vista-40000-PEACH-BERRY-2.webp\",\"datePublished\":\"2025-12-04T06:22:14+00:00\",\"dateModified\":\"2026-02-10T11:24:24+00:00\",\"description\":\"Smooth Peach Berry flavor, mixing ripe peach with mixed berries in the Vozol Vista 40000. A non-icy fruit blend with 40000 puffs of pure flavor.\",\"breadcrumb\":{\"@id\":\"https:\\\/\\\/vozolvapen.de\\\/product\\\/vozol-vista-40000-peach-berry\\\/#breadcrumb\"},\"inLanguage\":\"pl-PL\",\"potentialAction\":[{\"@type\":\"ReadAction\",\"target\":[\"https:\\\/\\\/vozolvapen.de\\\/product\\\/vozol-vista-40000-peach-berry\\\/\"]}]},{\"@type\":\"ImageObject\",\"inLanguage\":\"pl-PL\",\"@id\":\"https:\\\/\\\/vozolvapen.de\\\/product\\\/vozol-vista-40000-peach-berry\\\/#primaryimage\",\"url\":\"https:\\\/\\\/vozolvapen.de\\\/wp-content\\\/uploads\\\/2025\\\/12\\\/VOZOL-Vista-40000-PEACH-BERRY-2.webp\",\"contentUrl\":\"https:\\\/\\\/vozolvapen.de\\\/wp-content\\\/uploads\\\/2025\\\/12\\\/VOZOL-Vista-40000-PEACH-BERRY-2.webp\",\"width\":1080,\"height\":1080,\"caption\":\"VOZOL Vista 40000 - PEACH BERRY (2)\"},{\"@type\":\"BreadcrumbList\",\"@id\":\"https:\\\/\\\/vozolvapen.de\\\/product\\\/vozol-vista-40000-peach-berry\\\/#breadcrumb\",\"itemListElement\":[{\"@type\":\"ListItem\",\"position\":1,\"name\":\"Home\",\"item\":\"https:\\\/\\\/vozolvapen.de\\\/de\\\/\"},{\"@type\":\"ListItem\",\"position\":2,\"name\":\"Shop\",\"item\":\"https:\\\/\\\/vozolvapen.de\\\/shop\\\/\"},{\"@type\":\"ListItem\",\"position\":3,\"name\":\"VOZOL Vista 40000 &#8211; Peach Berry\"}]},{\"@type\":\"WebSite\",\"@id\":\"https:\\\/\\\/vozolvapen.de\\\/#website\",\"url\":\"https:\\\/\\\/vozolvapen.de\\\/\",\"name\":\"vozolvapen\",\"description\":\"vozolvapen\",\"publisher\":{\"@id\":\"https:\\\/\\\/vozolvapen.de\\\/#organization\"},\"potentialAction\":[{\"@type\":\"SearchAction\",\"target\":{\"@type\":\"EntryPoint\",\"urlTemplate\":\"https:\\\/\\\/vozolvapen.de\\\/?s={search_term_string}\"},\"query-input\":{\"@type\":\"PropertyValueSpecification\",\"valueRequired\":true,\"valueName\":\"search_term_string\"}}],\"inLanguage\":\"pl-PL\"},{\"@type\":\"Organization\",\"@id\":\"https:\\\/\\\/vozolvapen.de\\\/#organization\",\"name\":\"vozolvapen\",\"url\":\"https:\\\/\\\/vozolvapen.de\\\/\",\"logo\":{\"@type\":\"ImageObject\",\"inLanguage\":\"pl-PL\",\"@id\":\"https:\\\/\\\/vozolvapen.de\\\/#\\\/schema\\\/logo\\\/image\\\/\",\"url\":\"https:\\\/\\\/vozolvapen.de\\\/wp-content\\\/uploads\\\/2025\\\/12\\\/cropped-vozovapen-logo.webp\",\"contentUrl\":\"https:\\\/\\\/vozolvapen.de\\\/wp-content\\\/uploads\\\/2025\\\/12\\\/cropped-vozovapen-logo.webp\",\"width\":470,\"height\":110,\"caption\":\"vozolvapen\"},\"image\":{\"@id\":\"https:\\\/\\\/vozolvapen.de\\\/#\\\/schema\\\/logo\\\/image\\\/\"}}]}<\/script>\n<!-- \/ Yoast SEO Premium plugin. -->","yoast_head_json":{"title":"Vozol Vista 40000 Puffs Peach Berry - S\u0142odki i g\u0142adki smak Vozol Vista - vozolvapen","description":"G\u0142adki smak Peach Berry, mieszaj\u0105cy dojrza\u0142\u0105 brzoskwini\u0119 z mieszanymi jagodami w Vozol Vista 40000. Nielodowata mieszanka owoc\u00f3w z 40000 zaci\u0105gni\u0119ciami czystego smaku.","robots":{"index":"index","follow":"follow","max-snippet":"max-snippet:-1","max-image-preview":"max-image-preview:large","max-video-preview":"max-video-preview:-1"},"canonical":"https:\/\/vozolvapen.de\/pl\/product\/vozol-vista-40000-peach-berry\/","og_locale":"pl_PL","og_type":"article","og_title":"VOZOL Vista 40000 - Peach Berry","og_description":"Smooth Peach Berry flavor, mixing ripe peach with mixed berries in the Vozol Vista 40000. A non-icy fruit blend with 40000 puffs of pure flavor.","og_url":"https:\/\/vozolvapen.de\/pl\/product\/vozol-vista-40000-peach-berry\/","og_site_name":"vozolvapen","article_modified_time":"2026-02-10T11:24:24+00:00","og_image":[{"width":1080,"height":1080,"url":"https:\/\/vozolvapen.de\/wp-content\/uploads\/2025\/12\/VOZOL-Vista-40000-PEACH-BERRY-2.webp","type":"image\/webp"}],"twitter_card":"summary_large_image","twitter_misc":{"Szacowany czas czytania":"2 minuty"},"schema":{"@context":"https:\/\/schema.org","@graph":[{"@type":"WebPage","@id":"https:\/\/vozolvapen.de\/product\/vozol-vista-40000-peach-berry\/","url":"https:\/\/vozolvapen.de\/product\/vozol-vista-40000-peach-berry\/","name":"Vozol Vista 40000 Puffs Peach Berry - S\u0142odki i g\u0142adki smak Vozol Vista - vozolvapen","isPartOf":{"@id":"https:\/\/vozolvapen.de\/#website"},"primaryImageOfPage":{"@id":"https:\/\/vozolvapen.de\/product\/vozol-vista-40000-peach-berry\/#primaryimage"},"image":{"@id":"https:\/\/vozolvapen.de\/product\/vozol-vista-40000-peach-berry\/#primaryimage"},"thumbnailUrl":"https:\/\/vozolvapen.de\/wp-content\/uploads\/2025\/12\/VOZOL-Vista-40000-PEACH-BERRY-2.webp","datePublished":"2025-12-04T06:22:14+00:00","dateModified":"2026-02-10T11:24:24+00:00","description":"G\u0142adki smak Peach Berry, mieszaj\u0105cy dojrza\u0142\u0105 brzoskwini\u0119 z mieszanymi jagodami w Vozol Vista 40000. Nielodowata mieszanka owoc\u00f3w z 40000 zaci\u0105gni\u0119ciami czystego smaku.","breadcrumb":{"@id":"https:\/\/vozolvapen.de\/product\/vozol-vista-40000-peach-berry\/#breadcrumb"},"inLanguage":"pl-PL","potentialAction":[{"@type":"ReadAction","target":["https:\/\/vozolvapen.de\/product\/vozol-vista-40000-peach-berry\/"]}]},{"@type":"ImageObject","inLanguage":"pl-PL","@id":"https:\/\/vozolvapen.de\/product\/vozol-vista-40000-peach-berry\/#primaryimage","url":"https:\/\/vozolvapen.de\/wp-content\/uploads\/2025\/12\/VOZOL-Vista-40000-PEACH-BERRY-2.webp","contentUrl":"https:\/\/vozolvapen.de\/wp-content\/uploads\/2025\/12\/VOZOL-Vista-40000-PEACH-BERRY-2.webp","width":1080,"height":1080,"caption":"VOZOL Vista 40000 - PEACH BERRY (2)"},{"@type":"BreadcrumbList","@id":"https:\/\/vozolvapen.de\/product\/vozol-vista-40000-peach-berry\/#breadcrumb","itemListElement":[{"@type":"ListItem","position":1,"name":"Home","item":"https:\/\/vozolvapen.de\/de\/"},{"@type":"ListItem","position":2,"name":"Shop","item":"https:\/\/vozolvapen.de\/shop\/"},{"@type":"ListItem","position":3,"name":"VOZOL Vista 40000 &#8211; Peach Berry"}]},{"@type":"WebSite","@id":"https:\/\/vozolvapen.de\/#website","url":"https:\/\/vozolvapen.de\/","name":"vozolvapen","description":"vozolvapen","publisher":{"@id":"https:\/\/vozolvapen.de\/#organization"},"potentialAction":[{"@type":"SearchAction","target":{"@type":"EntryPoint","urlTemplate":"https:\/\/vozolvapen.de\/?s={search_term_string}"},"query-input":{"@type":"PropertyValueSpecification","valueRequired":true,"valueName":"search_term_string"}}],"inLanguage":"pl-PL"},{"@type":"Organization","@id":"https:\/\/vozolvapen.de\/#organization","name":"vozolvapen","url":"https:\/\/vozolvapen.de\/","logo":{"@type":"ImageObject","inLanguage":"pl-PL","@id":"https:\/\/vozolvapen.de\/#\/schema\/logo\/image\/","url":"https:\/\/vozolvapen.de\/wp-content\/uploads\/2025\/12\/cropped-vozovapen-logo.webp","contentUrl":"https:\/\/vozolvapen.de\/wp-content\/uploads\/2025\/12\/cropped-vozovapen-logo.webp","width":470,"height":110,"caption":"vozolvapen"},"image":{"@id":"https:\/\/vozolvapen.de\/#\/schema\/logo\/image\/"}}]}},"tiered_pricing_type":"fixed","tiered_pricing_fixed_rules":{"30":"14.39","50":"11.89","100":"11.39","200":"10.39"},"tiered_pricing_product_settings":{"layout":"default","base_unit_name":{"singular":null,"plural":null},"default_variation":{}},"tiered_pricing_minimum_quantity":10,"tiered_pricing_roles_data":[],"tiered_pricing_percentage_rules":[],"tiered_pricing_maximum_quantity":null,"tiered_pricing_quantity_step":"10","_links":{"self":[{"href":"https:\/\/vozolvapen.de\/pl\/wp-json\/wp\/v2\/product\/7421","targetHints":{"allow":["GET"]}}],"collection":[{"href":"https:\/\/vozolvapen.de\/pl\/wp-json\/wp\/v2\/product"}],"about":[{"href":"https:\/\/vozolvapen.de\/pl\/wp-json\/wp\/v2\/types\/product"}],"replies":[{"embeddable":true,"href":"https:\/\/vozolvapen.de\/pl\/wp-json\/wp\/v2\/comments?post=7421"}],"wp:featuredmedia":[{"embeddable":true,"href":"https:\/\/vozolvapen.de\/pl\/wp-json\/wp\/v2\/media\/7448"}],"wp:attachment":[{"href":"https:\/\/vozolvapen.de\/pl\/wp-json\/wp\/v2\/media?parent=7421"}],"wp:term":[{"taxonomy":"product_brand","embeddable":true,"href":"https:\/\/vozolvapen.de\/pl\/wp-json\/wp\/v2\/product_brand?post=7421"},{"taxonomy":"product_cat","embeddable":true,"href":"https:\/\/vozolvapen.de\/pl\/wp-json\/wp\/v2\/product_cat?post=7421"},{"taxonomy":"product_tag","embeddable":true,"href":"https:\/\/vozolvapen.de\/pl\/wp-json\/wp\/v2\/product_tag?post=7421"}],"curies":[{"name":"wp","href":"https:\/\/api.w.org\/{rel}","templated":true}]}}