{"id":7486,"date":"2025-12-04T08:19:16","date_gmt":"2025-12-04T08:19:16","guid":{"rendered":"https:\/\/vozolvapen.de\/?post_type=product&#038;p=7486"},"modified":"2026-02-10T11:23:32","modified_gmt":"2026-02-10T11:23:32","slug":"vozol-neon-45000-mango-ice","status":"publish","type":"product","link":"https:\/\/vozolvapen.de\/pl\/product\/vozol-neon-45000-mango-ice\/","title":{"rendered":"VOZOL Neon 45000 - Mango Ice"},"content":{"rendered":"<h1 data-path-to-node=\"77\"><b>VOZOL Neon 45000 Mango Ice: 45000 puff\u00f3w doskona\u0142ego tropikalnego ch\u0142odu z 4-poziomow\u0105 personalizacj\u0105<\/b><\/h1>\n<p data-path-to-node=\"78\">The <b>VOZOL Neon 45000 Mango Ice<\/b> udoskonala kultowe tropikalne doznania vape. To <b>vozol neon<\/b> Urz\u0105dzenie zapewnia soczyst\u0105, kremow\u0105 s\u0142odycz mango z efektem ch\u0142odzenia, kt\u00f3ry jest ca\u0142kowicie pod kontrol\u0105 wapera, oferuj\u0105c bezprecedensowy efekt ch\u0142odzenia. <b>45000 zaci\u0105gni\u0119\u0107<\/b> o sta\u0142ym, wysokiej jako\u015bci smaku.<\/p>\n<h2 data-path-to-node=\"79\"><b>Szczeg\u00f3\u0142owy profil smakowy: Mango Ice<\/b><\/h2>\n<ul>\n<li data-path-to-node=\"80,0,0\"><b>Podstawowy smak:<\/b> Bogaty, ma\u015blany i niesamowicie s\u0142odki nektar z dojrza\u0142ego mango Alphonso, zapewniaj\u0105cy g\u0119st\u0105, satysfakcjonuj\u0105c\u0105 baz\u0119 owocow\u0105.<\/li>\n<li data-path-to-node=\"80,1,0\"><b>Icy Component:<\/b> Ostry, czysty podmuch mentolu, kt\u00f3ry przecina kremow\u0105 konsystencj\u0119 mango, sprawiaj\u0105c, \u017ce profil jest natychmiast od\u015bwie\u017caj\u0105cy i orze\u017awiaj\u0105cy.<\/li>\n<li data-path-to-node=\"80,2,0\">The <b>Podw\u00f3jna cewka siatkowa<\/b> jest niezb\u0119dna w przypadku kremowych smak\u00f3w, takich jak mango, zapewniaj\u0105c, \u017ce bogata konsystencja jest dostarczana niezawodnie bez zm\u0119czenia smakiem przy ogromnej pojemno\u015bci 26 ml p\u0142ynu.<\/li>\n<\/ul>\n<h2 data-path-to-node=\"81\"><b>Jak technologia VOZOL Neon 45000 podnosi wsp\u00f3\u0142czynnik lodu<\/b><\/h2>\n<p data-path-to-node=\"82\">Elementy steruj\u0105ce urz\u0105dzenia pozwalaj\u0105 uzyska\u0107 idealn\u0105 r\u00f3wnowag\u0119 w tej popularnej mieszance:<\/p>\n<ul data-path-to-node=\"83\">\n<li>\n<p data-path-to-node=\"83,0,0\"><b>Regulowane ch\u0142odzenie (4 poziomy):<\/b><\/p>\n<ul data-path-to-node=\"83,0,1\">\n<li>\n<p data-path-to-node=\"83,0,1,0,0\">Poziom 1 (\u0142agodny): Podkre\u015bla kremow\u0105 s\u0142odycz mango i subtelne nuty.<\/p>\n<\/li>\n<li>\n<p data-path-to-node=\"83,0,1,1,0\">Poziom 4 (Max): Nak\u0142ada na mango agresywne uczucie ch\u0142odzenia poni\u017cej zera.<\/p>\n<\/li>\n<\/ul>\n<\/li>\n<li>\n<p data-path-to-node=\"83,1,0\"><b>Regulowany przep\u0142yw powietrza (3 poziomy):<\/b> Bardziej otwarte zaci\u0105ganie si\u0119 wzmacnia efekt ch\u0142odzenia, podczas gdy cia\u015bniejsze zaci\u0105ganie si\u0119 koncentruje s\u0142odki smak mango.<\/p>\n<\/li>\n<li>\n<p data-path-to-node=\"83,2,0\"><b>Inteligentny wy\u015bwietlacz:<\/b> Informacje zwrotne w czasie rzeczywistym zapewniaj\u0105, \u017ce <b>vozol 45000<\/b> do\u015bwiadczenie jest p\u0142ynne i przyjemne od pocz\u0105tku do ko\u0144ca.<\/p>\n<\/li>\n<\/ul>\n<p><b>Specyfikacja Mango Ice Snapshot<\/b><\/p>\n<table data-path-to-node=\"85\">\n<thead>\n<tr>\n<td><strong>Cecha<\/strong><\/td>\n<td><strong>Szczeg\u00f3\u0142y<\/strong><\/td>\n<\/tr>\n<\/thead>\n<tbody>\n<tr>\n<td><span data-path-to-node=\"85,1,0,0\">Profil smakowy<\/span><\/td>\n<td><span data-path-to-node=\"85,1,1,0\">Icy Tropical (Creamy Mango, Strong Chill)<\/span><\/td>\n<\/tr>\n<tr>\n<td><span data-path-to-node=\"85,2,0,0\">Max Puffs<\/span><\/td>\n<td><span data-path-to-node=\"85,2,1,0\">do 45000<\/span><\/td>\n<\/tr>\n<tr>\n<td><span data-path-to-node=\"85,3,0,0\">Pojemno\u015b\u0107 E-Liquid<\/span><\/td>\n<td><span data-path-to-node=\"85,3,1,0\">26ML<\/span><\/td>\n<\/tr>\n<tr>\n<td><span data-path-to-node=\"85,4,0,0\">Personalizacja<\/span><\/td>\n<td><span data-path-to-node=\"85,4,1,0\">3-poziomowe zasilanie \/ 4-poziomowe ch\u0142odzenie<\/span><\/td>\n<\/tr>\n<tr>\n<td><span data-path-to-node=\"85,5,0,0\">Poziom nikotyny<\/span><\/td>\n<td><span data-path-to-node=\"85,5,1,0\">5% (50 mg\/ml)<\/span><\/td>\n<\/tr>\n<\/tbody>\n<\/table>\n<h2 data-path-to-node=\"86\"><b>Przewaga hurtowa: Magazynowanie najlepszych kapsu\u0142ek Vozol<\/b><\/h2>\n<p data-path-to-node=\"87\">The <b>VOZOL Neon 45000 Mango Ice<\/b> jest wieloletnim bestsellerem. Wsp\u00f3\u0142pracuj z nami, aby uzyska\u0107 niezawodn\u0105, szybk\u0105 europejsk\u0105 wysy\u0142k\u0119 (1-3 dni) i zaspokoi\u0107 wysokie zapotrzebowanie konsument\u00f3w na konfigurowalne produkty. <b>kapsu\u0142ki vozol<\/b>. Zabezpiecz swoje zam\u00f3wienie zbiorcze ju\u017c dzi\u015b i zaoferuj to, co najlepsze w dmuchawach o wysokim stopniu kontroli. <b>vozol neon<\/b> urz\u0105dzenia.<\/p>\n<h3 dir=\"auto\">Oto dalsze zalecenia dla Ciebie:<\/h3>\n<p dir=\"auto\">Odkryj jeszcze wi\u0119cej niesamowitych smak\u00f3w dzi\u0119ki Fumot VOZOL Neon 45000Puff Vape!<\/p>\n<p dir=\"auto\"><a href=\"https:\/\/vozolvapen.de\/pl\/product-category\/vozol-vape\/vozol-neon-45000-puffs-vape\/\">Zobacz wszystkie odmiany tutaj \u2192<\/a><\/p>\n<p dir=\"auto\">Zapoznaj si\u0119 z nasz\u0105 pe\u0142n\u0105 kolekcj\u0105 i kupuj produkty najlepszych marek vape, kt\u00f3re pokochasz.<\/p>\n<p dir=\"auto\"><a href=\"https:\/\/vozolvapen.de\/pl\/\">Przegl\u0105daj teraz wszystkie marki \u2192<\/a><\/p>\n<p dir=\"auto\">Sprawd\u017a ca\u0142\u0105 seri\u0119 VOZOL Vape - ka\u017cdy smak, ka\u017cdy styl!<\/p>\n<p dir=\"auto\"><a href=\"https:\/\/vozolvapen.de\/pl\/product-category\/vozol-vape\/\">Zobacz pe\u0142n\u0105 kolekcj\u0119 VOZOL Vape \u2192<\/a><\/p>","protected":false},"excerpt":{"rendered":"<p>Kremowa, tropikalna s\u0142odycz dojrza\u0142ego mango, sch\u0142odzona do perfekcji z orze\u017awiaj\u0105cym mentolowym finiszem.<\/p>","protected":false},"featured_media":7507,"comment_status":"open","ping_status":"closed","template":"","meta":{"_acf_changed":false},"product_brand":[],"product_cat":[134,58],"product_tag":[],"class_list":{"0":"post-7486","1":"product","2":"type-product","3":"status-publish","4":"has-post-thumbnail","6":"product_cat-eu-warehouse-in-stock","7":"product_cat-vozol-neon-45000-puffs-vape","9":"first","10":"instock","11":"shipping-taxable","12":"purchasable","13":"product-type-variable"},"acf":[],"yoast_head":"<!-- This site is optimized with the Yoast SEO Premium plugin v26.1 (Yoast SEO v27.5) - https:\/\/yoast.com\/product\/yoast-seo-premium-wordpress\/ -->\n<title>VOZOL Neon 45000 Mango Ice - Tropical Mango vozol neon Icy Burst - vozolvapen<\/title>\n<meta name=\"description\" content=\"Creamy Mango Ice reaches its peak on the VOZOL Neon 45000. Customize your ice level (4 levels) and enjoy 45000 puffs of tropical cooling.\" \/>\n<meta name=\"robots\" content=\"index, follow, max-snippet:-1, max-image-preview:large, max-video-preview:-1\" \/>\n<link rel=\"canonical\" href=\"https:\/\/vozolvapen.de\/pl\/product\/vozol-neon-45000-mango-ice\/\" \/>\n<meta property=\"og:locale\" content=\"pl_PL\" \/>\n<meta property=\"og:type\" content=\"article\" \/>\n<meta property=\"og:title\" content=\"VOZOL Neon 45000 - Mango Ice\" \/>\n<meta property=\"og:description\" content=\"Creamy Mango Ice reaches its peak on the VOZOL Neon 45000. Customize your ice level (4 levels) and enjoy 45000 puffs of tropical cooling.\" \/>\n<meta property=\"og:url\" content=\"https:\/\/vozolvapen.de\/pl\/product\/vozol-neon-45000-mango-ice\/\" \/>\n<meta property=\"og:site_name\" content=\"vozolvapen\" \/>\n<meta property=\"article:modified_time\" content=\"2026-02-10T11:23:32+00:00\" \/>\n<meta property=\"og:image\" content=\"https:\/\/vozolvapen.de\/wp-content\/uploads\/2025\/12\/Vozol-Neon-45000-MANGO-ICE.webp\" \/>\n\t<meta property=\"og:image:width\" content=\"1200\" \/>\n\t<meta property=\"og:image:height\" content=\"1200\" \/>\n\t<meta property=\"og:image:type\" content=\"image\/webp\" \/>\n<meta name=\"twitter:card\" content=\"summary_large_image\" \/>\n<meta name=\"twitter:label1\" content=\"Szacowany czas czytania\" \/>\n\t<meta name=\"twitter:data1\" content=\"2 minuty\" \/>\n<script type=\"application\/ld+json\" class=\"yoast-schema-graph\">{\"@context\":\"https:\\\/\\\/schema.org\",\"@graph\":[{\"@type\":\"WebPage\",\"@id\":\"https:\\\/\\\/vozolvapen.de\\\/product\\\/vozol-neon-45000-mango-ice\\\/\",\"url\":\"https:\\\/\\\/vozolvapen.de\\\/product\\\/vozol-neon-45000-mango-ice\\\/\",\"name\":\"VOZOL Neon 45000 Mango Ice - Tropical Mango vozol neon Icy Burst - vozolvapen\",\"isPartOf\":{\"@id\":\"https:\\\/\\\/vozolvapen.de\\\/#website\"},\"primaryImageOfPage\":{\"@id\":\"https:\\\/\\\/vozolvapen.de\\\/product\\\/vozol-neon-45000-mango-ice\\\/#primaryimage\"},\"image\":{\"@id\":\"https:\\\/\\\/vozolvapen.de\\\/product\\\/vozol-neon-45000-mango-ice\\\/#primaryimage\"},\"thumbnailUrl\":\"https:\\\/\\\/vozolvapen.de\\\/wp-content\\\/uploads\\\/2025\\\/12\\\/Vozol-Neon-45000-MANGO-ICE.webp\",\"datePublished\":\"2025-12-04T08:19:16+00:00\",\"dateModified\":\"2026-02-10T11:23:32+00:00\",\"description\":\"Creamy Mango Ice reaches its peak on the VOZOL Neon 45000. Customize your ice level (4 levels) and enjoy 45000 puffs of tropical cooling.\",\"breadcrumb\":{\"@id\":\"https:\\\/\\\/vozolvapen.de\\\/product\\\/vozol-neon-45000-mango-ice\\\/#breadcrumb\"},\"inLanguage\":\"pl-PL\",\"potentialAction\":[{\"@type\":\"ReadAction\",\"target\":[\"https:\\\/\\\/vozolvapen.de\\\/product\\\/vozol-neon-45000-mango-ice\\\/\"]}]},{\"@type\":\"ImageObject\",\"inLanguage\":\"pl-PL\",\"@id\":\"https:\\\/\\\/vozolvapen.de\\\/product\\\/vozol-neon-45000-mango-ice\\\/#primaryimage\",\"url\":\"https:\\\/\\\/vozolvapen.de\\\/wp-content\\\/uploads\\\/2025\\\/12\\\/Vozol-Neon-45000-MANGO-ICE.webp\",\"contentUrl\":\"https:\\\/\\\/vozolvapen.de\\\/wp-content\\\/uploads\\\/2025\\\/12\\\/Vozol-Neon-45000-MANGO-ICE.webp\",\"width\":1200,\"height\":1200,\"caption\":\"Vozol Neon 45000 - MANGO ICE\"},{\"@type\":\"BreadcrumbList\",\"@id\":\"https:\\\/\\\/vozolvapen.de\\\/product\\\/vozol-neon-45000-mango-ice\\\/#breadcrumb\",\"itemListElement\":[{\"@type\":\"ListItem\",\"position\":1,\"name\":\"Home\",\"item\":\"https:\\\/\\\/vozolvapen.de\\\/de\\\/\"},{\"@type\":\"ListItem\",\"position\":2,\"name\":\"Shop\",\"item\":\"https:\\\/\\\/vozolvapen.de\\\/shop\\\/\"},{\"@type\":\"ListItem\",\"position\":3,\"name\":\"VOZOL Neon 45000 &#8211; Mango Ice\"}]},{\"@type\":\"WebSite\",\"@id\":\"https:\\\/\\\/vozolvapen.de\\\/#website\",\"url\":\"https:\\\/\\\/vozolvapen.de\\\/\",\"name\":\"vozolvapen\",\"description\":\"vozolvapen\",\"publisher\":{\"@id\":\"https:\\\/\\\/vozolvapen.de\\\/#organization\"},\"potentialAction\":[{\"@type\":\"SearchAction\",\"target\":{\"@type\":\"EntryPoint\",\"urlTemplate\":\"https:\\\/\\\/vozolvapen.de\\\/?s={search_term_string}\"},\"query-input\":{\"@type\":\"PropertyValueSpecification\",\"valueRequired\":true,\"valueName\":\"search_term_string\"}}],\"inLanguage\":\"pl-PL\"},{\"@type\":\"Organization\",\"@id\":\"https:\\\/\\\/vozolvapen.de\\\/#organization\",\"name\":\"vozolvapen\",\"url\":\"https:\\\/\\\/vozolvapen.de\\\/\",\"logo\":{\"@type\":\"ImageObject\",\"inLanguage\":\"pl-PL\",\"@id\":\"https:\\\/\\\/vozolvapen.de\\\/#\\\/schema\\\/logo\\\/image\\\/\",\"url\":\"https:\\\/\\\/vozolvapen.de\\\/wp-content\\\/uploads\\\/2025\\\/12\\\/cropped-vozovapen-logo.webp\",\"contentUrl\":\"https:\\\/\\\/vozolvapen.de\\\/wp-content\\\/uploads\\\/2025\\\/12\\\/cropped-vozovapen-logo.webp\",\"width\":470,\"height\":110,\"caption\":\"vozolvapen\"},\"image\":{\"@id\":\"https:\\\/\\\/vozolvapen.de\\\/#\\\/schema\\\/logo\\\/image\\\/\"}}]}<\/script>\n<!-- \/ Yoast SEO Premium plugin. -->","yoast_head_json":{"title":"VOZOL Neon 45000 Mango Ice - Tropical Mango vozol neon Icy Burst - vozolvapen","description":"Creamy Mango Ice osi\u0105ga sw\u00f3j szczyt w VOZOL Neon 45000. Dostosuj poziom lodu (4 poziomy) i ciesz si\u0119 45000 zaci\u0105gni\u0119\u0107 tropikalnego ch\u0142odu.","robots":{"index":"index","follow":"follow","max-snippet":"max-snippet:-1","max-image-preview":"max-image-preview:large","max-video-preview":"max-video-preview:-1"},"canonical":"https:\/\/vozolvapen.de\/pl\/product\/vozol-neon-45000-mango-ice\/","og_locale":"pl_PL","og_type":"article","og_title":"VOZOL Neon 45000 - Mango Ice","og_description":"Creamy Mango Ice reaches its peak on the VOZOL Neon 45000. Customize your ice level (4 levels) and enjoy 45000 puffs of tropical cooling.","og_url":"https:\/\/vozolvapen.de\/pl\/product\/vozol-neon-45000-mango-ice\/","og_site_name":"vozolvapen","article_modified_time":"2026-02-10T11:23:32+00:00","og_image":[{"width":1200,"height":1200,"url":"https:\/\/vozolvapen.de\/wp-content\/uploads\/2025\/12\/Vozol-Neon-45000-MANGO-ICE.webp","type":"image\/webp"}],"twitter_card":"summary_large_image","twitter_misc":{"Szacowany czas czytania":"2 minuty"},"schema":{"@context":"https:\/\/schema.org","@graph":[{"@type":"WebPage","@id":"https:\/\/vozolvapen.de\/product\/vozol-neon-45000-mango-ice\/","url":"https:\/\/vozolvapen.de\/product\/vozol-neon-45000-mango-ice\/","name":"VOZOL Neon 45000 Mango Ice - Tropical Mango vozol neon Icy Burst - vozolvapen","isPartOf":{"@id":"https:\/\/vozolvapen.de\/#website"},"primaryImageOfPage":{"@id":"https:\/\/vozolvapen.de\/product\/vozol-neon-45000-mango-ice\/#primaryimage"},"image":{"@id":"https:\/\/vozolvapen.de\/product\/vozol-neon-45000-mango-ice\/#primaryimage"},"thumbnailUrl":"https:\/\/vozolvapen.de\/wp-content\/uploads\/2025\/12\/Vozol-Neon-45000-MANGO-ICE.webp","datePublished":"2025-12-04T08:19:16+00:00","dateModified":"2026-02-10T11:23:32+00:00","description":"Creamy Mango Ice osi\u0105ga sw\u00f3j szczyt w VOZOL Neon 45000. Dostosuj poziom lodu (4 poziomy) i ciesz si\u0119 45000 zaci\u0105gni\u0119\u0107 tropikalnego ch\u0142odu.","breadcrumb":{"@id":"https:\/\/vozolvapen.de\/product\/vozol-neon-45000-mango-ice\/#breadcrumb"},"inLanguage":"pl-PL","potentialAction":[{"@type":"ReadAction","target":["https:\/\/vozolvapen.de\/product\/vozol-neon-45000-mango-ice\/"]}]},{"@type":"ImageObject","inLanguage":"pl-PL","@id":"https:\/\/vozolvapen.de\/product\/vozol-neon-45000-mango-ice\/#primaryimage","url":"https:\/\/vozolvapen.de\/wp-content\/uploads\/2025\/12\/Vozol-Neon-45000-MANGO-ICE.webp","contentUrl":"https:\/\/vozolvapen.de\/wp-content\/uploads\/2025\/12\/Vozol-Neon-45000-MANGO-ICE.webp","width":1200,"height":1200,"caption":"Vozol Neon 45000 - MANGO ICE"},{"@type":"BreadcrumbList","@id":"https:\/\/vozolvapen.de\/product\/vozol-neon-45000-mango-ice\/#breadcrumb","itemListElement":[{"@type":"ListItem","position":1,"name":"Home","item":"https:\/\/vozolvapen.de\/de\/"},{"@type":"ListItem","position":2,"name":"Shop","item":"https:\/\/vozolvapen.de\/shop\/"},{"@type":"ListItem","position":3,"name":"VOZOL Neon 45000 &#8211; Mango Ice"}]},{"@type":"WebSite","@id":"https:\/\/vozolvapen.de\/#website","url":"https:\/\/vozolvapen.de\/","name":"vozolvapen","description":"vozolvapen","publisher":{"@id":"https:\/\/vozolvapen.de\/#organization"},"potentialAction":[{"@type":"SearchAction","target":{"@type":"EntryPoint","urlTemplate":"https:\/\/vozolvapen.de\/?s={search_term_string}"},"query-input":{"@type":"PropertyValueSpecification","valueRequired":true,"valueName":"search_term_string"}}],"inLanguage":"pl-PL"},{"@type":"Organization","@id":"https:\/\/vozolvapen.de\/#organization","name":"vozolvapen","url":"https:\/\/vozolvapen.de\/","logo":{"@type":"ImageObject","inLanguage":"pl-PL","@id":"https:\/\/vozolvapen.de\/#\/schema\/logo\/image\/","url":"https:\/\/vozolvapen.de\/wp-content\/uploads\/2025\/12\/cropped-vozovapen-logo.webp","contentUrl":"https:\/\/vozolvapen.de\/wp-content\/uploads\/2025\/12\/cropped-vozovapen-logo.webp","width":470,"height":110,"caption":"vozolvapen"},"image":{"@id":"https:\/\/vozolvapen.de\/#\/schema\/logo\/image\/"}}]}},"tiered_pricing_type":"fixed","tiered_pricing_fixed_rules":{"30":"14.39","50":"11.89","100":"11.39","200":"10.39"},"tiered_pricing_product_settings":{"layout":"default","base_unit_name":{"singular":null,"plural":null},"default_variation":{}},"tiered_pricing_minimum_quantity":10,"tiered_pricing_roles_data":[],"tiered_pricing_percentage_rules":[],"tiered_pricing_maximum_quantity":null,"tiered_pricing_quantity_step":"10","_links":{"self":[{"href":"https:\/\/vozolvapen.de\/pl\/wp-json\/wp\/v2\/product\/7486","targetHints":{"allow":["GET"]}}],"collection":[{"href":"https:\/\/vozolvapen.de\/pl\/wp-json\/wp\/v2\/product"}],"about":[{"href":"https:\/\/vozolvapen.de\/pl\/wp-json\/wp\/v2\/types\/product"}],"replies":[{"embeddable":true,"href":"https:\/\/vozolvapen.de\/pl\/wp-json\/wp\/v2\/comments?post=7486"}],"wp:featuredmedia":[{"embeddable":true,"href":"https:\/\/vozolvapen.de\/pl\/wp-json\/wp\/v2\/media\/7507"}],"wp:attachment":[{"href":"https:\/\/vozolvapen.de\/pl\/wp-json\/wp\/v2\/media?parent=7486"}],"wp:term":[{"taxonomy":"product_brand","embeddable":true,"href":"https:\/\/vozolvapen.de\/pl\/wp-json\/wp\/v2\/product_brand?post=7486"},{"taxonomy":"product_cat","embeddable":true,"href":"https:\/\/vozolvapen.de\/pl\/wp-json\/wp\/v2\/product_cat?post=7486"},{"taxonomy":"product_tag","embeddable":true,"href":"https:\/\/vozolvapen.de\/pl\/wp-json\/wp\/v2\/product_tag?post=7486"}],"curies":[{"name":"wp","href":"https:\/\/api.w.org\/{rel}","templated":true}]}}