{"id":7596,"date":"2025-12-05T08:23:43","date_gmt":"2025-12-05T08:23:43","guid":{"rendered":"https:\/\/vozolvapen.de\/?post_type=product&#038;p=7596"},"modified":"2026-02-10T11:22:04","modified_gmt":"2026-02-10T11:22:04","slug":"jnr-falcon-16000-grapefruit-lemonade-ice","status":"publish","type":"product","link":"https:\/\/vozolvapen.de\/pl\/product\/jnr-falcon-16000-grapefruit-lemonade-ice\/","title":{"rendered":"JNR Falcon 16000 - Grejpfrutowa Lemoniada Lodowa"},"content":{"rendered":"<h1 data-path-to-node=\"54\"><span data-path-to-node=\"20,4,1,0\">JNR Falcon 16000 Puffs - Grapefruit Lemonade Ice<\/span><\/h1>\n<h2 data-path-to-node=\"54\"><span data-path-to-node=\"20,5,0,0\"><b>Profil smakowy<\/b><\/span><\/h2>\n<p>Eksplozja cytrus\u00f3w. Intensywnie pikantne i lekko gorzkie nuty \u015bwie\u017cego grejpfruta s\u0105 doskonale zmieszane z klasyczn\u0105 s\u0142odk\u0105 lemoniad\u0105, podawan\u0105 z lodem, aby uzyska\u0107 ostateczny ostry i orze\u017awiaj\u0105cy letni vape.<\/p>\n<h2 data-path-to-node=\"61\"><b>Wydajno\u015b\u0107 Falcon 16000<\/b><\/h2>\n<p data-path-to-node=\"62\">The <b>JNR Falcon 16000<\/b> zosta\u0142 zaprojektowany, aby uzupe\u0142ni\u0107 ka\u017cdy profil smakowy. Zasilany przez wysokowydajny <b>850 mAh<\/b> akumulator i masywny <b>22 ml<\/b> To urz\u0105dzenie zosta\u0142o zaprojektowane z my\u015bl\u0105 o maksymalnej wydajno\u015bci i trwa\u0142o\u015bci. Zintegrowany <b>Cewka Dual Mesh 1,0\u03a9<\/b> zapewnia r\u00f3wnomierne rozprowadzanie ciep\u0142a, wydobywaj\u0105c najczystszy i najbardziej intensywny smak od pierwszego do 16000 puffa.<\/p>\n<h2 data-path-to-node=\"63\"><b>Kluczowe cechy JNR Falcon 16000:<\/b><\/h2>\n<ul>\n<li data-path-to-node=\"64,0,0\"><b>Wygoda podw\u00f3jnego \u0142adowania:<\/b> Wyposa\u017cony zar\u00f3wno w <b>Typ C i o\u015bwietlenie Quick Charge<\/b> port\u00f3w, zapewniaj\u0105c \u0142atwe \u0142adowanie baterii o pojemno\u015bci 850 mAh.<\/li>\n<li data-path-to-node=\"64,1,0\"><b>Konfigurowalny przep\u0142yw powietrza:<\/b> Dostosuj swoje wra\u017cenia z waporyzacji za pomoc\u0105 <b>Regulowany przep\u0142yw powietrza<\/b> umo\u017cliwiaj\u0105c prze\u0142\u0105czanie mi\u0119dzy cia\u015bniejszym MTL lub bardziej przewiewnym RDL.<\/li>\n<li data-path-to-node=\"64,2,0\"><b>Europejska przewaga hurtowa:<\/b> Zaopatrz si\u0119 bez obaw. Wysy\u0142amy ten najlepiej sprzedaj\u0105cy si\u0119 <b>puff JNR 16k<\/b> bezpo\u015brednio z naszego <b>Magazyn europejski<\/b> dla szybkiego, niezawodnego <b>Dostawa w ci\u0105gu 1-3 dni<\/b>.<\/li>\n<\/ul>\n<p data-path-to-node=\"65\"><b>Zam\u00f3w sw\u00f3j Grapefruit Lemonade Ice JNR Falcon 16000 ju\u017c dzi\u015b i poczuj r\u00f3\u017cnic\u0119 w wydajno\u015bci i jako\u015bci.<\/b><\/p>\n<h3 data-path-to-node=\"54\"><span style=\"font-size: 16px;\">Oto dalsze zalecenia dla Ciebie:<\/span><\/h3>\n<p dir=\"auto\">Odkryj jeszcze wi\u0119cej niesamowitych smak\u00f3w dzi\u0119ki JNR Falcon 16000 Puff Vape!<\/p>\n<p dir=\"auto\"><a href=\"https:\/\/vozolvapen.de\/pl\/product-category\/jnr-vape\/jnr-falcon-16000-puff-vape\/\">Zobacz wszystkie odmiany tutaj \u2192<\/a><\/p>\n<p dir=\"auto\">Zapoznaj si\u0119 z nasz\u0105 pe\u0142n\u0105 kolekcj\u0105 i kupuj produkty najlepszych marek vape, kt\u00f3re pokochasz.<\/p>\n<p dir=\"auto\"><a href=\"https:\/\/vozolvapen.de\/pl\/\">Przegl\u0105daj teraz wszystkie marki \u2192<\/a><\/p>\n<p dir=\"auto\">Sprawd\u017a ca\u0142\u0105 seri\u0119 JNR Vape - ka\u017cdy smak, ka\u017cdy styl!<\/p>\n<p dir=\"auto\"><a href=\"https:\/\/vozolvapen.de\/pl\/product-category\/jnr-vape\/\">Zobacz pe\u0142n\u0105 kolekcj\u0119 JNR Vape \u2192<\/a><\/p>","protected":false},"excerpt":{"rendered":"<p>Pikantny grejpfrut i klasyczna lemoniada podawane z lodem.<\/p>","protected":false},"featured_media":7616,"comment_status":"open","ping_status":"closed","template":"","meta":{"_acf_changed":false},"product_brand":[],"product_cat":[134,60],"product_tag":[],"class_list":{"0":"post-7596","1":"product","2":"type-product","3":"status-publish","4":"has-post-thumbnail","6":"product_cat-eu-warehouse-in-stock","7":"product_cat-jnr-falcon-16000-puff-vape","9":"first","10":"instock","11":"shipping-taxable","12":"purchasable","13":"product-type-variable"},"acf":[],"yoast_head":"<!-- This site is optimized with the Yoast SEO Premium plugin v26.1 (Yoast SEO v27.5) - https:\/\/yoast.com\/product\/yoast-seo-premium-wordpress\/ -->\n<title>Grapefruit Lemonade Ice - JNR Falcon 16000 Puffs Flavor - vozolvapen<\/title>\n<meta name=\"description\" content=\"Buy JNR Falcon 16000 Grapefruit Lemonade Ice. Tangy grapefruit and classic lemonade on ice. Tropical flavor, 850mAh battery, fast EU delivery.\" \/>\n<meta name=\"robots\" content=\"index, follow, max-snippet:-1, max-image-preview:large, max-video-preview:-1\" \/>\n<link rel=\"canonical\" href=\"https:\/\/vozolvapen.de\/pl\/product\/jnr-falcon-16000-grapefruit-lemonade-ice\/\" \/>\n<meta property=\"og:locale\" content=\"pl_PL\" \/>\n<meta property=\"og:type\" content=\"article\" \/>\n<meta property=\"og:title\" content=\"JNR Falcon 16000 - Grapefruit Lemonade Ice\" \/>\n<meta property=\"og:description\" content=\"Buy JNR Falcon 16000 Grapefruit Lemonade Ice. Tangy grapefruit and classic lemonade on ice. Tropical flavor, 850mAh battery, fast EU delivery.\" \/>\n<meta property=\"og:url\" content=\"https:\/\/vozolvapen.de\/pl\/product\/jnr-falcon-16000-grapefruit-lemonade-ice\/\" \/>\n<meta property=\"og:site_name\" content=\"vozolvapen\" \/>\n<meta property=\"article:modified_time\" content=\"2026-02-10T11:22:04+00:00\" \/>\n<meta property=\"og:image\" content=\"https:\/\/vozolvapen.de\/wp-content\/uploads\/2025\/12\/JNR-Falcon-16000-Puff-Vape-Grapefruit-lemonade-ice.webp\" \/>\n\t<meta property=\"og:image:width\" content=\"1200\" \/>\n\t<meta property=\"og:image:height\" content=\"1200\" \/>\n\t<meta property=\"og:image:type\" content=\"image\/webp\" \/>\n<meta name=\"twitter:card\" content=\"summary_large_image\" \/>\n<meta name=\"twitter:label1\" content=\"Szacowany czas czytania\" \/>\n\t<meta name=\"twitter:data1\" content=\"2 minuty\" \/>\n<script type=\"application\/ld+json\" class=\"yoast-schema-graph\">{\"@context\":\"https:\\\/\\\/schema.org\",\"@graph\":[{\"@type\":\"WebPage\",\"@id\":\"https:\\\/\\\/vozolvapen.de\\\/product\\\/jnr-falcon-16000-grapefruit-lemonade-ice\\\/\",\"url\":\"https:\\\/\\\/vozolvapen.de\\\/product\\\/jnr-falcon-16000-grapefruit-lemonade-ice\\\/\",\"name\":\"Grapefruit Lemonade Ice - JNR Falcon 16000 Puffs Flavor - vozolvapen\",\"isPartOf\":{\"@id\":\"https:\\\/\\\/vozolvapen.de\\\/#website\"},\"primaryImageOfPage\":{\"@id\":\"https:\\\/\\\/vozolvapen.de\\\/product\\\/jnr-falcon-16000-grapefruit-lemonade-ice\\\/#primaryimage\"},\"image\":{\"@id\":\"https:\\\/\\\/vozolvapen.de\\\/product\\\/jnr-falcon-16000-grapefruit-lemonade-ice\\\/#primaryimage\"},\"thumbnailUrl\":\"https:\\\/\\\/vozolvapen.de\\\/wp-content\\\/uploads\\\/2025\\\/12\\\/JNR-Falcon-16000-Puff-Vape-Grapefruit-lemonade-ice.webp\",\"datePublished\":\"2025-12-05T08:23:43+00:00\",\"dateModified\":\"2026-02-10T11:22:04+00:00\",\"description\":\"Buy JNR Falcon 16000 Grapefruit Lemonade Ice. Tangy grapefruit and classic lemonade on ice. Tropical flavor, 850mAh battery, fast EU delivery.\",\"breadcrumb\":{\"@id\":\"https:\\\/\\\/vozolvapen.de\\\/product\\\/jnr-falcon-16000-grapefruit-lemonade-ice\\\/#breadcrumb\"},\"inLanguage\":\"pl-PL\",\"potentialAction\":[{\"@type\":\"ReadAction\",\"target\":[\"https:\\\/\\\/vozolvapen.de\\\/product\\\/jnr-falcon-16000-grapefruit-lemonade-ice\\\/\"]}]},{\"@type\":\"ImageObject\",\"inLanguage\":\"pl-PL\",\"@id\":\"https:\\\/\\\/vozolvapen.de\\\/product\\\/jnr-falcon-16000-grapefruit-lemonade-ice\\\/#primaryimage\",\"url\":\"https:\\\/\\\/vozolvapen.de\\\/wp-content\\\/uploads\\\/2025\\\/12\\\/JNR-Falcon-16000-Puff-Vape-Grapefruit-lemonade-ice.webp\",\"contentUrl\":\"https:\\\/\\\/vozolvapen.de\\\/wp-content\\\/uploads\\\/2025\\\/12\\\/JNR-Falcon-16000-Puff-Vape-Grapefruit-lemonade-ice.webp\",\"width\":1200,\"height\":1200,\"caption\":\"JNR Falcon 16000 Puff Vape - Grapefruit lemonade ice\"},{\"@type\":\"BreadcrumbList\",\"@id\":\"https:\\\/\\\/vozolvapen.de\\\/product\\\/jnr-falcon-16000-grapefruit-lemonade-ice\\\/#breadcrumb\",\"itemListElement\":[{\"@type\":\"ListItem\",\"position\":1,\"name\":\"Home\",\"item\":\"https:\\\/\\\/vozolvapen.de\\\/de\\\/\"},{\"@type\":\"ListItem\",\"position\":2,\"name\":\"Shop\",\"item\":\"https:\\\/\\\/vozolvapen.de\\\/shop\\\/\"},{\"@type\":\"ListItem\",\"position\":3,\"name\":\"JNR Falcon 16000 &#8211; Grapefruit Lemonade Ice\"}]},{\"@type\":\"WebSite\",\"@id\":\"https:\\\/\\\/vozolvapen.de\\\/#website\",\"url\":\"https:\\\/\\\/vozolvapen.de\\\/\",\"name\":\"vozolvapen\",\"description\":\"vozolvapen\",\"publisher\":{\"@id\":\"https:\\\/\\\/vozolvapen.de\\\/#organization\"},\"potentialAction\":[{\"@type\":\"SearchAction\",\"target\":{\"@type\":\"EntryPoint\",\"urlTemplate\":\"https:\\\/\\\/vozolvapen.de\\\/?s={search_term_string}\"},\"query-input\":{\"@type\":\"PropertyValueSpecification\",\"valueRequired\":true,\"valueName\":\"search_term_string\"}}],\"inLanguage\":\"pl-PL\"},{\"@type\":\"Organization\",\"@id\":\"https:\\\/\\\/vozolvapen.de\\\/#organization\",\"name\":\"vozolvapen\",\"url\":\"https:\\\/\\\/vozolvapen.de\\\/\",\"logo\":{\"@type\":\"ImageObject\",\"inLanguage\":\"pl-PL\",\"@id\":\"https:\\\/\\\/vozolvapen.de\\\/#\\\/schema\\\/logo\\\/image\\\/\",\"url\":\"https:\\\/\\\/vozolvapen.de\\\/wp-content\\\/uploads\\\/2025\\\/12\\\/cropped-vozovapen-logo.webp\",\"contentUrl\":\"https:\\\/\\\/vozolvapen.de\\\/wp-content\\\/uploads\\\/2025\\\/12\\\/cropped-vozovapen-logo.webp\",\"width\":470,\"height\":110,\"caption\":\"vozolvapen\"},\"image\":{\"@id\":\"https:\\\/\\\/vozolvapen.de\\\/#\\\/schema\\\/logo\\\/image\\\/\"}}]}<\/script>\n<!-- \/ Yoast SEO Premium plugin. -->","yoast_head_json":{"title":"Grapefruit Lemonade Ice - JNR Falcon 16000 Puffs Flavor - vozolvapen","description":"Kup JNR Falcon 16000 Grejpfrutowa Lemoniada Lodowa. Pikantny grejpfrut i klasyczna lemoniada z lodem. Tropikalny smak, bateria 850 mAh, szybka dostawa do UE.","robots":{"index":"index","follow":"follow","max-snippet":"max-snippet:-1","max-image-preview":"max-image-preview:large","max-video-preview":"max-video-preview:-1"},"canonical":"https:\/\/vozolvapen.de\/pl\/product\/jnr-falcon-16000-grapefruit-lemonade-ice\/","og_locale":"pl_PL","og_type":"article","og_title":"JNR Falcon 16000 - Grapefruit Lemonade Ice","og_description":"Buy JNR Falcon 16000 Grapefruit Lemonade Ice. Tangy grapefruit and classic lemonade on ice. Tropical flavor, 850mAh battery, fast EU delivery.","og_url":"https:\/\/vozolvapen.de\/pl\/product\/jnr-falcon-16000-grapefruit-lemonade-ice\/","og_site_name":"vozolvapen","article_modified_time":"2026-02-10T11:22:04+00:00","og_image":[{"width":1200,"height":1200,"url":"https:\/\/vozolvapen.de\/wp-content\/uploads\/2025\/12\/JNR-Falcon-16000-Puff-Vape-Grapefruit-lemonade-ice.webp","type":"image\/webp"}],"twitter_card":"summary_large_image","twitter_misc":{"Szacowany czas czytania":"2 minuty"},"schema":{"@context":"https:\/\/schema.org","@graph":[{"@type":"WebPage","@id":"https:\/\/vozolvapen.de\/product\/jnr-falcon-16000-grapefruit-lemonade-ice\/","url":"https:\/\/vozolvapen.de\/product\/jnr-falcon-16000-grapefruit-lemonade-ice\/","name":"Grapefruit Lemonade Ice - JNR Falcon 16000 Puffs Flavor - vozolvapen","isPartOf":{"@id":"https:\/\/vozolvapen.de\/#website"},"primaryImageOfPage":{"@id":"https:\/\/vozolvapen.de\/product\/jnr-falcon-16000-grapefruit-lemonade-ice\/#primaryimage"},"image":{"@id":"https:\/\/vozolvapen.de\/product\/jnr-falcon-16000-grapefruit-lemonade-ice\/#primaryimage"},"thumbnailUrl":"https:\/\/vozolvapen.de\/wp-content\/uploads\/2025\/12\/JNR-Falcon-16000-Puff-Vape-Grapefruit-lemonade-ice.webp","datePublished":"2025-12-05T08:23:43+00:00","dateModified":"2026-02-10T11:22:04+00:00","description":"Kup JNR Falcon 16000 Grejpfrutowa Lemoniada Lodowa. Pikantny grejpfrut i klasyczna lemoniada z lodem. Tropikalny smak, bateria 850 mAh, szybka dostawa do UE.","breadcrumb":{"@id":"https:\/\/vozolvapen.de\/product\/jnr-falcon-16000-grapefruit-lemonade-ice\/#breadcrumb"},"inLanguage":"pl-PL","potentialAction":[{"@type":"ReadAction","target":["https:\/\/vozolvapen.de\/product\/jnr-falcon-16000-grapefruit-lemonade-ice\/"]}]},{"@type":"ImageObject","inLanguage":"pl-PL","@id":"https:\/\/vozolvapen.de\/product\/jnr-falcon-16000-grapefruit-lemonade-ice\/#primaryimage","url":"https:\/\/vozolvapen.de\/wp-content\/uploads\/2025\/12\/JNR-Falcon-16000-Puff-Vape-Grapefruit-lemonade-ice.webp","contentUrl":"https:\/\/vozolvapen.de\/wp-content\/uploads\/2025\/12\/JNR-Falcon-16000-Puff-Vape-Grapefruit-lemonade-ice.webp","width":1200,"height":1200,"caption":"JNR Falcon 16000 Puff Vape - Grapefruit lemonade ice"},{"@type":"BreadcrumbList","@id":"https:\/\/vozolvapen.de\/product\/jnr-falcon-16000-grapefruit-lemonade-ice\/#breadcrumb","itemListElement":[{"@type":"ListItem","position":1,"name":"Home","item":"https:\/\/vozolvapen.de\/de\/"},{"@type":"ListItem","position":2,"name":"Shop","item":"https:\/\/vozolvapen.de\/shop\/"},{"@type":"ListItem","position":3,"name":"JNR Falcon 16000 &#8211; Grapefruit Lemonade Ice"}]},{"@type":"WebSite","@id":"https:\/\/vozolvapen.de\/#website","url":"https:\/\/vozolvapen.de\/","name":"vozolvapen","description":"vozolvapen","publisher":{"@id":"https:\/\/vozolvapen.de\/#organization"},"potentialAction":[{"@type":"SearchAction","target":{"@type":"EntryPoint","urlTemplate":"https:\/\/vozolvapen.de\/?s={search_term_string}"},"query-input":{"@type":"PropertyValueSpecification","valueRequired":true,"valueName":"search_term_string"}}],"inLanguage":"pl-PL"},{"@type":"Organization","@id":"https:\/\/vozolvapen.de\/#organization","name":"vozolvapen","url":"https:\/\/vozolvapen.de\/","logo":{"@type":"ImageObject","inLanguage":"pl-PL","@id":"https:\/\/vozolvapen.de\/#\/schema\/logo\/image\/","url":"https:\/\/vozolvapen.de\/wp-content\/uploads\/2025\/12\/cropped-vozovapen-logo.webp","contentUrl":"https:\/\/vozolvapen.de\/wp-content\/uploads\/2025\/12\/cropped-vozovapen-logo.webp","width":470,"height":110,"caption":"vozolvapen"},"image":{"@id":"https:\/\/vozolvapen.de\/#\/schema\/logo\/image\/"}}]}},"tiered_pricing_type":"fixed","tiered_pricing_fixed_rules":{"30":"13.63","50":"10.63","100":"9.63","200":"8.63"},"tiered_pricing_product_settings":{"layout":"default","base_unit_name":{"singular":null,"plural":null},"default_variation":{}},"tiered_pricing_minimum_quantity":10,"tiered_pricing_roles_data":[],"tiered_pricing_percentage_rules":[],"tiered_pricing_maximum_quantity":null,"tiered_pricing_quantity_step":"9","_links":{"self":[{"href":"https:\/\/vozolvapen.de\/pl\/wp-json\/wp\/v2\/product\/7596","targetHints":{"allow":["GET"]}}],"collection":[{"href":"https:\/\/vozolvapen.de\/pl\/wp-json\/wp\/v2\/product"}],"about":[{"href":"https:\/\/vozolvapen.de\/pl\/wp-json\/wp\/v2\/types\/product"}],"replies":[{"embeddable":true,"href":"https:\/\/vozolvapen.de\/pl\/wp-json\/wp\/v2\/comments?post=7596"}],"wp:featuredmedia":[{"embeddable":true,"href":"https:\/\/vozolvapen.de\/pl\/wp-json\/wp\/v2\/media\/7616"}],"wp:attachment":[{"href":"https:\/\/vozolvapen.de\/pl\/wp-json\/wp\/v2\/media?parent=7596"}],"wp:term":[{"taxonomy":"product_brand","embeddable":true,"href":"https:\/\/vozolvapen.de\/pl\/wp-json\/wp\/v2\/product_brand?post=7596"},{"taxonomy":"product_cat","embeddable":true,"href":"https:\/\/vozolvapen.de\/pl\/wp-json\/wp\/v2\/product_cat?post=7596"},{"taxonomy":"product_tag","embeddable":true,"href":"https:\/\/vozolvapen.de\/pl\/wp-json\/wp\/v2\/product_tag?post=7596"}],"curies":[{"name":"wp","href":"https:\/\/api.w.org\/{rel}","templated":true}]}}