{"id":7204,"date":"2025-12-02T07:01:30","date_gmt":"2025-12-02T07:01:30","guid":{"rendered":"https:\/\/vozolvapen.de\/?page_id=7204"},"modified":"2025-12-02T07:02:11","modified_gmt":"2025-12-02T07:02:11","slug":"frakt-och-sparning","status":"publish","type":"page","link":"https:\/\/vozolvapen.de\/sv\/shipping-and-tracking\/","title":{"rendered":"Frakt och sp\u00e5rning"},"content":{"rendered":"<h3 class=\"wp-block-heading\"><strong>Frakt \u00f6ver hela v\u00e4rlden<\/strong><\/h3>\n\n\n\n<p>Vi erbjuder <strong>snabb och p\u00e5litlig frakt \u00f6ver hela v\u00e4rlden<\/strong>, som t\u00e4cker Europa, Nordamerika och andra delar av v\u00e4rlden, inklusive USA, Storbritannien, Tyskland, Frankrike, Italien, Spanien, Nederl\u00e4nderna, Belgien, Portugal, Sverige, Polen med mera.<\/p>\n\n\n\n<ul class=\"wp-block-list\">\n<li><strong>Fr\u00e5n EU:s lager:<\/strong> 1-3 arbetsdagar<\/li>\n\n\n\n<li><strong>Fr\u00e5n Kina lager:<\/strong> 10-15 arbetsdagar<\/li>\n<\/ul>\n\n\n\n<p>Alla best\u00e4llningar anv\u00e4nder <strong>DDP (Delivered Duty Paid)<\/strong> frakt, betydelse <strong>inga extra tullavgifter eller importskatter<\/strong>.<\/p>\n\n\n\n<hr class=\"wp-block-separator has-alpha-channel-opacity\"\/>\n\n\n\n<h3 class=\"wp-block-heading\"><strong>Sp\u00e5rning av order<\/strong><\/h3>\n\n\n\n<p>N\u00e4r din best\u00e4llning har skickats kommer du att f\u00e5 ett <strong>sp\u00e5rningsnummer via e-post eller meddelande<\/strong>. Anv\u00e4nd det h\u00e4r numret f\u00f6r att \u00f6vervaka din s\u00e4ndning direkt p\u00e5 kurirens webbplats.<\/p>\n\n\n\n<p><strong>V\u00e4nligen notera:<\/strong> Sp\u00e5rningsuppdateringar kan ta 1-2 arbetsdagar att visas efter avs\u00e4ndning.<\/p>\n\n\n\n<p>Om du upplever n\u00e5gra problem med sp\u00e5rningen, kontakta v\u00e5r <strong>kundtj\u00e4nstteam<\/strong> via e-post eller WhatsApp - vi \u00e4r glada att kunna hj\u00e4lpa dig.<\/p>\n\n\n\n<hr class=\"wp-block-separator has-alpha-channel-opacity\"\/>\n\n\n\n<h3 class=\"wp-block-heading\"><strong>Flera paket<\/strong><\/h3>\n\n\n\n<p>N\u00e4r det \u00e4r m\u00f6jligt skickar vi alla varor i <strong>ett paket<\/strong> f\u00f6r snabbare leverans.<br>Om din best\u00e4llning inneh\u00e5ller produkter fr\u00e5n <strong>olika lager<\/strong>, kan de anl\u00e4nda separat, var och en med sitt eget sp\u00e5rningsnummer.<\/p>\n\n\n\n<hr class=\"wp-block-separator has-alpha-channel-opacity\"\/>\n\n\n\n<h3 class=\"wp-block-heading\"><strong>Beh\u00f6ver du hj\u00e4lp?<\/strong><\/h3>\n\n\n\n<p>F\u00f6r fr\u00e5gor om frakt eller sp\u00e5rning, kontakta oss p\u00e5:<\/p>\n\n\n\n<ul class=\"wp-block-list\">\n<li><strong>E-post:<\/strong> <a>support@vozolvapen.com<\/a><\/li>\n\n\n\n<li><strong>WhatsApp:<\/strong> +86 18024174651<\/li>\n<\/ul>\n\n\n\n<p><\/p>","protected":false},"excerpt":{"rendered":"<p>Worldwide Shipping We offer fast and reliable shipping worldwide, covering Europe, North America, and beyond, including the US, UK, Germany, France, Italy, Spain, Netherlands, Belgium, Portugal, Sweden, Poland, and more. All orders use DDP (Delivered Duty Paid) shipping, meaning no extra customs fees or import taxes. Order Tracking Once your order has been shipped, you\u2019ll [&hellip;]<\/p>\n","protected":false},"author":1,"featured_media":0,"parent":0,"menu_order":0,"comment_status":"closed","ping_status":"closed","template":"","meta":{"_acf_changed":false,"footnotes":""},"class_list":["post-7204","page","type-page","status-publish","hentry"],"acf":[],"yoast_head":"<!-- This site is optimized with the Yoast SEO Premium plugin v26.1 (Yoast SEO v27.5) - https:\/\/yoast.com\/product\/yoast-seo-premium-wordpress\/ -->\n<title>Shipping and Tracking - vozolvapen<\/title>\n<meta name=\"robots\" content=\"index, follow, max-snippet:-1, max-image-preview:large, max-video-preview:-1\" \/>\n<link rel=\"canonical\" href=\"https:\/\/vozolvapen.de\/sv\/frakt-och-sparning\/\" \/>\n<meta property=\"og:locale\" content=\"sv_SE\" \/>\n<meta property=\"og:type\" content=\"article\" \/>\n<meta property=\"og:title\" content=\"Shipping and Tracking\" \/>\n<meta property=\"og:description\" content=\"Worldwide Shipping We offer fast and reliable shipping worldwide, covering Europe, North America, and beyond, including the US, UK, Germany, France, Italy, Spain, Netherlands, Belgium, Portugal, Sweden, Poland, and more. All orders use DDP (Delivered Duty Paid) shipping, meaning no extra customs fees or import taxes. Order Tracking Once your order has been shipped, you\u2019ll [&hellip;]\" \/>\n<meta property=\"og:url\" content=\"https:\/\/vozolvapen.de\/sv\/frakt-och-sparning\/\" \/>\n<meta property=\"og:site_name\" content=\"vozolvapen\" \/>\n<meta property=\"article:modified_time\" content=\"2025-12-02T07:02:11+00:00\" \/>\n<meta name=\"twitter:card\" content=\"summary_large_image\" \/>\n<meta name=\"twitter:label1\" content=\"Ber\u00e4knad l\u00e4stid\" \/>\n\t<meta name=\"twitter:data1\" content=\"1 minut\" \/>\n<script type=\"application\/ld+json\" class=\"yoast-schema-graph\">{\"@context\":\"https:\\\/\\\/schema.org\",\"@graph\":[{\"@type\":\"WebPage\",\"@id\":\"https:\\\/\\\/vozolvapen.de\\\/shipping-and-tracking\\\/\",\"url\":\"https:\\\/\\\/vozolvapen.de\\\/shipping-and-tracking\\\/\",\"name\":\"Shipping and Tracking - vozolvapen\",\"isPartOf\":{\"@id\":\"https:\\\/\\\/vozolvapen.de\\\/#website\"},\"datePublished\":\"2025-12-02T07:01:30+00:00\",\"dateModified\":\"2025-12-02T07:02:11+00:00\",\"breadcrumb\":{\"@id\":\"https:\\\/\\\/vozolvapen.de\\\/shipping-and-tracking\\\/#breadcrumb\"},\"inLanguage\":\"sv-SE\",\"potentialAction\":[{\"@type\":\"ReadAction\",\"target\":[\"https:\\\/\\\/vozolvapen.de\\\/shipping-and-tracking\\\/\"]}]},{\"@type\":\"BreadcrumbList\",\"@id\":\"https:\\\/\\\/vozolvapen.de\\\/shipping-and-tracking\\\/#breadcrumb\",\"itemListElement\":[{\"@type\":\"ListItem\",\"position\":1,\"name\":\"Home\",\"item\":\"https:\\\/\\\/vozolvapen.de\\\/de\\\/\"},{\"@type\":\"ListItem\",\"position\":2,\"name\":\"Shipping and Tracking\"}]},{\"@type\":\"WebSite\",\"@id\":\"https:\\\/\\\/vozolvapen.de\\\/#website\",\"url\":\"https:\\\/\\\/vozolvapen.de\\\/\",\"name\":\"vozolvapen\",\"description\":\"vozolvapen\",\"publisher\":{\"@id\":\"https:\\\/\\\/vozolvapen.de\\\/#organization\"},\"potentialAction\":[{\"@type\":\"SearchAction\",\"target\":{\"@type\":\"EntryPoint\",\"urlTemplate\":\"https:\\\/\\\/vozolvapen.de\\\/?s={search_term_string}\"},\"query-input\":{\"@type\":\"PropertyValueSpecification\",\"valueRequired\":true,\"valueName\":\"search_term_string\"}}],\"inLanguage\":\"sv-SE\"},{\"@type\":\"Organization\",\"@id\":\"https:\\\/\\\/vozolvapen.de\\\/#organization\",\"name\":\"vozolvapen\",\"url\":\"https:\\\/\\\/vozolvapen.de\\\/\",\"logo\":{\"@type\":\"ImageObject\",\"inLanguage\":\"sv-SE\",\"@id\":\"https:\\\/\\\/vozolvapen.de\\\/#\\\/schema\\\/logo\\\/image\\\/\",\"url\":\"https:\\\/\\\/vozolvapen.de\\\/wp-content\\\/uploads\\\/2025\\\/12\\\/cropped-vozovapen-logo.webp\",\"contentUrl\":\"https:\\\/\\\/vozolvapen.de\\\/wp-content\\\/uploads\\\/2025\\\/12\\\/cropped-vozovapen-logo.webp\",\"width\":470,\"height\":110,\"caption\":\"vozolvapen\"},\"image\":{\"@id\":\"https:\\\/\\\/vozolvapen.de\\\/#\\\/schema\\\/logo\\\/image\\\/\"}}]}<\/script>\n<!-- \/ Yoast SEO Premium plugin. -->","yoast_head_json":{"title":"Frakt och sp\u00e5rning - vozolvapen","robots":{"index":"index","follow":"follow","max-snippet":"max-snippet:-1","max-image-preview":"max-image-preview:large","max-video-preview":"max-video-preview:-1"},"canonical":"https:\/\/vozolvapen.de\/sv\/frakt-och-sparning\/","og_locale":"sv_SE","og_type":"article","og_title":"Shipping and Tracking","og_description":"Worldwide Shipping We offer fast and reliable shipping worldwide, covering Europe, North America, and beyond, including the US, UK, Germany, France, Italy, Spain, Netherlands, Belgium, Portugal, Sweden, Poland, and more. All orders use DDP (Delivered Duty Paid) shipping, meaning no extra customs fees or import taxes. Order Tracking Once your order has been shipped, you\u2019ll [&hellip;]","og_url":"https:\/\/vozolvapen.de\/sv\/frakt-och-sparning\/","og_site_name":"vozolvapen","article_modified_time":"2025-12-02T07:02:11+00:00","twitter_card":"summary_large_image","twitter_misc":{"Ber\u00e4knad l\u00e4stid":"1 minut"},"schema":{"@context":"https:\/\/schema.org","@graph":[{"@type":"WebPage","@id":"https:\/\/vozolvapen.de\/shipping-and-tracking\/","url":"https:\/\/vozolvapen.de\/shipping-and-tracking\/","name":"Frakt och sp\u00e5rning - vozolvapen","isPartOf":{"@id":"https:\/\/vozolvapen.de\/#website"},"datePublished":"2025-12-02T07:01:30+00:00","dateModified":"2025-12-02T07:02:11+00:00","breadcrumb":{"@id":"https:\/\/vozolvapen.de\/shipping-and-tracking\/#breadcrumb"},"inLanguage":"sv-SE","potentialAction":[{"@type":"ReadAction","target":["https:\/\/vozolvapen.de\/shipping-and-tracking\/"]}]},{"@type":"BreadcrumbList","@id":"https:\/\/vozolvapen.de\/shipping-and-tracking\/#breadcrumb","itemListElement":[{"@type":"ListItem","position":1,"name":"Home","item":"https:\/\/vozolvapen.de\/de\/"},{"@type":"ListItem","position":2,"name":"Shipping and Tracking"}]},{"@type":"WebSite","@id":"https:\/\/vozolvapen.de\/#website","url":"https:\/\/vozolvapen.de\/","name":"vozolvapen","description":"vozolvapen","publisher":{"@id":"https:\/\/vozolvapen.de\/#organization"},"potentialAction":[{"@type":"SearchAction","target":{"@type":"EntryPoint","urlTemplate":"https:\/\/vozolvapen.de\/?s={search_term_string}"},"query-input":{"@type":"PropertyValueSpecification","valueRequired":true,"valueName":"search_term_string"}}],"inLanguage":"sv-SE"},{"@type":"Organization","@id":"https:\/\/vozolvapen.de\/#organization","name":"vozolvapen","url":"https:\/\/vozolvapen.de\/","logo":{"@type":"ImageObject","inLanguage":"sv-SE","@id":"https:\/\/vozolvapen.de\/#\/schema\/logo\/image\/","url":"https:\/\/vozolvapen.de\/wp-content\/uploads\/2025\/12\/cropped-vozovapen-logo.webp","contentUrl":"https:\/\/vozolvapen.de\/wp-content\/uploads\/2025\/12\/cropped-vozovapen-logo.webp","width":470,"height":110,"caption":"vozolvapen"},"image":{"@id":"https:\/\/vozolvapen.de\/#\/schema\/logo\/image\/"}}]}},"_links":{"self":[{"href":"https:\/\/vozolvapen.de\/sv\/wp-json\/wp\/v2\/pages\/7204","targetHints":{"allow":["GET"]}}],"collection":[{"href":"https:\/\/vozolvapen.de\/sv\/wp-json\/wp\/v2\/pages"}],"about":[{"href":"https:\/\/vozolvapen.de\/sv\/wp-json\/wp\/v2\/types\/page"}],"author":[{"embeddable":true,"href":"https:\/\/vozolvapen.de\/sv\/wp-json\/wp\/v2\/users\/1"}],"replies":[{"embeddable":true,"href":"https:\/\/vozolvapen.de\/sv\/wp-json\/wp\/v2\/comments?post=7204"}],"version-history":[{"count":2,"href":"https:\/\/vozolvapen.de\/sv\/wp-json\/wp\/v2\/pages\/7204\/revisions"}],"predecessor-version":[{"id":7208,"href":"https:\/\/vozolvapen.de\/sv\/wp-json\/wp\/v2\/pages\/7204\/revisions\/7208"}],"wp:attachment":[{"href":"https:\/\/vozolvapen.de\/sv\/wp-json\/wp\/v2\/media?parent=7204"}],"curies":[{"name":"wp","href":"https:\/\/api.w.org\/{rel}","templated":true}]}}