{"id":70619,"date":"2026-05-12T09:02:13","date_gmt":"2026-05-12T09:02:13","guid":{"rendered":"https:\/\/vozolvapen.de\/?post_type=product&#038;p=70619"},"modified":"2026-05-12T09:42:34","modified_gmt":"2026-05-12T09:42:34","slug":"bnag-leader-450k-pod-10-watermelon-ice-blueberry-cherry-sour-mango-pineapple","status":"publish","type":"product","link":"https:\/\/vozolvapen.de\/sv\/product\/bnag-leader-450k-pod-10-watermelon-ice-blueberry-cherry-sour-mango-pineapple\/","title":{"rendered":"Bnag Leader 450k - Pod 10: Summer Time &amp; Sour Mango 15-in-1 Hub"},"content":{"rendered":"<p>Den <strong>Bnag Leader 450 tkr<\/strong> (Bnag Leader 450000) \u00e4r h\u00f6jdpunkten i <strong>Digital marknadsf\u00f6ring f\u00f6r vapeshopar<\/strong> och precisionsteknik. <strong>Pod 10<\/strong> \u00e4r en h\u00f6goktanig kollektion framtagen f\u00f6r \u201cZesty &amp; Refreshing\u201d-entusiasten, som blandar skarp tropisk syra med saftiga sommarklassiker. Som flaggskepp <strong>450k vape<\/strong>, har den v\u00e5r egenutvecklade mekaniska <strong>15-i-1-smak<\/strong> hybridbrytare, s\u00e5 att du kan navigera 450.000 puffar av h\u00f6guppl\u00f6st smak med kirurgisk precision och <strong>Optimering av URL och webbplatsarkitektur<\/strong>.<\/p>\n\n\n\n<h2 class=\"wp-block-heading\" id=\"h-technical-parameters-amp-performance\"><strong>Tekniska parametrar och prestanda:<\/strong><\/h2>\n\n\n\n<ul class=\"wp-block-list\">\n<li><strong>Puffkapacitet:<\/strong> Upp till 450.000 puffar (o\u00f6vertr\u00e4ffat marknadsv\u00e4rde)<\/li>\n\n\n\n<li><strong>Smaklogik:<\/strong> 15-i-1 mekaniskt hybridsystem<\/li>\n\n\n\n<li><strong>H\u00e5rdvara:<\/strong> 1,2\u03a9 avancerad n\u00e4tspole | 850mAh koboltbatteri<\/li>\n\n\n\n<li><strong>Laddning:<\/strong> Snabbt gr\u00e4nssnitt f\u00f6r uppladdningsbar typ C<\/li>\n\n\n\n<li><strong>Nikotin Precision:<\/strong> 0% | 2% | 3% | 5% Salt Nikotinstyrka<\/li>\n<\/ul>\n\n\n\n<h2 class=\"wp-block-heading\">\ud83c\udfa8 15-i-1-smakpaketet \u201cSummer Zest\u201d (Pod 10)<\/h2>\n\n\n\n<p>Varf\u00f6r n\u00f6ja sig med en s\u00e4song n\u00e4r man kan ha en sommarfestival? <strong>Pod 10<\/strong> har fyra h\u00f6gdefinierade basv\u00e4tskor. Anv\u00e4nd hybridknappen f\u00f6r att njuta av dem i ren form eller skapa 11 unika \u201cSour-Tropical\u201d-kombinationer.<\/p>\n\n\n\n<h3 class=\"wp-block-heading\"><strong>De 4 grundl\u00e4ggande vitalitetskomponenterna:<\/strong><\/h3>\n\n\n\n<ol start=\"1\" class=\"wp-block-list\">\n<li><strong>Vattenmelon-is:<\/strong> En krispig, frostt\u00e4ckt \u00e5terfuktningsbas f\u00f6r en j\u00e4mn, kyld foundation.<\/li>\n\n\n\n<li><strong>Bl\u00e5b\u00e4r K\u00f6rsb\u00e4r:<\/strong> En djup, syltig blandning av skogsb\u00e4r och s\u00f6tma fr\u00e5n stenfrukter.<\/li>\n\n\n\n<li><strong>Sommartid:<\/strong> En egenutvecklad blandning av solig citrus och l\u00e4tta tropiska toner.<\/li>\n\n\n\n<li><strong>Sour Mango Pineapple:<\/strong> En h\u00f6gintensiv tropisk duo som ger en skarp, syrlig \u201czing\u201d.\u201d<\/li>\n<\/ol>\n\n\n\n<h3 class=\"wp-block-heading\"><strong>Signature Hybrid Mixes:<\/strong><\/h3>\n\n\n\n<ul class=\"wp-block-list\">\n<li><strong>Den tropiska puckeln (Mix 3+4):<\/strong> Summer Time m\u00f6ter Sour Mango Pineapple f\u00f6r en ljus, syrlig tropisk explosion.<\/li>\n\n\n\n<li><strong>Icy Berry Refresh (Mix 1+2):<\/strong> Vattenmelonis med den djupa s\u00f6tman fr\u00e5n bl\u00e5b\u00e4r och k\u00f6rsb\u00e4r.<\/li>\n\n\n\n<li><strong>Zesty Summer Frost (Mix 1+3):<\/strong> Kyld vattenmelon balanserad av de livliga citrusnoterna fr\u00e5n Summer Time.<\/li>\n\n\n\n<li><strong>Den ultimata sommarmixen (Mix 1+2+3+4):<\/strong> Alla fyra kamrarna \u00f6ppnas f\u00f6r en komplex, 15-i-1 surfruktssymfoni.<\/li>\n<\/ul>\n\n\n\n<h2 class=\"wp-block-heading\">\ud83e\uddec Sensoriskt fokus: N\u00e4sta generations smakm\u00e4ttnad<\/h2>\n\n\n\n<p>Anv\u00e4nda <strong>S\u00f6kordsforskning f\u00f6r vapes<\/strong> f\u00f6r att rikta in sig p\u00e5 specifika anv\u00e4ndark\u00e4nslor fokuserar vi p\u00e5 <strong>Bnag Leader 450000<\/strong>\u2019s 1,2\u03a9 mesh prestanda och <strong>Optimering av inneh\u00e5llsstruktur<\/strong>.<\/p>\n\n\n\n<ul class=\"wp-block-list\">\n<li><strong>Inandningen:<\/strong> Upplev en omedelbar, syrlig \u201cpucker\u201d fr\u00e5n Sour Mango Pineapple, f\u00f6ljt av de ljusa, luftiga tonerna fr\u00e5n Summer Time.<\/li>\n\n\n\n<li><strong>Mittsektionen:<\/strong> Watermelon Ice ger en \u201cv\u00e5t\u201d, \u00e5terfuktande munk\u00e4nsla som balanserar den skarpa syran i den tropiska frukten.<\/li>\n\n\n\n<li><strong>Eftersmaken:<\/strong> Ren och l\u00e5ngvarig. Blueberry Cherry l\u00e4mnar ett sofistikerat, m\u00f6rkt fruktsp\u00e5r som s\u00e4kerst\u00e4ller att <strong>450.000 puffar<\/strong> resan f\u00f6rblir sp\u00e4nnande och balanserad.<\/li>\n<\/ul>\n\n\n\n<h2 class=\"wp-block-heading\">\u2753 FAQ &amp; optimering av Rich Snippet<\/h2>\n\n\n\n<p><strong>F: Hur \u201csur\u201d \u00e4r Sour Mango Pineapple i Pod 10?<\/strong><\/p>\n\n\n\n<p> <strong>A:<\/strong> Den \u00e4r utformad f\u00f6r att vara syrlig och syrlig, och stimulerar gommen utan att vara \u00f6verv\u00e4ldigande. Den fungerar som en perfekt \u201csmakf\u00f6rst\u00e4rkare\u201d i <strong>15-i-1-smaker<\/strong> system.<\/p>\n\n\n\n<p><strong>F: Kr\u00e4ver Bnag Leader 450k n\u00e5got underh\u00e5ll?<\/strong> <\/p>\n\n\n\n<p><strong>A:<\/strong> Nej, det h\u00e4r \u00e4r ett helt eng\u00e5ngssystem. Ladda bara upp 850mAh-batteriet via <strong>Typ C<\/strong> f\u00f6r att s\u00e4kerst\u00e4lla att 1,2\u03a9 mesh-spolen finf\u00f6rdelar e-v\u00e4tskan effektivt tills du n\u00e5r <strong>450k vape<\/strong> gr\u00e4ns.<\/p>\n\n\n\n<p><strong>Q: Finns Pod 10 tillg\u00e4nglig f\u00f6r B2B-grossister?<\/strong> <\/p>\n\n\n\n<p><strong>A:<\/strong> Ja, det g\u00f6r vi. Vi erbjuder specialiserade <strong>SEO f\u00f6r e-cigg-sajter<\/strong> support- och grossistf\u00f6rpackning (10-pack) f\u00f6r globala distribut\u00f6rer som vill f\u00e5nga sommarmarknaden.<\/p>\n\n\n\n<h2 class=\"wp-block-heading\">\ud83d\udd0d Utforska fler 15-i-1-sensoriska upplevelser<\/h2>\n\n\n\n<p>Om du gillade den komplexa hybridtekniken i <strong>Bnag Leader 450000<\/strong>, uppt\u00e4ck dessa kurerade alternativ som \u00e4r utformade f\u00f6r att t\u00e4nja p\u00e5 gr\u00e4nserna f\u00f6r <strong>450k vape<\/strong> revolution.<\/p>\n\n\n\n<p>1.<a href=\"https:\/\/vozolvapen.de\/sv\/produkt\/bnag-leader-450k-pod-1-watermelon-cherry-mango\/\">Tropical Red &amp; Mango Station<\/a><br>2.<a href=\"https:\/\/vozolvapen.de\/sv\/produkt\/bnag-leader-450k-pod-2-cola-ice-energy-drink\/\">L\u00e4sk &amp; Energy Spark<\/a><br>3.<a href=\"https:\/\/vozolvapen.de\/sv\/produkt\/bnag-leader-450k-pod-3-watermelon-ice-red-bull\/\">Den iskalla revitaliseraren<\/a><br>4.<a href=\"https:\/\/vozolvapen.de\/sv\/produkt\/bnag-leader-450k-pod-4-pineapple-coconut-mango-peach\/\">Exotic Island Cream<\/a><br>5.<a href=\"https:\/\/vozolvapen.de\/sv\/produkt\/bnag-leader-450k-pod-5-energy-drink-blueberry-watermelon-gummy-bear\/\">Sour Candy Energy<\/a><br>6.<a href=\"https:\/\/vozolvapen.de\/sv\/produkt\/bnag-leader-450k-pod-6-strawberry-watermelon-kiwi-guava\/\">Antologin Summer Orchard<\/a><br>7.<a href=\"https:\/\/vozolvapen.de\/sv\/produkt\/bnag-leader-450k-pod-7-fuji-apple-ice-blueberry-mint-lime-romance\/\">Fuji Romantik &amp; Mynt<\/a><br>8.<a href=\"https:\/\/vozolvapen.de\/sv\/produkt\/bnag-leader-450k-pod-8-peach-ice-blueberry-ice-rainbow-candy-lemon-sour-orange\/\">Rainbow Candy Zest<\/a><br>9.<a href=\"https:\/\/vozolvapen.de\/sv\/produkt\/bnag-leader-450k-pod-9-blueberry-ice-peach-mango-watermelon-passion-kiss-melon-apple\/\">Passion Melon Kiss<\/a><br>11.<a href=\"https:\/\/vozolvapen.de\/sv\/produkt\/bnag-leader-450k-pod-11-california-cherry-passion-fruit-mango-berry-mix\/\">B\u00e4rsk\u00f6rd i Kalifornien<\/a><br>12.<a href=\"https:\/\/vozolvapen.de\/sv\/produkt\/bnag-leader-450k-pod-12-love66-red-mojito-strawberry-mango\/\">Love &amp; Mojito Lounge<\/a><\/p>","protected":false},"excerpt":{"rendered":"<p data-path-to-node=\"12\">Den ultimata sommarsmaken. Med h\u00f6g syrlighet Sour Mango Pineapple och den egenutvecklade citrusblandningen \u201cSummer Time\u201d. Denna <b data-path-to-node=\"12\" data-index-in-node=\"166\">450k puff<\/b> powerhouse anv\u00e4nder dual-flavor switching f\u00f6r att h\u00e5lla din smak uppfriskad genom de l\u00e4ngsta vapingcyklerna.<\/p>","protected":false},"featured_media":70826,"comment_status":"open","ping_status":"closed","template":"","meta":{"_acf_changed":false},"product_brand":[],"product_cat":[171],"product_tag":[],"class_list":{"0":"post-70619","1":"product","2":"type-product","3":"status-publish","4":"has-post-thumbnail","6":"product_cat-puff-450k-bang-leader-450k-15-in-1","8":"first","9":"instock","10":"shipping-taxable","11":"purchasable","12":"product-type-variable"},"acf":[],"yoast_head":"<!-- This site is optimized with the Yoast SEO Premium plugin v26.1 (Yoast SEO v27.5) - https:\/\/yoast.com\/product\/yoast-seo-premium-wordpress\/ -->\n<title>Bnag Leader 450k Pod 10 | 450k Puffs Sour Mango Pineapple 15-in-1<\/title>\n<meta name=\"description\" content=\"Experience 450,000 puffs of Bnag Leader 450k Pod 10. Featuring Sour Mango Pineapple, Summer Time, and Watermelon Ice in a revolutionary 15-in-1 hybrid vape.\" \/>\n<meta name=\"robots\" content=\"index, follow, max-snippet:-1, max-image-preview:large, max-video-preview:-1\" \/>\n<link rel=\"canonical\" href=\"https:\/\/vozolvapen.de\/sv\/produkt\/bnag-leader-450k-pod-10-watermelon-ice-blueberry-cherry-sour-mango-pineapple\/\" \/>\n<meta property=\"og:locale\" content=\"sv_SE\" \/>\n<meta property=\"og:type\" content=\"article\" \/>\n<meta property=\"og:title\" content=\"Bnag Leader 450k - Pod 10: Summer Time &amp; Sour Mango 15-in-1 Hub\" \/>\n<meta property=\"og:description\" content=\"Experience 450,000 puffs of Bnag Leader 450k Pod 10. Featuring Sour Mango Pineapple, Summer Time, and Watermelon Ice in a revolutionary 15-in-1 hybrid vape.\" \/>\n<meta property=\"og:url\" content=\"https:\/\/vozolvapen.de\/sv\/produkt\/bnag-leader-450k-pod-10-watermelon-ice-blueberry-cherry-sour-mango-pineapple\/\" \/>\n<meta property=\"og:site_name\" content=\"vozolvapen\" \/>\n<meta property=\"article:modified_time\" content=\"2026-05-12T09:42:34+00:00\" \/>\n<meta property=\"og:image\" content=\"https:\/\/vozolvapen.de\/wp-content\/uploads\/2026\/05\/450k-puffs-Bnag-Leader-450k-Summer-Sour-Pineapple.webp\" \/>\n\t<meta property=\"og:image:width\" content=\"768\" \/>\n\t<meta property=\"og:image:height\" content=\"768\" \/>\n\t<meta property=\"og:image:type\" content=\"image\/webp\" \/>\n<meta name=\"twitter:card\" content=\"summary_large_image\" \/>\n<meta name=\"twitter:label1\" content=\"Ber\u00e4knad l\u00e4stid\" \/>\n\t<meta name=\"twitter:data1\" content=\"3 minuter\" \/>\n<script type=\"application\/ld+json\" class=\"yoast-schema-graph\">{\"@context\":\"https:\\\/\\\/schema.org\",\"@graph\":[{\"@type\":\"WebPage\",\"@id\":\"https:\\\/\\\/vozolvapen.de\\\/product\\\/bnag-leader-450k-pod-10-watermelon-ice-blueberry-cherry-sour-mango-pineapple\\\/\",\"url\":\"https:\\\/\\\/vozolvapen.de\\\/product\\\/bnag-leader-450k-pod-10-watermelon-ice-blueberry-cherry-sour-mango-pineapple\\\/\",\"name\":\"Bnag Leader 450k Pod 10 | 450k Puffs Sour Mango Pineapple 15-in-1\",\"isPartOf\":{\"@id\":\"https:\\\/\\\/vozolvapen.de\\\/#website\"},\"primaryImageOfPage\":{\"@id\":\"https:\\\/\\\/vozolvapen.de\\\/product\\\/bnag-leader-450k-pod-10-watermelon-ice-blueberry-cherry-sour-mango-pineapple\\\/#primaryimage\"},\"image\":{\"@id\":\"https:\\\/\\\/vozolvapen.de\\\/product\\\/bnag-leader-450k-pod-10-watermelon-ice-blueberry-cherry-sour-mango-pineapple\\\/#primaryimage\"},\"thumbnailUrl\":\"https:\\\/\\\/vozolvapen.de\\\/wp-content\\\/uploads\\\/2026\\\/05\\\/450k-puffs-Bnag-Leader-450k-Summer-Sour-Pineapple.webp\",\"datePublished\":\"2026-05-12T09:02:13+00:00\",\"dateModified\":\"2026-05-12T09:42:34+00:00\",\"description\":\"Experience 450,000 puffs of Bnag Leader 450k Pod 10. Featuring Sour Mango Pineapple, Summer Time, and Watermelon Ice in a revolutionary 15-in-1 hybrid vape.\",\"breadcrumb\":{\"@id\":\"https:\\\/\\\/vozolvapen.de\\\/product\\\/bnag-leader-450k-pod-10-watermelon-ice-blueberry-cherry-sour-mango-pineapple\\\/#breadcrumb\"},\"inLanguage\":\"sv-SE\",\"potentialAction\":[{\"@type\":\"ReadAction\",\"target\":[\"https:\\\/\\\/vozolvapen.de\\\/product\\\/bnag-leader-450k-pod-10-watermelon-ice-blueberry-cherry-sour-mango-pineapple\\\/\"]}]},{\"@type\":\"ImageObject\",\"inLanguage\":\"sv-SE\",\"@id\":\"https:\\\/\\\/vozolvapen.de\\\/product\\\/bnag-leader-450k-pod-10-watermelon-ice-blueberry-cherry-sour-mango-pineapple\\\/#primaryimage\",\"url\":\"https:\\\/\\\/vozolvapen.de\\\/wp-content\\\/uploads\\\/2026\\\/05\\\/450k-puffs-Bnag-Leader-450k-Summer-Sour-Pineapple.webp\",\"contentUrl\":\"https:\\\/\\\/vozolvapen.de\\\/wp-content\\\/uploads\\\/2026\\\/05\\\/450k-puffs-Bnag-Leader-450k-Summer-Sour-Pineapple.webp\",\"width\":768,\"height\":768,\"caption\":\"450k Puffs Bnag Leader Summer Sour Pineapple Disposable Vape Device\"},{\"@type\":\"BreadcrumbList\",\"@id\":\"https:\\\/\\\/vozolvapen.de\\\/product\\\/bnag-leader-450k-pod-10-watermelon-ice-blueberry-cherry-sour-mango-pineapple\\\/#breadcrumb\",\"itemListElement\":[{\"@type\":\"ListItem\",\"position\":1,\"name\":\"Home\",\"item\":\"https:\\\/\\\/vozolvapen.de\\\/de\\\/\"},{\"@type\":\"ListItem\",\"position\":2,\"name\":\"Shop\",\"item\":\"https:\\\/\\\/vozolvapen.de\\\/shop\\\/\"},{\"@type\":\"ListItem\",\"position\":3,\"name\":\"Bnag Leader 450k &#8211; Pod 10: Summer Time &amp; Sour Mango 15-in-1 Hub\"}]},{\"@type\":\"WebSite\",\"@id\":\"https:\\\/\\\/vozolvapen.de\\\/#website\",\"url\":\"https:\\\/\\\/vozolvapen.de\\\/\",\"name\":\"vozolvapen\",\"description\":\"vozolvapen\",\"publisher\":{\"@id\":\"https:\\\/\\\/vozolvapen.de\\\/#organization\"},\"potentialAction\":[{\"@type\":\"SearchAction\",\"target\":{\"@type\":\"EntryPoint\",\"urlTemplate\":\"https:\\\/\\\/vozolvapen.de\\\/?s={search_term_string}\"},\"query-input\":{\"@type\":\"PropertyValueSpecification\",\"valueRequired\":true,\"valueName\":\"search_term_string\"}}],\"inLanguage\":\"sv-SE\"},{\"@type\":\"Organization\",\"@id\":\"https:\\\/\\\/vozolvapen.de\\\/#organization\",\"name\":\"vozolvapen\",\"url\":\"https:\\\/\\\/vozolvapen.de\\\/\",\"logo\":{\"@type\":\"ImageObject\",\"inLanguage\":\"sv-SE\",\"@id\":\"https:\\\/\\\/vozolvapen.de\\\/#\\\/schema\\\/logo\\\/image\\\/\",\"url\":\"https:\\\/\\\/vozolvapen.de\\\/wp-content\\\/uploads\\\/2025\\\/12\\\/cropped-vozovapen-logo.webp\",\"contentUrl\":\"https:\\\/\\\/vozolvapen.de\\\/wp-content\\\/uploads\\\/2025\\\/12\\\/cropped-vozovapen-logo.webp\",\"width\":470,\"height\":110,\"caption\":\"vozolvapen\"},\"image\":{\"@id\":\"https:\\\/\\\/vozolvapen.de\\\/#\\\/schema\\\/logo\\\/image\\\/\"}}]}<\/script>\n<!-- \/ Yoast SEO Premium plugin. -->","yoast_head_json":{"title":"Bnag Leader 450k Pod 10 | 450k Puffs Sour Mango Pineapple 15-i-1","description":"Upplev 450 000 puffar av Bnag Leader 450k Pod 10. Med Sour Mango Pineapple, Summer Time och Watermelon Ice i en revolutionerande 15-i-1 hybridvape.","robots":{"index":"index","follow":"follow","max-snippet":"max-snippet:-1","max-image-preview":"max-image-preview:large","max-video-preview":"max-video-preview:-1"},"canonical":"https:\/\/vozolvapen.de\/sv\/produkt\/bnag-leader-450k-pod-10-watermelon-ice-blueberry-cherry-sour-mango-pineapple\/","og_locale":"sv_SE","og_type":"article","og_title":"Bnag Leader 450k - Pod 10: Summer Time &amp; Sour Mango 15-in-1 Hub","og_description":"Experience 450,000 puffs of Bnag Leader 450k Pod 10. Featuring Sour Mango Pineapple, Summer Time, and Watermelon Ice in a revolutionary 15-in-1 hybrid vape.","og_url":"https:\/\/vozolvapen.de\/sv\/produkt\/bnag-leader-450k-pod-10-watermelon-ice-blueberry-cherry-sour-mango-pineapple\/","og_site_name":"vozolvapen","article_modified_time":"2026-05-12T09:42:34+00:00","og_image":[{"width":768,"height":768,"url":"https:\/\/vozolvapen.de\/wp-content\/uploads\/2026\/05\/450k-puffs-Bnag-Leader-450k-Summer-Sour-Pineapple.webp","type":"image\/webp"}],"twitter_card":"summary_large_image","twitter_misc":{"Ber\u00e4knad l\u00e4stid":"3 minuter"},"schema":{"@context":"https:\/\/schema.org","@graph":[{"@type":"WebPage","@id":"https:\/\/vozolvapen.de\/product\/bnag-leader-450k-pod-10-watermelon-ice-blueberry-cherry-sour-mango-pineapple\/","url":"https:\/\/vozolvapen.de\/product\/bnag-leader-450k-pod-10-watermelon-ice-blueberry-cherry-sour-mango-pineapple\/","name":"Bnag Leader 450k Pod 10 | 450k Puffs Sour Mango Pineapple 15-i-1","isPartOf":{"@id":"https:\/\/vozolvapen.de\/#website"},"primaryImageOfPage":{"@id":"https:\/\/vozolvapen.de\/product\/bnag-leader-450k-pod-10-watermelon-ice-blueberry-cherry-sour-mango-pineapple\/#primaryimage"},"image":{"@id":"https:\/\/vozolvapen.de\/product\/bnag-leader-450k-pod-10-watermelon-ice-blueberry-cherry-sour-mango-pineapple\/#primaryimage"},"thumbnailUrl":"https:\/\/vozolvapen.de\/wp-content\/uploads\/2026\/05\/450k-puffs-Bnag-Leader-450k-Summer-Sour-Pineapple.webp","datePublished":"2026-05-12T09:02:13+00:00","dateModified":"2026-05-12T09:42:34+00:00","description":"Upplev 450 000 puffar av Bnag Leader 450k Pod 10. Med Sour Mango Pineapple, Summer Time och Watermelon Ice i en revolutionerande 15-i-1 hybridvape.","breadcrumb":{"@id":"https:\/\/vozolvapen.de\/product\/bnag-leader-450k-pod-10-watermelon-ice-blueberry-cherry-sour-mango-pineapple\/#breadcrumb"},"inLanguage":"sv-SE","potentialAction":[{"@type":"ReadAction","target":["https:\/\/vozolvapen.de\/product\/bnag-leader-450k-pod-10-watermelon-ice-blueberry-cherry-sour-mango-pineapple\/"]}]},{"@type":"ImageObject","inLanguage":"sv-SE","@id":"https:\/\/vozolvapen.de\/product\/bnag-leader-450k-pod-10-watermelon-ice-blueberry-cherry-sour-mango-pineapple\/#primaryimage","url":"https:\/\/vozolvapen.de\/wp-content\/uploads\/2026\/05\/450k-puffs-Bnag-Leader-450k-Summer-Sour-Pineapple.webp","contentUrl":"https:\/\/vozolvapen.de\/wp-content\/uploads\/2026\/05\/450k-puffs-Bnag-Leader-450k-Summer-Sour-Pineapple.webp","width":768,"height":768,"caption":"450k Puffs Bnag Leader Summer Sour Pineapple Disposable Vape Device"},{"@type":"BreadcrumbList","@id":"https:\/\/vozolvapen.de\/product\/bnag-leader-450k-pod-10-watermelon-ice-blueberry-cherry-sour-mango-pineapple\/#breadcrumb","itemListElement":[{"@type":"ListItem","position":1,"name":"Home","item":"https:\/\/vozolvapen.de\/de\/"},{"@type":"ListItem","position":2,"name":"Shop","item":"https:\/\/vozolvapen.de\/shop\/"},{"@type":"ListItem","position":3,"name":"Bnag Leader 450k &#8211; Pod 10: Summer Time &amp; Sour Mango 15-in-1 Hub"}]},{"@type":"WebSite","@id":"https:\/\/vozolvapen.de\/#website","url":"https:\/\/vozolvapen.de\/","name":"vozolvapen","description":"vozolvapen","publisher":{"@id":"https:\/\/vozolvapen.de\/#organization"},"potentialAction":[{"@type":"SearchAction","target":{"@type":"EntryPoint","urlTemplate":"https:\/\/vozolvapen.de\/?s={search_term_string}"},"query-input":{"@type":"PropertyValueSpecification","valueRequired":true,"valueName":"search_term_string"}}],"inLanguage":"sv-SE"},{"@type":"Organization","@id":"https:\/\/vozolvapen.de\/#organization","name":"vozolvapen","url":"https:\/\/vozolvapen.de\/","logo":{"@type":"ImageObject","inLanguage":"sv-SE","@id":"https:\/\/vozolvapen.de\/#\/schema\/logo\/image\/","url":"https:\/\/vozolvapen.de\/wp-content\/uploads\/2025\/12\/cropped-vozovapen-logo.webp","contentUrl":"https:\/\/vozolvapen.de\/wp-content\/uploads\/2025\/12\/cropped-vozovapen-logo.webp","width":470,"height":110,"caption":"vozolvapen"},"image":{"@id":"https:\/\/vozolvapen.de\/#\/schema\/logo\/image\/"}}]}},"tiered_pricing_type":"fixed","tiered_pricing_fixed_rules":{"30":"14.5","50":"12.5","100":"12.5","200":"11.5"},"tiered_pricing_product_settings":{"layout":"default","base_unit_name":{"singular":null,"plural":null},"default_variation":null},"tiered_pricing_minimum_quantity":10,"tiered_pricing_roles_data":[],"tiered_pricing_percentage_rules":[],"tiered_pricing_maximum_quantity":null,"tiered_pricing_quantity_step":"10","_links":{"self":[{"href":"https:\/\/vozolvapen.de\/sv\/wp-json\/wp\/v2\/product\/70619","targetHints":{"allow":["GET"]}}],"collection":[{"href":"https:\/\/vozolvapen.de\/sv\/wp-json\/wp\/v2\/product"}],"about":[{"href":"https:\/\/vozolvapen.de\/sv\/wp-json\/wp\/v2\/types\/product"}],"replies":[{"embeddable":true,"href":"https:\/\/vozolvapen.de\/sv\/wp-json\/wp\/v2\/comments?post=70619"}],"wp:featuredmedia":[{"embeddable":true,"href":"https:\/\/vozolvapen.de\/sv\/wp-json\/wp\/v2\/media\/70826"}],"wp:attachment":[{"href":"https:\/\/vozolvapen.de\/sv\/wp-json\/wp\/v2\/media?parent=70619"}],"wp:term":[{"taxonomy":"product_brand","embeddable":true,"href":"https:\/\/vozolvapen.de\/sv\/wp-json\/wp\/v2\/product_brand?post=70619"},{"taxonomy":"product_cat","embeddable":true,"href":"https:\/\/vozolvapen.de\/sv\/wp-json\/wp\/v2\/product_cat?post=70619"},{"taxonomy":"product_tag","embeddable":true,"href":"https:\/\/vozolvapen.de\/sv\/wp-json\/wp\/v2\/product_tag?post=70619"}],"curies":[{"name":"wp","href":"https:\/\/api.w.org\/{rel}","templated":true}]}}