{"id":7299,"date":"2025-12-03T10:20:27","date_gmt":"2025-12-03T10:20:27","guid":{"rendered":"https:\/\/vozolvapen.de\/?post_type=product&#038;p=7299"},"modified":"2026-02-10T11:17:24","modified_gmt":"2026-02-10T11:17:24","slug":"vozol-rave-40000-cool-mint","status":"publish","type":"product","link":"https:\/\/vozolvapen.de\/sv\/product\/vozol-rave-40000-cool-mint\/","title":{"rendered":"VOZOL RAVE 40000 - Cool Mint"},"content":{"rendered":"<h1 data-path-to-node=\"23\"><b>H1: VOZOL RAVE 40000 Puffs Eng\u00e5ngs Vape - Cool Mint Smak<\/b><\/h1>\n<p data-path-to-node=\"25\"><b>Smakintroduktion:<\/b> F\u00f6r vapers som v\u00e4rdes\u00e4tter renhet och uppfriskning, \u00e4r <b>Cool Mint<\/b> smak i <b>VOZOL RAVE 40000<\/b> \u00e4r det ultimata valet. Den levererar en kraftfull, ren explosion av krispig, arktisk mynta som st\u00e4rker sinnena utan n\u00e5gon distraherande s\u00f6tma. Denna of\u00f6rfalskade och kraftfulla profil \u00e4r idealisk f\u00f6r vaping hela dagen och fungerar som en perfekt gomreng\u00f6ring. Kombinerat med den otroliga <b>40000 puffar<\/b> l\u00e5ng livsl\u00e4ngd, den <b>Vozol Rave<\/b> ger en j\u00e4mn, iskall tillfredsst\u00e4llelse fr\u00e5n f\u00f6rsta till sista blosset. Det \u00e4r den v\u00e4sentliga <b>vozol vape<\/b> f\u00f6r mintentusiaster som kr\u00e4ver prestanda.<\/p>\n<h2 data-path-to-node=\"26\"><b>Varf\u00f6r v\u00e4lja Vozol Rave 40000 Cool Mint?<\/b><\/h2>\n<p data-path-to-node=\"27\">Denna icke-fruity <b>vozol 40000<\/b> alternativet utm\u00e4rker sig genom sin enkelhet och tillf\u00f6rlitlighet:<\/p>\n<ol start=\"1\" data-path-to-node=\"28\">\n<li>\n<p data-path-to-node=\"28,0,0\"><b>Ren f\u00f6rfriskning:<\/b> En kraftfull, ren mentolsmak utan fruktundertoner, som ger en skarp, iskall k\u00e4nsla med varje drag.<\/p>\n<\/li>\n<li>\n<p data-path-to-node=\"28,1,0\"><b>Oslagbart v\u00e4rde:<\/b> Den monumentala <b>vozol 40000 puffar<\/b> kapacitet ger veckor av konsekvent anv\u00e4ndning och ger enast\u00e5ende valuta f\u00f6r pengarna j\u00e4mf\u00f6rt med enheter med l\u00e4gre puff.<\/p>\n<\/li>\n<li>\n<p data-path-to-node=\"28,2,0\"><b>Smidig drift:<\/b> Enheten uppr\u00e4tth\u00e5ller en j\u00e4mn dragning och j\u00e4mn \u00e5ngproduktion, kompletterad med den subtila <b>Eclipse Vaping Animation<\/b> ljuseffekt.<\/p>\n<\/li>\n<\/ol>\n<h3 data-path-to-node=\"29\"><b>VOZOL RAVE 40000 Viktiga specifikationer<\/b><\/h3>\n<table data-path-to-node=\"4\">\n<thead>\n<tr>\n<td><strong>Parameter<\/strong><\/td>\n<td><strong>Detalj<\/strong><\/td>\n<td><strong>H\u00f6jdpunkt<\/strong><\/td>\n<\/tr>\n<\/thead>\n<tbody>\n<tr>\n<td><span data-path-to-node=\"4,1,0,0\"><b>Modellnamn<\/b><\/span><\/td>\n<td><span data-path-to-node=\"4,1,1,0\"><b>VOZOL RAVE 40000<\/b><\/span><\/td>\n<td><span data-path-to-node=\"4,1,2,0\">Ledande <b>Vozol 40000<\/b> Serie<\/span><\/td>\n<\/tr>\n<tr>\n<td><span data-path-to-node=\"4,2,0,0\"><b>Max Puffs<\/b><\/span><\/td>\n<td><span data-path-to-node=\"4,2,1,0\">UP till <b>40000 Puffar<\/b><\/span><\/td>\n<td><span data-path-to-node=\"4,2,2,0\">O\u00f6vertr\u00e4ffad livsl\u00e4ngd<\/span><\/td>\n<\/tr>\n<tr>\n<td><span data-path-to-node=\"4,3,0,0\"><b>E-v\u00e4tska<\/b><\/span><\/td>\n<td><span data-path-to-node=\"4,3,1,0\">20ML f\u00f6rfylld v\u00e4tska<\/span><\/td>\n<td><span data-path-to-node=\"4,3,2,0\">Maximal kapacitet<\/span><\/td>\n<\/tr>\n<tr>\n<td><span data-path-to-node=\"4,4,0,0\"><b>Nikotin<\/b><\/span><\/td>\n<td><span data-path-to-node=\"4,4,1,0\">5% (50mg\/ml) Nikotinniv\u00e5<\/span><\/td>\n<td><span data-path-to-node=\"4,4,2,0\">Stark, tillfredsst\u00e4llande tr\u00e4ff<\/span><\/td>\n<\/tr>\n<tr>\n<td><span data-path-to-node=\"4,5,0,0\"><b>Batteri<\/b><\/span><\/td>\n<td><span data-path-to-node=\"4,5,1,0\">1000mAh uppladdningsbar<\/span><\/td>\n<td><span data-path-to-node=\"4,5,2,0\">80% Laddad p\u00e5 20 minuter<\/span><\/td>\n<\/tr>\n<tr>\n<td><span data-path-to-node=\"4,6,0,0\"><b>Frakt<\/b><\/span><\/td>\n<td><span data-path-to-node=\"4,6,1,0\">Europeiskt lager (1-3 dagar)<\/span><\/td>\n<td><span data-path-to-node=\"4,6,2,0\">Snabb leverans till EU<\/span><\/td>\n<\/tr>\n<tr>\n<td><span data-path-to-node=\"4,7,0,0\"><b>Funktioner<\/b><\/span><\/td>\n<td><span data-path-to-node=\"4,7,1,0\">270\u00b0 Vibrerande gl\u00f6d, beat-synkroniserat partyl\u00e4ge<\/span><\/td>\n<td><span data-path-to-node=\"4,7,2,0\">Unik vapingupplevelse<\/span><\/td>\n<\/tr>\n<\/tbody>\n<\/table>\n<h3 dir=\"auto\">H\u00e4r \u00e4r ytterligare rekommendationer f\u00f6r dig:<\/h3>\n<p dir=\"auto\">Uppt\u00e4ck \u00e4nnu fler otroliga smaker med Fumot VOZOL RAVE 40000 Puff Vape!<\/p>\n<p dir=\"auto\"><a href=\"https:\/\/vozolvapen.de\/sv\/produktkategori\/vozol-vape\/vozol-rave-40000-puffar-vape\/\">Se alla sorter h\u00e4r \u2192.<\/a><\/p>\n<p dir=\"auto\">Utforska hela v\u00e5r kollektion och k\u00f6p de b\u00e4sta vape-varum\u00e4rkena som du kommer att \u00e4lska.<\/p>\n<p dir=\"auto\"><a href=\"https:\/\/vozolvapen.de\/sv\/\">Titta p\u00e5 alla varum\u00e4rken nu \u2192.<\/a><\/p>\n<p dir=\"auto\">Kolla in hela VOZOL Vape-serien - varje smak, varje stil!<\/p>\n<p dir=\"auto\"><a href=\"https:\/\/vozolvapen.de\/sv\/produktkategori\/vozol-vape\/\">Se hela VOZOL Vape-kollektionen \u2192.<\/a><\/p>","protected":false},"excerpt":{"rendered":"<p>Ren, kraftfull mentol p\u00e5 arktisk niv\u00e5 utan inblandning av frukt. Den <b>Vozol 40000<\/b> ger den renaste och mest intensivt uppfriskande vape-upplevelsen.<\/p>","protected":false},"featured_media":7323,"comment_status":"open","ping_status":"closed","template":"","meta":{"_acf_changed":false},"product_brand":[],"product_cat":[134,55],"product_tag":[],"class_list":{"0":"post-7299","1":"product","2":"type-product","3":"status-publish","4":"has-post-thumbnail","6":"product_cat-eu-warehouse-in-stock","7":"product_cat-vozol-rave-40000-puffs-vape","9":"first","10":"instock","11":"shipping-taxable","12":"purchasable","13":"product-type-variable"},"acf":[],"yoast_head":"<!-- This site is optimized with the Yoast SEO Premium plugin v26.1 (Yoast SEO v27.5) - https:\/\/yoast.com\/product\/yoast-seo-premium-wordpress\/ -->\n<title>Vozol Rave 40000 Puffs Cool Mint - Crisp Vozol Vape Flavor Wholesale - vozolvapen<\/title>\n<meta name=\"description\" content=\"The cleanest Vozol Rave 40000 experience: Cool Mint. Up to vozol 40000 puffs of pure, icy freshness. 20ML of liquid, 5% Nicotine, with fast 20-minute charging. Order your Vozol 40000 now!\" \/>\n<meta name=\"robots\" content=\"index, follow, max-snippet:-1, max-image-preview:large, max-video-preview:-1\" \/>\n<link rel=\"canonical\" href=\"https:\/\/vozolvapen.de\/sv\/produkt\/vozol-rave-40000-cool-mint\/\" \/>\n<meta property=\"og:locale\" content=\"sv_SE\" \/>\n<meta property=\"og:type\" content=\"article\" \/>\n<meta property=\"og:title\" content=\"VOZOL RAVE 40000 - Cool Mint\" \/>\n<meta property=\"og:description\" content=\"The cleanest Vozol Rave 40000 experience: Cool Mint. Up to vozol 40000 puffs of pure, icy freshness. 20ML of liquid, 5% Nicotine, with fast 20-minute charging. Order your Vozol 40000 now!\" \/>\n<meta property=\"og:url\" content=\"https:\/\/vozolvapen.de\/sv\/produkt\/vozol-rave-40000-cool-mint\/\" \/>\n<meta property=\"og:site_name\" content=\"vozolvapen\" \/>\n<meta property=\"article:modified_time\" content=\"2026-02-10T11:17:24+00:00\" \/>\n<meta property=\"og:image\" content=\"https:\/\/vozolvapen.de\/wp-content\/uploads\/2025\/12\/VOZOL-RAVE-40000-Cool-Mint-2.webp\" \/>\n\t<meta property=\"og:image:width\" content=\"1200\" \/>\n\t<meta property=\"og:image:height\" content=\"1200\" \/>\n\t<meta property=\"og:image:type\" content=\"image\/webp\" \/>\n<meta name=\"twitter:card\" content=\"summary_large_image\" \/>\n<meta name=\"twitter:label1\" content=\"Ber\u00e4knad l\u00e4stid\" \/>\n\t<meta name=\"twitter:data1\" content=\"2 minuter\" \/>\n<script type=\"application\/ld+json\" class=\"yoast-schema-graph\">{\"@context\":\"https:\\\/\\\/schema.org\",\"@graph\":[{\"@type\":\"WebPage\",\"@id\":\"https:\\\/\\\/vozolvapen.de\\\/product\\\/vozol-rave-40000-cool-mint\\\/\",\"url\":\"https:\\\/\\\/vozolvapen.de\\\/product\\\/vozol-rave-40000-cool-mint\\\/\",\"name\":\"Vozol Rave 40000 Puffs Cool Mint - Crisp Vozol Vape Flavor Wholesale - vozolvapen\",\"isPartOf\":{\"@id\":\"https:\\\/\\\/vozolvapen.de\\\/#website\"},\"primaryImageOfPage\":{\"@id\":\"https:\\\/\\\/vozolvapen.de\\\/product\\\/vozol-rave-40000-cool-mint\\\/#primaryimage\"},\"image\":{\"@id\":\"https:\\\/\\\/vozolvapen.de\\\/product\\\/vozol-rave-40000-cool-mint\\\/#primaryimage\"},\"thumbnailUrl\":\"https:\\\/\\\/vozolvapen.de\\\/wp-content\\\/uploads\\\/2025\\\/12\\\/VOZOL-RAVE-40000-Cool-Mint-2.webp\",\"datePublished\":\"2025-12-03T10:20:27+00:00\",\"dateModified\":\"2026-02-10T11:17:24+00:00\",\"description\":\"The cleanest Vozol Rave 40000 experience: Cool Mint. Up to vozol 40000 puffs of pure, icy freshness. 20ML of liquid, 5% Nicotine, with fast 20-minute charging. Order your Vozol 40000 now!\",\"breadcrumb\":{\"@id\":\"https:\\\/\\\/vozolvapen.de\\\/product\\\/vozol-rave-40000-cool-mint\\\/#breadcrumb\"},\"inLanguage\":\"sv-SE\",\"potentialAction\":[{\"@type\":\"ReadAction\",\"target\":[\"https:\\\/\\\/vozolvapen.de\\\/product\\\/vozol-rave-40000-cool-mint\\\/\"]}]},{\"@type\":\"ImageObject\",\"inLanguage\":\"sv-SE\",\"@id\":\"https:\\\/\\\/vozolvapen.de\\\/product\\\/vozol-rave-40000-cool-mint\\\/#primaryimage\",\"url\":\"https:\\\/\\\/vozolvapen.de\\\/wp-content\\\/uploads\\\/2025\\\/12\\\/VOZOL-RAVE-40000-Cool-Mint-2.webp\",\"contentUrl\":\"https:\\\/\\\/vozolvapen.de\\\/wp-content\\\/uploads\\\/2025\\\/12\\\/VOZOL-RAVE-40000-Cool-Mint-2.webp\",\"width\":1200,\"height\":1200,\"caption\":\"Vozol Rave 40000 Cool Mint 2 Disposable Vape Device\"},{\"@type\":\"BreadcrumbList\",\"@id\":\"https:\\\/\\\/vozolvapen.de\\\/product\\\/vozol-rave-40000-cool-mint\\\/#breadcrumb\",\"itemListElement\":[{\"@type\":\"ListItem\",\"position\":1,\"name\":\"Home\",\"item\":\"https:\\\/\\\/vozolvapen.de\\\/de\\\/\"},{\"@type\":\"ListItem\",\"position\":2,\"name\":\"Shop\",\"item\":\"https:\\\/\\\/vozolvapen.de\\\/shop\\\/\"},{\"@type\":\"ListItem\",\"position\":3,\"name\":\"VOZOL RAVE 40000 &#8211; Cool Mint\"}]},{\"@type\":\"WebSite\",\"@id\":\"https:\\\/\\\/vozolvapen.de\\\/#website\",\"url\":\"https:\\\/\\\/vozolvapen.de\\\/\",\"name\":\"vozolvapen\",\"description\":\"vozolvapen\",\"publisher\":{\"@id\":\"https:\\\/\\\/vozolvapen.de\\\/#organization\"},\"potentialAction\":[{\"@type\":\"SearchAction\",\"target\":{\"@type\":\"EntryPoint\",\"urlTemplate\":\"https:\\\/\\\/vozolvapen.de\\\/?s={search_term_string}\"},\"query-input\":{\"@type\":\"PropertyValueSpecification\",\"valueRequired\":true,\"valueName\":\"search_term_string\"}}],\"inLanguage\":\"sv-SE\"},{\"@type\":\"Organization\",\"@id\":\"https:\\\/\\\/vozolvapen.de\\\/#organization\",\"name\":\"vozolvapen\",\"url\":\"https:\\\/\\\/vozolvapen.de\\\/\",\"logo\":{\"@type\":\"ImageObject\",\"inLanguage\":\"sv-SE\",\"@id\":\"https:\\\/\\\/vozolvapen.de\\\/#\\\/schema\\\/logo\\\/image\\\/\",\"url\":\"https:\\\/\\\/vozolvapen.de\\\/wp-content\\\/uploads\\\/2025\\\/12\\\/cropped-vozovapen-logo.webp\",\"contentUrl\":\"https:\\\/\\\/vozolvapen.de\\\/wp-content\\\/uploads\\\/2025\\\/12\\\/cropped-vozovapen-logo.webp\",\"width\":470,\"height\":110,\"caption\":\"vozolvapen\"},\"image\":{\"@id\":\"https:\\\/\\\/vozolvapen.de\\\/#\\\/schema\\\/logo\\\/image\\\/\"}}]}<\/script>\n<!-- \/ Yoast SEO Premium plugin. -->","yoast_head_json":{"title":"Vozol Rave 40000 Puffs Cool Mint - Crisp Vozol Vape Flavor Wholesale - vozolvapen","description":"Den renaste upplevelsen av Vozol Rave 40000: Cool Mint. Upp till vozol 40000 puffar av ren, isig friskhet. 20ML v\u00e4tska, 5% nikotin, med snabb 20-minuters laddning. Best\u00e4ll din Vozol 40000 nu!","robots":{"index":"index","follow":"follow","max-snippet":"max-snippet:-1","max-image-preview":"max-image-preview:large","max-video-preview":"max-video-preview:-1"},"canonical":"https:\/\/vozolvapen.de\/sv\/produkt\/vozol-rave-40000-cool-mint\/","og_locale":"sv_SE","og_type":"article","og_title":"VOZOL RAVE 40000 - Cool Mint","og_description":"The cleanest Vozol Rave 40000 experience: Cool Mint. Up to vozol 40000 puffs of pure, icy freshness. 20ML of liquid, 5% Nicotine, with fast 20-minute charging. Order your Vozol 40000 now!","og_url":"https:\/\/vozolvapen.de\/sv\/produkt\/vozol-rave-40000-cool-mint\/","og_site_name":"vozolvapen","article_modified_time":"2026-02-10T11:17:24+00:00","og_image":[{"width":1200,"height":1200,"url":"https:\/\/vozolvapen.de\/wp-content\/uploads\/2025\/12\/VOZOL-RAVE-40000-Cool-Mint-2.webp","type":"image\/webp"}],"twitter_card":"summary_large_image","twitter_misc":{"Ber\u00e4knad l\u00e4stid":"2 minuter"},"schema":{"@context":"https:\/\/schema.org","@graph":[{"@type":"WebPage","@id":"https:\/\/vozolvapen.de\/product\/vozol-rave-40000-cool-mint\/","url":"https:\/\/vozolvapen.de\/product\/vozol-rave-40000-cool-mint\/","name":"Vozol Rave 40000 Puffs Cool Mint - Crisp Vozol Vape Flavor Wholesale - vozolvapen","isPartOf":{"@id":"https:\/\/vozolvapen.de\/#website"},"primaryImageOfPage":{"@id":"https:\/\/vozolvapen.de\/product\/vozol-rave-40000-cool-mint\/#primaryimage"},"image":{"@id":"https:\/\/vozolvapen.de\/product\/vozol-rave-40000-cool-mint\/#primaryimage"},"thumbnailUrl":"https:\/\/vozolvapen.de\/wp-content\/uploads\/2025\/12\/VOZOL-RAVE-40000-Cool-Mint-2.webp","datePublished":"2025-12-03T10:20:27+00:00","dateModified":"2026-02-10T11:17:24+00:00","description":"Den renaste upplevelsen av Vozol Rave 40000: Cool Mint. Upp till vozol 40000 puffar av ren, isig friskhet. 20ML v\u00e4tska, 5% nikotin, med snabb 20-minuters laddning. Best\u00e4ll din Vozol 40000 nu!","breadcrumb":{"@id":"https:\/\/vozolvapen.de\/product\/vozol-rave-40000-cool-mint\/#breadcrumb"},"inLanguage":"sv-SE","potentialAction":[{"@type":"ReadAction","target":["https:\/\/vozolvapen.de\/product\/vozol-rave-40000-cool-mint\/"]}]},{"@type":"ImageObject","inLanguage":"sv-SE","@id":"https:\/\/vozolvapen.de\/product\/vozol-rave-40000-cool-mint\/#primaryimage","url":"https:\/\/vozolvapen.de\/wp-content\/uploads\/2025\/12\/VOZOL-RAVE-40000-Cool-Mint-2.webp","contentUrl":"https:\/\/vozolvapen.de\/wp-content\/uploads\/2025\/12\/VOZOL-RAVE-40000-Cool-Mint-2.webp","width":1200,"height":1200,"caption":"Vozol Rave 40000 Cool Mint 2 Disposable Vape Device"},{"@type":"BreadcrumbList","@id":"https:\/\/vozolvapen.de\/product\/vozol-rave-40000-cool-mint\/#breadcrumb","itemListElement":[{"@type":"ListItem","position":1,"name":"Home","item":"https:\/\/vozolvapen.de\/de\/"},{"@type":"ListItem","position":2,"name":"Shop","item":"https:\/\/vozolvapen.de\/shop\/"},{"@type":"ListItem","position":3,"name":"VOZOL RAVE 40000 &#8211; Cool Mint"}]},{"@type":"WebSite","@id":"https:\/\/vozolvapen.de\/#website","url":"https:\/\/vozolvapen.de\/","name":"vozolvapen","description":"vozolvapen","publisher":{"@id":"https:\/\/vozolvapen.de\/#organization"},"potentialAction":[{"@type":"SearchAction","target":{"@type":"EntryPoint","urlTemplate":"https:\/\/vozolvapen.de\/?s={search_term_string}"},"query-input":{"@type":"PropertyValueSpecification","valueRequired":true,"valueName":"search_term_string"}}],"inLanguage":"sv-SE"},{"@type":"Organization","@id":"https:\/\/vozolvapen.de\/#organization","name":"vozolvapen","url":"https:\/\/vozolvapen.de\/","logo":{"@type":"ImageObject","inLanguage":"sv-SE","@id":"https:\/\/vozolvapen.de\/#\/schema\/logo\/image\/","url":"https:\/\/vozolvapen.de\/wp-content\/uploads\/2025\/12\/cropped-vozovapen-logo.webp","contentUrl":"https:\/\/vozolvapen.de\/wp-content\/uploads\/2025\/12\/cropped-vozovapen-logo.webp","width":470,"height":110,"caption":"vozolvapen"},"image":{"@id":"https:\/\/vozolvapen.de\/#\/schema\/logo\/image\/"}}]}},"tiered_pricing_type":"fixed","tiered_pricing_fixed_rules":{"30":"14.04","50":"11.54","100":"11.04","200":"10.04"},"tiered_pricing_product_settings":{"layout":"default","base_unit_name":{"singular":null,"plural":null},"default_variation":{}},"tiered_pricing_minimum_quantity":10,"tiered_pricing_roles_data":[],"tiered_pricing_percentage_rules":[],"tiered_pricing_maximum_quantity":null,"tiered_pricing_quantity_step":"10","_links":{"self":[{"href":"https:\/\/vozolvapen.de\/sv\/wp-json\/wp\/v2\/product\/7299","targetHints":{"allow":["GET"]}}],"collection":[{"href":"https:\/\/vozolvapen.de\/sv\/wp-json\/wp\/v2\/product"}],"about":[{"href":"https:\/\/vozolvapen.de\/sv\/wp-json\/wp\/v2\/types\/product"}],"replies":[{"embeddable":true,"href":"https:\/\/vozolvapen.de\/sv\/wp-json\/wp\/v2\/comments?post=7299"}],"wp:featuredmedia":[{"embeddable":true,"href":"https:\/\/vozolvapen.de\/sv\/wp-json\/wp\/v2\/media\/7323"}],"wp:attachment":[{"href":"https:\/\/vozolvapen.de\/sv\/wp-json\/wp\/v2\/media?parent=7299"}],"wp:term":[{"taxonomy":"product_brand","embeddable":true,"href":"https:\/\/vozolvapen.de\/sv\/wp-json\/wp\/v2\/product_brand?post=7299"},{"taxonomy":"product_cat","embeddable":true,"href":"https:\/\/vozolvapen.de\/sv\/wp-json\/wp\/v2\/product_cat?post=7299"},{"taxonomy":"product_tag","embeddable":true,"href":"https:\/\/vozolvapen.de\/sv\/wp-json\/wp\/v2\/product_tag?post=7299"}],"curies":[{"name":"wp","href":"https:\/\/api.w.org\/{rel}","templated":true}]}}