{"id":7675,"date":"2025-12-06T05:58:02","date_gmt":"2025-12-06T05:58:02","guid":{"rendered":"https:\/\/vozolvapen.de\/?post_type=product&#038;p=7675"},"modified":"2026-02-10T11:20:47","modified_gmt":"2026-02-10T11:20:47","slug":"fumot-randm-digitalbox-12000-jordgubb-kiwi","status":"publish","type":"product","link":"https:\/\/vozolvapen.de\/sv\/product\/fumot-randm-digital-box-12000-strawberry-kiwi\/","title":{"rendered":"Fumot RandM Digital Box 12000 - Jordgubb kiwi"},"content":{"rendered":"<h1 data-path-to-node=\"151\"><b>Fumot Digital Box 12000 Puffs - Jordgubb kiwi<\/b><\/h1>\n<h2 data-path-to-node=\"152\"><b>Smakprofil<\/b><\/h2>\n<p data-path-to-node=\"152\"><b> S\u00f6t &amp; syrlig<\/b> <b>Jordgubb Kiwi<\/b> \u00e4r en tidl\u00f6s kombination. Jordgubbarnas mogna s\u00f6tma balanserar perfekt med kiwifruktens syrliga, skarpa toner. Det skapar en uppfriskande och harmonisk smakprofil f\u00f6r din <b>fumot puff<\/b>.<\/p>\n<h2 data-path-to-node=\"153\"><b>Varf\u00f6r k\u00f6pa Fumot Digital Box 12000?<\/b><\/h2>\n<ul>\n<li data-path-to-node=\"154,0,0\"><b><span class=\"citation-58\">Smart teknik:<\/span><\/b><span class=\"citation-58\"> Kontrollera din e-juice- och batteriniv\u00e5 direkt p\u00e5 <\/span><b><span class=\"citation-58\">fumot digitalbox 12000<\/span><\/b><span class=\"citation-58 citation-end-58\"> displaysk\u00e4rm.<\/span><\/li>\n<li data-path-to-node=\"154,1,0\"><b>L\u00e5ngvarig:<\/b><span class=\"citation-57\"> 20ML v\u00e4tskekapacitet garanterar upp till <\/span><b><span class=\"citation-57\">12000 puffar<\/span><\/b><span class=\"citation-57 citation-end-57\">.<\/span><\/li>\n<li data-path-to-node=\"154,2,0\"><b>Specifikationer:<\/b> 850mAh batteri, Typ-C laddning, 1.0\u03a9 Mesh Coil.<\/li>\n<li data-path-to-node=\"154,3,0\"><b>Leverans:<\/b> Snabb leverans fr\u00e5n europeiskt lager (1-3 dagar).<\/li>\n<\/ul>\n<h3>Smakguide: Vilken Fumot Digital Box 12000 \u00e4r r\u00e4tt f\u00f6r dig?<\/h3>\n<p><span data-path-to-node=\"4,20,2,0\"><b>Ljus och fr\u00e4sch.<\/b> Perfekt f\u00f6r dig som f\u00f6redrar en l\u00e4ttare vape. Kiwins syrlighet g\u00f6r att jordgubben inte k\u00e4nns f\u00f6r tung p\u00e5 tungan.<\/span><\/p>\n<h3>Specifikationer Sammanfattning<\/h3>\n<table data-path-to-node=\"32\">\n<thead>\n<tr>\n<td><strong>Specifikation<\/strong><\/td>\n<td><strong>Detalj<\/strong><\/td>\n<\/tr>\n<\/thead>\n<tbody>\n<tr>\n<td><span data-path-to-node=\"32,1,0,0\"><b>Modell<\/b><\/span><\/td>\n<td><span data-path-to-node=\"32,1,1,0\">Fumot RandM digitalbox 12000<\/span><\/td>\n<\/tr>\n<tr>\n<td><span data-path-to-node=\"32,2,0,0\"><b>Puffkapacitet<\/b><\/span><\/td>\n<td><span data-path-to-node=\"32,2,1,0\">Upp till 12000<\/span><\/td>\n<\/tr>\n<tr>\n<td><span data-path-to-node=\"32,3,0,0\"><b>Kapacitet f\u00f6r e-v\u00e4tska<\/b><\/span><\/td>\n<td><span data-path-to-node=\"32,3,1,0\">20ML<\/span><\/td>\n<\/tr>\n<tr>\n<td><span data-path-to-node=\"32,4,0,0\"><b>Alternativ f\u00f6r nikotin<\/b><\/span><\/td>\n<td><span data-path-to-node=\"32,4,1,0\">2% \/ 5% Nikotinsalt<\/span><\/td>\n<\/tr>\n<tr>\n<td><span data-path-to-node=\"32,5,0,0\"><b>Typ av spole<\/b><\/span><\/td>\n<td><span data-path-to-node=\"32,5,1,0\">1,0\u03a9 n\u00e4tspole<\/span><\/td>\n<\/tr>\n<tr>\n<td><span data-path-to-node=\"32,6,0,0\"><b>Batteri<\/b><\/span><\/td>\n<td><span data-path-to-node=\"32,6,1,0\">850mAh uppladdningsbar<\/span><\/td>\n<\/tr>\n<\/tbody>\n<\/table>\n<p>Best\u00e4ll din Strawberry kiwi Fumot Digital Box 12000 idag och upplev framtiden f\u00f6r Fumot puff.<\/p>\n<h3 dir=\"auto\">H\u00e4r \u00e4r ytterligare rekommendationer f\u00f6r dig:<\/h3>\n<p dir=\"auto\">Uppt\u00e4ck \u00e4nnu fler otroliga smaker med Fumot RandM Digital Box 12000 Puff Vape!<\/p>\n<p dir=\"auto\"><a href=\"https:\/\/vozolvapen.de\/sv\/produktkategori\/fumot-vape\/fumot-randm-digitalbox-12000\/\">Se alla sorter h\u00e4r \u2192.<\/a><\/p>\n<p dir=\"auto\">Utforska hela v\u00e5r kollektion och k\u00f6p de b\u00e4sta vape-varum\u00e4rkena som du kommer att \u00e4lska.<\/p>\n<p dir=\"auto\"><a href=\"https:\/\/vozolvapen.de\/sv\/produktkategori\/fumot-vape\/\">Titta p\u00e5 alla varum\u00e4rken nu \u2192.<\/a><\/p>\n<p dir=\"auto\">Kolla in hela Fumot Vape-serien - varje smak, varje stil!<\/p>\n<p dir=\"auto\"><a href=\"https:\/\/vozolvapen.de\/sv\/produktkategori\/fumot-vape\/\">Se hela kollektionen fr\u00e5n Fumot Vape \u2192.<\/a><\/p>","protected":false},"excerpt":{"rendered":"<p><span data-path-to-node=\"3,20,2,0\">Den tidl\u00f6sa kombinationen av s\u00f6ta jordgubbar och den ljusa, lite syrliga puffen fr\u00e5n f\u00e4rsk kiwi.<\/span><\/p>","protected":false},"featured_media":7682,"comment_status":"open","ping_status":"closed","template":"","meta":{"_acf_changed":false},"product_brand":[],"product_cat":[134,62],"product_tag":[],"class_list":{"0":"post-7675","1":"product","2":"type-product","3":"status-publish","4":"has-post-thumbnail","6":"product_cat-eu-warehouse-in-stock","7":"product_cat-fumot-randm-digital-box-12000","9":"first","10":"instock","11":"featured","12":"shipping-taxable","13":"purchasable","14":"product-type-variable"},"acf":[],"yoast_head":"<!-- This site is optimized with the Yoast SEO Premium plugin v26.1 (Yoast SEO v27.5) - https:\/\/yoast.com\/product\/yoast-seo-premium-wordpress\/ -->\n<title>Strawberry Kiwi - Fumot Digital Box 12000 | Classic Vape - vozolvapen<\/title>\n<meta name=\"description\" content=\"Buy Fumot Digital Box 12000 Strawberry Kiwi. Sweet strawberry and tangy kiwi. 12000 puffs, battery display, fast shipping.\" \/>\n<meta name=\"robots\" content=\"index, follow, max-snippet:-1, max-image-preview:large, max-video-preview:-1\" \/>\n<link rel=\"canonical\" href=\"https:\/\/vozolvapen.de\/sv\/produkt\/fumot-randm-digitalbox-12000-jordgubb-kiwi\/\" \/>\n<meta property=\"og:locale\" content=\"sv_SE\" \/>\n<meta property=\"og:type\" content=\"article\" \/>\n<meta property=\"og:title\" content=\"Fumot RandM Digital Box 12000 - Strawberry kiwi\" \/>\n<meta property=\"og:description\" content=\"Buy Fumot Digital Box 12000 Strawberry Kiwi. Sweet strawberry and tangy kiwi. 12000 puffs, battery display, fast shipping.\" \/>\n<meta property=\"og:url\" content=\"https:\/\/vozolvapen.de\/sv\/produkt\/fumot-randm-digitalbox-12000-jordgubb-kiwi\/\" \/>\n<meta property=\"og:site_name\" content=\"vozolvapen\" \/>\n<meta property=\"article:modified_time\" content=\"2026-02-10T11:20:47+00:00\" \/>\n<meta property=\"og:image\" content=\"https:\/\/vozolvapen.de\/wp-content\/uploads\/2025\/12\/Fumot-RandM-Digital-Box-Watermelon-Ice-2.webp\" \/>\n\t<meta property=\"og:image:width\" content=\"1200\" \/>\n\t<meta property=\"og:image:height\" content=\"1200\" \/>\n\t<meta property=\"og:image:type\" content=\"image\/webp\" \/>\n<meta name=\"twitter:card\" content=\"summary_large_image\" \/>\n<meta name=\"twitter:label1\" content=\"Ber\u00e4knad l\u00e4stid\" \/>\n\t<meta name=\"twitter:data1\" content=\"2 minuter\" \/>\n<script type=\"application\/ld+json\" class=\"yoast-schema-graph\">{\"@context\":\"https:\\\/\\\/schema.org\",\"@graph\":[{\"@type\":\"WebPage\",\"@id\":\"https:\\\/\\\/vozolvapen.de\\\/product\\\/fumot-randm-digital-box-12000-strawberry-kiwi\\\/\",\"url\":\"https:\\\/\\\/vozolvapen.de\\\/product\\\/fumot-randm-digital-box-12000-strawberry-kiwi\\\/\",\"name\":\"Strawberry Kiwi - Fumot Digital Box 12000 | Classic Vape - vozolvapen\",\"isPartOf\":{\"@id\":\"https:\\\/\\\/vozolvapen.de\\\/#website\"},\"primaryImageOfPage\":{\"@id\":\"https:\\\/\\\/vozolvapen.de\\\/product\\\/fumot-randm-digital-box-12000-strawberry-kiwi\\\/#primaryimage\"},\"image\":{\"@id\":\"https:\\\/\\\/vozolvapen.de\\\/product\\\/fumot-randm-digital-box-12000-strawberry-kiwi\\\/#primaryimage\"},\"thumbnailUrl\":\"https:\\\/\\\/vozolvapen.de\\\/wp-content\\\/uploads\\\/2025\\\/12\\\/Fumot-RandM-Digital-Box-Watermelon-Ice-2.webp\",\"datePublished\":\"2025-12-06T05:58:02+00:00\",\"dateModified\":\"2026-02-10T11:20:47+00:00\",\"description\":\"Buy Fumot Digital Box 12000 Strawberry Kiwi. Sweet strawberry and tangy kiwi. 12000 puffs, battery display, fast shipping.\",\"breadcrumb\":{\"@id\":\"https:\\\/\\\/vozolvapen.de\\\/product\\\/fumot-randm-digital-box-12000-strawberry-kiwi\\\/#breadcrumb\"},\"inLanguage\":\"sv-SE\",\"potentialAction\":[{\"@type\":\"ReadAction\",\"target\":[\"https:\\\/\\\/vozolvapen.de\\\/product\\\/fumot-randm-digital-box-12000-strawberry-kiwi\\\/\"]}]},{\"@type\":\"ImageObject\",\"inLanguage\":\"sv-SE\",\"@id\":\"https:\\\/\\\/vozolvapen.de\\\/product\\\/fumot-randm-digital-box-12000-strawberry-kiwi\\\/#primaryimage\",\"url\":\"https:\\\/\\\/vozolvapen.de\\\/wp-content\\\/uploads\\\/2025\\\/12\\\/Fumot-RandM-Digital-Box-Watermelon-Ice-2.webp\",\"contentUrl\":\"https:\\\/\\\/vozolvapen.de\\\/wp-content\\\/uploads\\\/2025\\\/12\\\/Fumot-RandM-Digital-Box-Watermelon-Ice-2.webp\",\"width\":1200,\"height\":1200,\"caption\":\"Fumot Randm Digital Box Watermelon Ice 2 Disposable Vape Device\"},{\"@type\":\"BreadcrumbList\",\"@id\":\"https:\\\/\\\/vozolvapen.de\\\/product\\\/fumot-randm-digital-box-12000-strawberry-kiwi\\\/#breadcrumb\",\"itemListElement\":[{\"@type\":\"ListItem\",\"position\":1,\"name\":\"Home\",\"item\":\"https:\\\/\\\/vozolvapen.de\\\/de\\\/\"},{\"@type\":\"ListItem\",\"position\":2,\"name\":\"Shop\",\"item\":\"https:\\\/\\\/vozolvapen.de\\\/shop\\\/\"},{\"@type\":\"ListItem\",\"position\":3,\"name\":\"Fumot RandM Digital Box 12000 &#8211; Strawberry kiwi\"}]},{\"@type\":\"WebSite\",\"@id\":\"https:\\\/\\\/vozolvapen.de\\\/#website\",\"url\":\"https:\\\/\\\/vozolvapen.de\\\/\",\"name\":\"vozolvapen\",\"description\":\"vozolvapen\",\"publisher\":{\"@id\":\"https:\\\/\\\/vozolvapen.de\\\/#organization\"},\"potentialAction\":[{\"@type\":\"SearchAction\",\"target\":{\"@type\":\"EntryPoint\",\"urlTemplate\":\"https:\\\/\\\/vozolvapen.de\\\/?s={search_term_string}\"},\"query-input\":{\"@type\":\"PropertyValueSpecification\",\"valueRequired\":true,\"valueName\":\"search_term_string\"}}],\"inLanguage\":\"sv-SE\"},{\"@type\":\"Organization\",\"@id\":\"https:\\\/\\\/vozolvapen.de\\\/#organization\",\"name\":\"vozolvapen\",\"url\":\"https:\\\/\\\/vozolvapen.de\\\/\",\"logo\":{\"@type\":\"ImageObject\",\"inLanguage\":\"sv-SE\",\"@id\":\"https:\\\/\\\/vozolvapen.de\\\/#\\\/schema\\\/logo\\\/image\\\/\",\"url\":\"https:\\\/\\\/vozolvapen.de\\\/wp-content\\\/uploads\\\/2025\\\/12\\\/cropped-vozovapen-logo.webp\",\"contentUrl\":\"https:\\\/\\\/vozolvapen.de\\\/wp-content\\\/uploads\\\/2025\\\/12\\\/cropped-vozovapen-logo.webp\",\"width\":470,\"height\":110,\"caption\":\"vozolvapen\"},\"image\":{\"@id\":\"https:\\\/\\\/vozolvapen.de\\\/#\\\/schema\\\/logo\\\/image\\\/\"}}]}<\/script>\n<!-- \/ Yoast SEO Premium plugin. -->","yoast_head_json":{"title":"Jordgubb Kiwi - Fumot Digital Box 12000 | Classic Vape - vozolvapen","description":"K\u00f6p Fumot Digital Box 12000 Strawberry Kiwi. S\u00f6t jordgubbe och syrlig kiwi. 12000 puffar, batteridisplay, snabb leverans.","robots":{"index":"index","follow":"follow","max-snippet":"max-snippet:-1","max-image-preview":"max-image-preview:large","max-video-preview":"max-video-preview:-1"},"canonical":"https:\/\/vozolvapen.de\/sv\/produkt\/fumot-randm-digitalbox-12000-jordgubb-kiwi\/","og_locale":"sv_SE","og_type":"article","og_title":"Fumot RandM Digital Box 12000 - Strawberry kiwi","og_description":"Buy Fumot Digital Box 12000 Strawberry Kiwi. Sweet strawberry and tangy kiwi. 12000 puffs, battery display, fast shipping.","og_url":"https:\/\/vozolvapen.de\/sv\/produkt\/fumot-randm-digitalbox-12000-jordgubb-kiwi\/","og_site_name":"vozolvapen","article_modified_time":"2026-02-10T11:20:47+00:00","og_image":[{"width":1200,"height":1200,"url":"https:\/\/vozolvapen.de\/wp-content\/uploads\/2025\/12\/Fumot-RandM-Digital-Box-Watermelon-Ice-2.webp","type":"image\/webp"}],"twitter_card":"summary_large_image","twitter_misc":{"Ber\u00e4knad l\u00e4stid":"2 minuter"},"schema":{"@context":"https:\/\/schema.org","@graph":[{"@type":"WebPage","@id":"https:\/\/vozolvapen.de\/product\/fumot-randm-digital-box-12000-strawberry-kiwi\/","url":"https:\/\/vozolvapen.de\/product\/fumot-randm-digital-box-12000-strawberry-kiwi\/","name":"Jordgubb Kiwi - Fumot Digital Box 12000 | Classic Vape - vozolvapen","isPartOf":{"@id":"https:\/\/vozolvapen.de\/#website"},"primaryImageOfPage":{"@id":"https:\/\/vozolvapen.de\/product\/fumot-randm-digital-box-12000-strawberry-kiwi\/#primaryimage"},"image":{"@id":"https:\/\/vozolvapen.de\/product\/fumot-randm-digital-box-12000-strawberry-kiwi\/#primaryimage"},"thumbnailUrl":"https:\/\/vozolvapen.de\/wp-content\/uploads\/2025\/12\/Fumot-RandM-Digital-Box-Watermelon-Ice-2.webp","datePublished":"2025-12-06T05:58:02+00:00","dateModified":"2026-02-10T11:20:47+00:00","description":"K\u00f6p Fumot Digital Box 12000 Strawberry Kiwi. S\u00f6t jordgubbe och syrlig kiwi. 12000 puffar, batteridisplay, snabb leverans.","breadcrumb":{"@id":"https:\/\/vozolvapen.de\/product\/fumot-randm-digital-box-12000-strawberry-kiwi\/#breadcrumb"},"inLanguage":"sv-SE","potentialAction":[{"@type":"ReadAction","target":["https:\/\/vozolvapen.de\/product\/fumot-randm-digital-box-12000-strawberry-kiwi\/"]}]},{"@type":"ImageObject","inLanguage":"sv-SE","@id":"https:\/\/vozolvapen.de\/product\/fumot-randm-digital-box-12000-strawberry-kiwi\/#primaryimage","url":"https:\/\/vozolvapen.de\/wp-content\/uploads\/2025\/12\/Fumot-RandM-Digital-Box-Watermelon-Ice-2.webp","contentUrl":"https:\/\/vozolvapen.de\/wp-content\/uploads\/2025\/12\/Fumot-RandM-Digital-Box-Watermelon-Ice-2.webp","width":1200,"height":1200,"caption":"Fumot Randm Digital Box Watermelon Ice 2 Disposable Vape Device"},{"@type":"BreadcrumbList","@id":"https:\/\/vozolvapen.de\/product\/fumot-randm-digital-box-12000-strawberry-kiwi\/#breadcrumb","itemListElement":[{"@type":"ListItem","position":1,"name":"Home","item":"https:\/\/vozolvapen.de\/de\/"},{"@type":"ListItem","position":2,"name":"Shop","item":"https:\/\/vozolvapen.de\/shop\/"},{"@type":"ListItem","position":3,"name":"Fumot RandM Digital Box 12000 &#8211; Strawberry kiwi"}]},{"@type":"WebSite","@id":"https:\/\/vozolvapen.de\/#website","url":"https:\/\/vozolvapen.de\/","name":"vozolvapen","description":"vozolvapen","publisher":{"@id":"https:\/\/vozolvapen.de\/#organization"},"potentialAction":[{"@type":"SearchAction","target":{"@type":"EntryPoint","urlTemplate":"https:\/\/vozolvapen.de\/?s={search_term_string}"},"query-input":{"@type":"PropertyValueSpecification","valueRequired":true,"valueName":"search_term_string"}}],"inLanguage":"sv-SE"},{"@type":"Organization","@id":"https:\/\/vozolvapen.de\/#organization","name":"vozolvapen","url":"https:\/\/vozolvapen.de\/","logo":{"@type":"ImageObject","inLanguage":"sv-SE","@id":"https:\/\/vozolvapen.de\/#\/schema\/logo\/image\/","url":"https:\/\/vozolvapen.de\/wp-content\/uploads\/2025\/12\/cropped-vozovapen-logo.webp","contentUrl":"https:\/\/vozolvapen.de\/wp-content\/uploads\/2025\/12\/cropped-vozovapen-logo.webp","width":470,"height":110,"caption":"vozolvapen"},"image":{"@id":"https:\/\/vozolvapen.de\/#\/schema\/logo\/image\/"}}]}},"tiered_pricing_type":"fixed","tiered_pricing_fixed_rules":{"30":"12.4","50":"9.4","100":"8.4","200":"7.9"},"tiered_pricing_product_settings":{"layout":"default","base_unit_name":{"singular":null,"plural":null},"default_variation":{}},"tiered_pricing_minimum_quantity":10,"tiered_pricing_roles_data":[],"tiered_pricing_percentage_rules":[],"tiered_pricing_maximum_quantity":null,"tiered_pricing_quantity_step":"10","_links":{"self":[{"href":"https:\/\/vozolvapen.de\/sv\/wp-json\/wp\/v2\/product\/7675","targetHints":{"allow":["GET"]}}],"collection":[{"href":"https:\/\/vozolvapen.de\/sv\/wp-json\/wp\/v2\/product"}],"about":[{"href":"https:\/\/vozolvapen.de\/sv\/wp-json\/wp\/v2\/types\/product"}],"replies":[{"embeddable":true,"href":"https:\/\/vozolvapen.de\/sv\/wp-json\/wp\/v2\/comments?post=7675"}],"wp:featuredmedia":[{"embeddable":true,"href":"https:\/\/vozolvapen.de\/sv\/wp-json\/wp\/v2\/media\/7682"}],"wp:attachment":[{"href":"https:\/\/vozolvapen.de\/sv\/wp-json\/wp\/v2\/media?parent=7675"}],"wp:term":[{"taxonomy":"product_brand","embeddable":true,"href":"https:\/\/vozolvapen.de\/sv\/wp-json\/wp\/v2\/product_brand?post=7675"},{"taxonomy":"product_cat","embeddable":true,"href":"https:\/\/vozolvapen.de\/sv\/wp-json\/wp\/v2\/product_cat?post=7675"},{"taxonomy":"product_tag","embeddable":true,"href":"https:\/\/vozolvapen.de\/sv\/wp-json\/wp\/v2\/product_tag?post=7675"}],"curies":[{"name":"wp","href":"https:\/\/api.w.org\/{rel}","templated":true}]}}